{"id":18,"date":"2015-01-29T09:05:00","date_gmt":"2015-01-29T09:05:00","guid":{"rendered":"http:\/\/www.abbevillelariviere.fr\/?page_id=18"},"modified":"2024-11-12T16:11:37","modified_gmt":"2024-11-12T15:11:37","slug":"presentation-du-village","status":"publish","type":"page","link":"http:\/\/www.abbevillelariviere.fr\/?page_id=18","title":{"rendered":"Pr\u00e9sentation du village"},"content":{"rendered":"<div id=\"wc-shortcodes-tab-1\" class=\"wc-shortcodes-tabs wc-shortcodes-item wc-shortcodes-tabs-layout-box\">\n<ul class=\"wcs-tabs-nav wc-shortcodes-clearfix\">\n<li><a href=\"#\" data-index=\"0\" data-id=\"#wc-shortcodes-tab-description\">Description<\/a><\/li>\n<li><a href=\"#\" data-index=\"1\" data-id=\"#wc-shortcodes-tab-photos\">Photos<\/a><\/li>\n<\/ul>\n<div class=\"tab-content-wrapper tab-content-hide\">\n<div id=\"wc-shortcodes-tab-description\" class=\"tab-content wc-shortcodes-content\">\n<p><span style=\"color: #333333;\">Abb\u00e9ville-la-Rivi\u00e8re est une petite commune situ\u00e9e dans le d\u00e9partement de l\u2019 Essonne et de la r\u00e9gion \u00cele-de-France.<\/span><\/p>\n<p>La commune est constitu\u00e9e par le village, les hameaux de Boischambault et Fontenette et les \u00e9carts comprenant les fermes de l&#8217;Orme, Beauvoir, Cottainville, l&#8217;Hopital et de Quincampoix.<\/p>\n<p><span style=\"color: #333333;\">Les habitants et habitantes de la commune sont appel\u00e9s les Abbevillois et les Abbevilloises. Les 302 habitants du village vivent sur une superficie totale de 15 km2 avec une densit\u00e9 de 19 habitants par km2 et une moyenne d\u2019altitude de 80 m.<\/span><\/p>\n<p>Le fond de la valle\u0301e de l&#8217;E\u0301climont est identifie\u0301 comme une zone humide potentielle par le SAGE (Sche\u0301ma d&#8217;Ame\u0301nagement et de Gestion des Eaux) de la nappe de Beauce et de ses milieux aquatiques associe\u0301s. Les enveloppes d&#8217;alerte Zones Humides d&#8217;Ile-de-France classent plusieurs secteurs de ce fond de vallon en diffe\u0301rents niveaux de probabilite\u0301 de pre\u0301sence de zones humides.<\/p>\n<p>La valle\u0301e de l&#8217;E\u0301climont est associe\u0301e a\u0300 la haute valle\u0301e de la Juine dont l&#8217;inte\u0301re\u0302t e\u0301cologique est souligne\u0301 par la pre\u0301sence de nombreux sites d\u2019inventaire ou de protection du patrimoine naturel des milieux humides. A\u0300 l\u2019e\u0301chelle des deux communes c\u2019est ainsi 1 site Natura 2000 et 6 ZNIEFF (Zones d\u2019Inte\u0301re\u0302t E\u0301cologique Faunistique et Floristique) qui sont recense\u0301s.<\/p>\n<p>Face a\u0300 ces enjeux environnementaux, les communes d\u2019Arrancourt et d\u2019Abbeville-la- rivie\u0300re souhaitent disposer d\u2019un diagnostic e\u0301cologique et d\u2019orientations de gestion pour l\u2019ensemble des zones humides situe\u0301es sur leur territoire.<\/p>\n<p>Dans ce cadre, l&#8217;Institut d&#8217;E\u0301cologie Applique\u0301e (IEA) a e\u0301te\u0301 missionne\u0301 pour re\u0301aliser cette e\u0301tude.<\/p>\n<ul>\n<li><a href=\"http:\/\/www.abbevillelariviere.fr\/wp-content\/uploads\/2023\/03\/RapportArrancourtAbbe\u0301ville_Phase1_v2.pdf\">RapportArrancourtAbbe\u0301ville_Phase1_v2<\/a><\/li>\n<li><a href=\"http:\/\/www.abbevillelariviere.fr\/wp-content\/uploads\/2023\/03\/RapportArrancourtAbbe\u0301ville_Phase2_v2.pdf\">RapportArrancourtAbbe\u0301ville_Phase2_v2<\/a><\/li>\n<\/ul>\n<p><span style=\"color: #333333;\">Entre 1999 \u00e0 2024, la population est pass\u00e9e de 261 \u00e0 340 habitants.<\/span><\/p>\n<p><span style=\"color: #333333;\">Les villages voisins sont Arrancourt, Fontaine-la-Rivi\u00e8re, Saint-Cyr-la-Rivi\u00e8re, Boissy-la-Rivi\u00e8re, Marolles-en-Beauce.<\/span><\/p>\n<p><span style=\"color: #333333;\">La grande ville la plus proche de Abb\u00e9ville-la-Rivi\u00e8re est \u00c9tampes et se trouve \u00e0 9,54 kilom\u00e8tres \u00e0 l\u2019 est \u00e0 vol d\u2019oiseau.<\/span><\/p>\n<p><span style=\"color: #333333;\">La gare RER la plus proche d&#8217;Abb\u00e9ville-la-Rivi\u00e8re se trouve \u00e0 Etampes. On trouve \u00e9galement des gares TER \u00e0\u00a0 Guillerval (8.62 kilom\u00e8tres), Monnerville (10.07 kilom\u00e8tres), Angerville (12.81 kilom\u00e8tres).<\/span><\/p>\n<p><span style=\"color: #333333;\">Le maire actuel du village de Abb\u00e9ville-la-Rivi\u00e8re est M. Eric MEYER.<\/span><\/p>\n<p><span style=\"color: #333333;\">Pour effectuer l\u2019ensemble de vos d\u00e9marches administratives (naissance, mariage, d\u00e9c\u00e8s), vous pouvez contacter par t\u00e9l\u00e9phone ou par email l\u2019\u00e9quipe municipale \u00e0 l\u2019aide des coordonn\u00e9es indiqu\u00e9es dans la colonne de droite.<\/span><\/p>\n<p><span style=\"color: #333333;\">Vous pouvez \u00e9galement vous rendre directement \u00e0 la Mairie, Place de la Mairie, 91150 Abb\u00e9ville-la-Rivi\u00e8re.<\/span><\/p>\n<div class=\"wc-shortcodes-row wc-shortcodes-item wc-shortcodes-clearfix\">\n<div class=\"wc-shortcodes-column wc-shortcodes-content wc-shortcodes-one-half wc-shortcodes-column-first \">\n<div class=\"wc-shortcodes-box wc-shortcodes-item wc-shortcodes-content wc-shortcodes-clearfix wc-shortcodes-box-primary \" style=\"text-align:center;\">\n<p>Code INSEE: 91001<\/p>\n<p>Code postal: 91150<\/p>\n<p>Population: 310 habitants<\/p>\n<p>Superficie: 15 km\u00b2<\/p>\n<p>Densit\u00e9: 19 hab\/km\u00b2<\/p>\n<p>Altitude: 80 m<\/p>\n<p>Longitude: 2.168333 E<\/p>\n<p>Latitude: 48.346668 N<\/p>\n<p>Espace urbain construit : 1,2 %<\/p>\n<p>Espace urbain non construit\u00a0 : 1,1 %<\/p>\n<p>Espace Rural : 97,7 %<\/p>\n<\/div>\n<\/div>\n<div class=\"wc-shortcodes-column wc-shortcodes-content wc-shortcodes-one-half wc-shortcodes-column-last \">\n<div class=\"wc-shortcodes-googlemap-api-key-needed\"><p>Google requires an <a href=\"https:\/\/developers.google.com\/maps\/documentation\/javascript\/get-api-key\" target=\"_blank\">API key<\/a> to embed Google Maps. Enter your key in your <a href=\"http:\/\/www.abbevillelariviere.fr\/wp-admin\/themes.php?page=wc-shortcodes&wpcsf_active_tab=wc-shortcodes-options-google-maps-options-tab\" target=\"_blank\">Shortcodes option<\/a> page under the \"Maps\" tab.<\/p><\/div>\n<\/div>\n<\/div>\n<\/div>\n<\/div>\n<div class=\"tab-content-wrapper tab-content-hide\">\n<div id=\"wc-shortcodes-tab-photos\" class=\"tab-content wc-shortcodes-content\">\n<p>Ces photos ont \u00e9t\u00e9 prises par\u00a0 M. De Pooter, http:\/\/a1000pieds.free.fr, tous droits r\u00e9serv\u00e9s.<\/p>\n<p><img loading=\"lazy\" decoding=\"async\" class=\"alignnone size-full wp-image-717\" src=\"http:\/\/www.abbevillelariviere.fr\/wp-content\/uploads\/2015\/01\/AbbevilleLaRiviere2006-06-18-01.jpg\" alt=\"AbbevilleLaRiviere2006-06-18-01\" width=\"800\" height=\"600\" srcset=\"http:\/\/www.abbevillelariviere.fr\/wp-content\/uploads\/2015\/01\/AbbevilleLaRiviere2006-06-18-01.jpg 800w, http:\/\/www.abbevillelariviere.fr\/wp-content\/uploads\/2015\/01\/AbbevilleLaRiviere2006-06-18-01-300x225.jpg 300w, http:\/\/www.abbevillelariviere.fr\/wp-content\/uploads\/2015\/01\/AbbevilleLaRiviere2006-06-18-01-600x450.jpg 600w\" sizes=\"(max-width: 800px) 100vw, 800px\" \/><\/p>\n<p><img loading=\"lazy\" decoding=\"async\" class=\"alignnone size-full wp-image-715\" src=\"http:\/\/www.abbevillelariviere.fr\/wp-content\/uploads\/2015\/01\/AbbevilleLaRiviere-BoisChampBeau2006-06-18-01.jpg\" alt=\"AbbevilleLaRiviere-BoisChampBeau2006-06-18-01\" width=\"800\" height=\"600\" srcset=\"http:\/\/www.abbevillelariviere.fr\/wp-content\/uploads\/2015\/01\/AbbevilleLaRiviere-BoisChampBeau2006-06-18-01.jpg 800w, http:\/\/www.abbevillelariviere.fr\/wp-content\/uploads\/2015\/01\/AbbevilleLaRiviere-BoisChampBeau2006-06-18-01-300x225.jpg 300w, http:\/\/www.abbevillelariviere.fr\/wp-content\/uploads\/2015\/01\/AbbevilleLaRiviere-BoisChampBeau2006-06-18-01-600x450.jpg 600w\" sizes=\"(max-width: 800px) 100vw, 800px\" \/><\/p>\n<p><img loading=\"lazy\" decoding=\"async\" class=\"alignnone size-full wp-image-713\" src=\"http:\/\/www.abbevillelariviere.fr\/wp-content\/uploads\/2015\/01\/AbbevilleLaRiviere-Fontenette2006-06-07-01.jpg\" alt=\"AbbevilleLaRiviere-Fontenette2006-06-07-01\" width=\"800\" height=\"600\" srcset=\"http:\/\/www.abbevillelariviere.fr\/wp-content\/uploads\/2015\/01\/AbbevilleLaRiviere-Fontenette2006-06-07-01.jpg 800w, http:\/\/www.abbevillelariviere.fr\/wp-content\/uploads\/2015\/01\/AbbevilleLaRiviere-Fontenette2006-06-07-01-300x225.jpg 300w, http:\/\/www.abbevillelariviere.fr\/wp-content\/uploads\/2015\/01\/AbbevilleLaRiviere-Fontenette2006-06-07-01-600x450.jpg 600w\" sizes=\"(max-width: 800px) 100vw, 800px\" \/><\/p>\n<\/div>\n<\/div>\n<\/div>\n","protected":false},"excerpt":{"rendered":"<p>Description Photos Abb\u00e9ville-la-Rivi\u00e8re est une petite commune situ\u00e9e dans le d\u00e9partement de l\u2019 Essonne et de la r\u00e9gion \u00cele-de-France. La commune est constitu\u00e9e par le village, les hameaux de Boischambault [&hellip;]<\/p>\n","protected":false},"author":2,"featured_media":0,"parent":12,"menu_order":0,"comment_status":"closed","ping_status":"closed","template":"","meta":{"site-sidebar-layout":"default","site-content-layout":"","ast-site-content-layout":"","site-content-style":"default","site-sidebar-style":"default","ast-global-header-display":"","ast-banner-title-visibility":"","ast-main-header-display":"","ast-hfb-above-header-display":"","ast-hfb-below-header-display":"","ast-hfb-mobile-header-display":"","site-post-title":"","ast-breadcrumbs-content":"","ast-featured-img":"","footer-sml-layout":"","theme-transparent-header-meta":"","adv-header-id-meta":"","stick-header-meta":"","header-above-stick-meta":"","header-main-stick-meta":"","header-below-stick-meta":"","astra-migrate-meta-layouts":"default","ast-page-background-enabled":"default","ast-page-background-meta":{"desktop":{"background-color":"var(--ast-global-color-4)","background-image":"","background-repeat":"repeat","background-position":"center center","background-size":"auto","background-attachment":"scroll","background-type":"","background-media":"","overlay-type":"","overlay-color":"","overlay-opacity":"","overlay-gradient":""},"tablet":{"background-color":"","background-image":"","background-repeat":"repeat","background-position":"center center","background-size":"auto","background-attachment":"scroll","background-type":"","background-media":"","overlay-type":"","overlay-color":"","overlay-opacity":"","overlay-gradient":""},"mobile":{"background-color":"","background-image":"","background-repeat":"repeat","background-position":"center center","background-size":"auto","background-attachment":"scroll","background-type":"","background-media":"","overlay-type":"","overlay-color":"","overlay-opacity":"","overlay-gradient":""}},"ast-content-background-meta":{"desktop":{"background-color":"var(--ast-global-color-5)","background-image":"","background-repeat":"repeat","background-position":"center center","background-size":"auto","background-attachment":"scroll","background-type":"","background-media":"","overlay-type":"","overlay-color":"","overlay-opacity":"","overlay-gradient":""},"tablet":{"background-color":"var(--ast-global-color-5)","background-image":"","background-repeat":"repeat","background-position":"center center","background-size":"auto","background-attachment":"scroll","background-type":"","background-media":"","overlay-type":"","overlay-color":"","overlay-opacity":"","overlay-gradient":""},"mobile":{"background-color":"var(--ast-global-color-5)","background-image":"","background-repeat":"repeat","background-position":"center center","background-size":"auto","background-attachment":"scroll","background-type":"","background-media":"","overlay-type":"","overlay-color":"","overlay-opacity":"","overlay-gradient":""}},"_EventAllDay":false,"_EventTimezone":"","_EventStartDate":"","_EventEndDate":"","_EventStartDateUTC":"","_EventEndDateUTC":"","_EventShowMap":false,"_EventShowMapLink":false,"_EventURL":"","_EventCost":"","_EventCostDescription":"","_EventCurrencySymbol":"","_EventCurrencyCode":"","_EventCurrencyPosition":"","_EventDateTimeSeparator":"","_EventTimeRangeSeparator":"","_EventOrganizerID":[],"_EventVenueID":[],"_OrganizerEmail":"","_OrganizerPhone":"","_OrganizerWebsite":"","_VenueAddress":"","_VenueCity":"","_VenueCountry":"","_VenueProvince":"","_VenueState":"","_VenueZip":"","_VenuePhone":"","_VenueURL":"","_VenueStateProvince":"","_VenueLat":"","_VenueLng":"","_VenueShowMap":false,"_VenueShowMapLink":false,"footnotes":""},"class_list":["post-18","page","type-page","status-publish","hentry"],"_links":{"self":[{"href":"http:\/\/www.abbevillelariviere.fr\/index.php?rest_route=\/wp\/v2\/pages\/18"}],"collection":[{"href":"http:\/\/www.abbevillelariviere.fr\/index.php?rest_route=\/wp\/v2\/pages"}],"about":[{"href":"http:\/\/www.abbevillelariviere.fr\/index.php?rest_route=\/wp\/v2\/types\/page"}],"author":[{"embeddable":true,"href":"http:\/\/www.abbevillelariviere.fr\/index.php?rest_route=\/wp\/v2\/users\/2"}],"replies":[{"embeddable":true,"href":"http:\/\/www.abbevillelariviere.fr\/index.php?rest_route=%2Fwp%2Fv2%2Fcomments&post=18"}],"version-history":[{"count":40,"href":"http:\/\/www.abbevillelariviere.fr\/index.php?rest_route=\/wp\/v2\/pages\/18\/revisions"}],"predecessor-version":[{"id":2744,"href":"http:\/\/www.abbevillelariviere.fr\/index.php?rest_route=\/wp\/v2\/pages\/18\/revisions\/2744"}],"up":[{"embeddable":true,"href":"http:\/\/www.abbevillelariviere.fr\/index.php?rest_route=\/wp\/v2\/pages\/12"}],"wp:attachment":[{"href":"http:\/\/www.abbevillelariviere.fr\/index.php?rest_route=%2Fwp%2Fv2%2Fmedia&parent=18"}],"curies":[{"name":"wp","href":"https:\/\/api.w.org\/{rel}","templated":true}]}}