{"id":2734,"date":"2024-11-12T15:06:40","date_gmt":"2024-11-12T14:06:40","guid":{"rendered":"https:\/\/www.abbevillelariviere.fr\/?page_id=2734"},"modified":"2024-11-13T21:05:09","modified_gmt":"2024-11-13T20:05:09","slug":"urbanisme","status":"publish","type":"page","link":"http:\/\/www.abbevillelariviere.fr\/?page_id=2734","title":{"rendered":"URBANISME"},"content":{"rendered":"\n<h2 class=\"wp-block-heading has-ast-global-color-1-color has-text-color has-link-color wp-elements-fe05cf3d61dad21e172dbd3dd3f66e74\" style=\"font-size:29px\">Vos d\u00e9marches d\u2019urbanisme <strong>en ligne<\/strong> : Avec la plateforme IDE\u2019AU, l\u2019agglo et votre commune vous simplifient la vie !<\/h2>\n\n\n\n<p>En 2023, la commune a d\u00e9mat\u00e9rialis\u00e9 son urbanisme.<\/p>\n\n\n\n<p>Permis de construire, de d\u00e9molir, d\u2019am\u00e9nager, d\u00e9claration de travaux,\u2026 depuis le mois de janvier 2023, gr\u00e2ce \u00e0 l\u2019adh\u00e9sion de votre commune au service commun de la communaut\u00e9 d\u2019agglom\u00e9ration, r\u00e9alisez d\u00e9sormais vos d\u00e9marches d\u2019urbanisme en ligne rapidement, gratuitement et en toute simplicit\u00e9 !<\/p>\n\n\n\n<p class=\"has-text-color has-link-color has-medium-font-size wp-elements-2072285fd583951ef405ab7f4bb59bc8\" style=\"color:#c4360a\"><strong>Et vous pouvez directement saisir et suivre vos demandes d&#8217;urbanisme \u00e0 l&#8217;adresse suivante :<\/strong><\/p>\n\n\n\n<div class=\"wp-block-buttons is-content-justification-center is-layout-flex wp-container-core-buttons-is-layout-1 wp-block-buttons-is-layout-flex\">\n<div class=\"wp-block-button\"><a class=\"wp-block-button__link wp-element-button\" href=\"https:\/\/ideau.atreal.fr\/\">Clicker sur le bouton : https:\/\/ideau.atreal.fr\/<\/a><\/div>\n<\/div>\n\n\n\n<h2 class=\"wp-block-heading has-ast-global-color-1-color has-text-color has-link-color wp-elements-1892b715cbe8b7a6034cacd37bb11df1\">Vous trouvez donc maintenant en ligne : <\/h2>\n\n\n\n<ul class=\"wp-block-list\">\n<li><strong>Le Rapport de la carte communale<\/strong> : <a href=\"https:\/\/www.abbevillelariviere.fr\/wp-content\/uploads\/2018\/08\/Rapport-de-presentation-BD.pdf\">https:\/\/www.abbevillelariviere.fr\/wp-content\/uploads\/2018\/08\/Rapport-de-presentation-BD.pdf<\/a><\/li>\n\n\n\n<li><strong>La carte communale<\/strong> publi\u00e9e sur le portail &#8220;G\u00e9oportail de l&#8217;urbanisme&#8221; :<a href=\"https:\/\/www.geoportail-urbanisme.gouv.fr\/map\/#tile=1&amp;lon=2.1848560933192993&amp;lat=48.34809881469559&amp;zoom=14.819999999999993&amp;mlon=2.188304&amp;mlat=48.341037\"> abb\u00e9ville la rivi\u00e8re<\/a><\/li>\n<\/ul>\n\n\n\n<p>Vous pouvez consulter \u00e9galement<strong> le diagnostic \u00e9cologique<\/strong> et d\u2019orientations de gestion pour l\u2019ensemble des zones humides situ\u00e9es sur notre territoire.Dans ce cadre, l&#8217;Institut d&#8217;\u00c9cologie Appliqu\u00e9e (IEA) a \u00e9t\u00e9 missionn\u00e9 pour r\u00e9aliser cette \u00e9tude.<\/p>\n\n\n\n<ul class=\"wp-block-list\">\n<li><a href=\"http:\/\/www.abbevillelariviere.fr\/wp-content\/uploads\/2023\/03\/RapportArrancourtAbb\u00e9ville_Phase2_v2.pdf\">RapportArrancourtAbb\u00e9ville_Phase2_v2<\/a><\/li>\n\n\n\n<li><a href=\"http:\/\/www.abbevillelariviere.fr\/wp-content\/uploads\/2023\/03\/RapportArrancourtAbb\u00e9ville_Phase1_v2.pdf\">RapportArrancourtAbb\u00e9ville_Phase1_v2<\/a><\/li>\n<\/ul>\n\n\n\n<h2 class=\"wp-block-heading has-ast-global-color-1-color has-text-color has-link-color wp-elements-647221f8940d601aea024ae5b75447c3\">Vous pouvez \u00e9galement b\u00e9n\u00e9ficier de conseil en mairie sur tout vos projets.<\/h2>\n\n\n\n<p>La commune est \u00e9galement adh\u00e9rente du CAUE 91 , vous b\u00e9n\u00e9ficiez d&#8217;un conseil gratuit aupr\u00e8s des batiment de france. Renseignez vous en mairie.<\/p>\n\n\n\n<figure class=\"wp-block-image size-large is-resized\"><img loading=\"lazy\" decoding=\"async\" width=\"725\" height=\"1024\" src=\"https:\/\/www.abbevillelariviere.fr\/wp-content\/uploads\/2024\/11\/JUIN_2023_AFFICHE_URBANISME_LIGHT_page-0001-725x1024.jpg\" alt=\"\" class=\"wp-image-2735\" style=\"width:383px;height:auto\" srcset=\"http:\/\/www.abbevillelariviere.fr\/wp-content\/uploads\/2024\/11\/JUIN_2023_AFFICHE_URBANISME_LIGHT_page-0001-725x1024.jpg 725w, http:\/\/www.abbevillelariviere.fr\/wp-content\/uploads\/2024\/11\/JUIN_2023_AFFICHE_URBANISME_LIGHT_page-0001-212x300.jpg 212w, http:\/\/www.abbevillelariviere.fr\/wp-content\/uploads\/2024\/11\/JUIN_2023_AFFICHE_URBANISME_LIGHT_page-0001-150x212.jpg 150w, http:\/\/www.abbevillelariviere.fr\/wp-content\/uploads\/2024\/11\/JUIN_2023_AFFICHE_URBANISME_LIGHT_page-0001-768x1085.jpg 768w, http:\/\/www.abbevillelariviere.fr\/wp-content\/uploads\/2024\/11\/JUIN_2023_AFFICHE_URBANISME_LIGHT_page-0001-600x848.jpg 600w, http:\/\/www.abbevillelariviere.fr\/wp-content\/uploads\/2024\/11\/JUIN_2023_AFFICHE_URBANISME_LIGHT_page-0001-1087x1536.jpg 1087w, http:\/\/www.abbevillelariviere.fr\/wp-content\/uploads\/2024\/11\/JUIN_2023_AFFICHE_URBANISME_LIGHT_page-0001.jpg 1241w\" sizes=\"(max-width: 725px) 100vw, 725px\" \/><\/figure>\n","protected":false},"excerpt":{"rendered":"<p>Vos d\u00e9marches d\u2019urbanisme en ligne : Avec la plateforme IDE\u2019AU, l\u2019agglo et votre commune vous simplifient la vie ! En 2023, la commune a d\u00e9mat\u00e9rialis\u00e9 son urbanisme. Permis de construire, [&hellip;]<\/p>\n","protected":false},"author":1,"featured_media":0,"parent":0,"menu_order":0,"comment_status":"closed","ping_status":"closed","template":"","meta":{"site-sidebar-layout":"default","site-content-layout":"","ast-site-content-layout":"","site-content-style":"default","site-sidebar-style":"default","ast-global-header-display":"","ast-banner-title-visibility":"","ast-main-header-display":"","ast-hfb-above-header-display":"","ast-hfb-below-header-display":"","ast-hfb-mobile-header-display":"","site-post-title":"","ast-breadcrumbs-content":"","ast-featured-img":"","footer-sml-layout":"","theme-transparent-header-meta":"","adv-header-id-meta":"","stick-header-meta":"","header-above-stick-meta":"","header-main-stick-meta":"","header-below-stick-meta":"","astra-migrate-meta-layouts":"default","ast-page-background-enabled":"default","ast-page-background-meta":{"desktop":{"background-color":"var(--ast-global-color-4)","background-image":"","background-repeat":"repeat","background-position":"center center","background-size":"auto","background-attachment":"scroll","background-type":"","background-media":"","overlay-type":"","overlay-color":"","overlay-opacity":"","overlay-gradient":""},"tablet":{"background-color":"","background-image":"","background-repeat":"repeat","background-position":"center center","background-size":"auto","background-attachment":"scroll","background-type":"","background-media":"","overlay-type":"","overlay-color":"","overlay-opacity":"","overlay-gradient":""},"mobile":{"background-color":"","background-image":"","background-repeat":"repeat","background-position":"center center","background-size":"auto","background-attachment":"scroll","background-type":"","background-media":"","overlay-type":"","overlay-color":"","overlay-opacity":"","overlay-gradient":""}},"ast-content-background-meta":{"desktop":{"background-color":"var(--ast-global-color-5)","background-image":"","background-repeat":"repeat","background-position":"center center","background-size":"auto","background-attachment":"scroll","background-type":"","background-media":"","overlay-type":"","overlay-color":"","overlay-opacity":"","overlay-gradient":""},"tablet":{"background-color":"var(--ast-global-color-5)","background-image":"","background-repeat":"repeat","background-position":"center center","background-size":"auto","background-attachment":"scroll","background-type":"","background-media":"","overlay-type":"","overlay-color":"","overlay-opacity":"","overlay-gradient":""},"mobile":{"background-color":"var(--ast-global-color-5)","background-image":"","background-repeat":"repeat","background-position":"center center","background-size":"auto","background-attachment":"scroll","background-type":"","background-media":"","overlay-type":"","overlay-color":"","overlay-opacity":"","overlay-gradient":""}},"_EventAllDay":false,"_EventTimezone":"","_EventStartDate":"","_EventEndDate":"","_EventStartDateUTC":"","_EventEndDateUTC":"","_EventShowMap":false,"_EventShowMapLink":false,"_EventURL":"","_EventCost":"","_EventCostDescription":"","_EventCurrencySymbol":"","_EventCurrencyCode":"","_EventCurrencyPosition":"","_EventDateTimeSeparator":"","_EventTimeRangeSeparator":"","_EventOrganizerID":[],"_EventVenueID":[],"_OrganizerEmail":"","_OrganizerPhone":"","_OrganizerWebsite":"","_VenueAddress":"","_VenueCity":"","_VenueCountry":"","_VenueProvince":"","_VenueState":"","_VenueZip":"","_VenuePhone":"","_VenueURL":"","_VenueStateProvince":"","_VenueLat":"","_VenueLng":"","_VenueShowMap":false,"_VenueShowMapLink":false,"footnotes":""},"class_list":["post-2734","page","type-page","status-publish","hentry"],"_links":{"self":[{"href":"http:\/\/www.abbevillelariviere.fr\/index.php?rest_route=\/wp\/v2\/pages\/2734"}],"collection":[{"href":"http:\/\/www.abbevillelariviere.fr\/index.php?rest_route=\/wp\/v2\/pages"}],"about":[{"href":"http:\/\/www.abbevillelariviere.fr\/index.php?rest_route=\/wp\/v2\/types\/page"}],"author":[{"embeddable":true,"href":"http:\/\/www.abbevillelariviere.fr\/index.php?rest_route=\/wp\/v2\/users\/1"}],"replies":[{"embeddable":true,"href":"http:\/\/www.abbevillelariviere.fr\/index.php?rest_route=%2Fwp%2Fv2%2Fcomments&post=2734"}],"version-history":[{"count":7,"href":"http:\/\/www.abbevillelariviere.fr\/index.php?rest_route=\/wp\/v2\/pages\/2734\/revisions"}],"predecessor-version":[{"id":2883,"href":"http:\/\/www.abbevillelariviere.fr\/index.php?rest_route=\/wp\/v2\/pages\/2734\/revisions\/2883"}],"wp:attachment":[{"href":"http:\/\/www.abbevillelariviere.fr\/index.php?rest_route=%2Fwp%2Fv2%2Fmedia&parent=2734"}],"curies":[{"name":"wp","href":"https:\/\/api.w.org\/{rel}","templated":true}]}}