{"id":2849,"date":"2024-11-13T14:08:25","date_gmt":"2024-11-13T13:08:25","guid":{"rendered":"https:\/\/www.abbevillelariviere.fr\/?page_id=2849"},"modified":"2024-11-13T14:08:25","modified_gmt":"2024-11-13T13:08:25","slug":"se-deplacer","status":"publish","type":"page","link":"http:\/\/www.abbevillelariviere.fr\/?page_id=2849","title":{"rendered":"SE DEPLACER"},"content":{"rendered":"\n<h2 class=\"wp-block-heading\">Transport \u00e0 la demande<\/h2>\n\n\n\n<p>Le TAD est un mode de transport de voyageurs. Un minibus vous prend en charge et vous d\u00e9pose \u00e0 un point d\u2019arr\u00eat d\u00e9fini d\u2019une autre commune de votre zone ou d\u2019un p\u00f4le d\u2019int\u00e9r\u00eat. Le d\u00e9clenchement de ce type de transport se fait par r\u00e9servation via internet :&nbsp;<\/p>\n\n\n\n<p><strong>R\u00e9servez votre trajet jusqu&#8217;\u00e0 la derni\u00e8re minute :<\/strong> &#8211;&nbsp; Par le site Internet 7j\/7 &#8211; 24h\/24 : <a href=\"https:\/\/tad.idfmobilites.fr\/etampes-2\/\">https:\/\/tad.idfmobilites.fr\/etampes-2\/&nbsp;<\/a><\/p>\n\n\n\n<p>&#8211; par t\u00e9l\u00e9phone au 09 70 80 96 63 de 9h \u00e0 18h du lundi au vendredi (hors jours f\u00e9ri\u00e9s) &#8211; Par l&#8217;application 7j\/7 &#8211; 24h\/24<\/p>\n\n\n\n<ul class=\"wp-block-list\">\n<li><strong>Appstore<\/strong> : <a href=\"https:\/\/itunes.apple.com\/app\/id1292320725\">https:\/\/itunes.apple.com\/app\/id1292320725<\/a><\/li>\n\n\n\n<li><strong>Android<\/strong> : <a href=\"https:\/\/play.google.com\/store\/apps\/details?id=io.padam.android_customer.TransdevIdfTad&amp;hl=fr\">https:\/\/play.google.com\/store\/apps\/details?id=io.padam.android_customer.TransdevIdfTad&amp;hl=fr<\/a><\/li>\n<\/ul>\n\n\n\n<p><a href=\"http:\/\/www.abbevillelariviere.fr\/wp-content\/uploads\/2015\/02\/DEPLIANT_TAD_450x240mm_-TAD-ETAMPES-WEB.pdf\">DEPLIANT_TAD_450x240mm_ TAD ETAMPES WEB<\/a><\/p>\n\n\n\n<h2 class=\"wp-block-heading\">BUS<\/h2>\n\n\n\n<ul class=\"wp-block-list\">\n<li>La ville ABBEVILLE LA RIVIERE est desservie par les lignes suivantes<\/li>\n\n\n\n<li>Ligne 318 ESTOUCHES-ETAMPES <a href=\"http:\/\/www.abbevillelariviere.fr\/wp-content\/uploads\/2024\/11\/Ligne-Bus-318.pdf\">Ligne-Bus-318<\/a><\/li>\n\n\n\n<li>Ligne 284-002 : BOIGNEVILLE &#8211; \u00c9TAMPES ( Pour boischampbault)\u00a0<a href=\"http:\/\/www.abbevillelariviere.fr\/wp-content\/uploads\/2024\/11\/Ligne-Bus-284-002.pdf\">Ligne-Bus-284-002<\/a><\/li>\n<\/ul>\n\n\n\n<p><\/p>\n","protected":false},"excerpt":{"rendered":"<p>Transport \u00e0 la demande Le TAD est un mode de transport de voyageurs. Un minibus vous prend en charge et vous d\u00e9pose \u00e0 un point d\u2019arr\u00eat d\u00e9fini d\u2019une autre commune [&hellip;]<\/p>\n","protected":false},"author":1,"featured_media":0,"parent":0,"menu_order":0,"comment_status":"closed","ping_status":"closed","template":"","meta":{"site-sidebar-layout":"default","site-content-layout":"","ast-site-content-layout":"","site-content-style":"default","site-sidebar-style":"default","ast-global-header-display":"","ast-banner-title-visibility":"","ast-main-header-display":"","ast-hfb-above-header-display":"","ast-hfb-below-header-display":"","ast-hfb-mobile-header-display":"","site-post-title":"","ast-breadcrumbs-content":"","ast-featured-img":"","footer-sml-layout":"","theme-transparent-header-meta":"","adv-header-id-meta":"","stick-header-meta":"","header-above-stick-meta":"","header-main-stick-meta":"","header-below-stick-meta":"","astra-migrate-meta-layouts":"default","ast-page-background-enabled":"default","ast-page-background-meta":{"desktop":{"background-color":"var(--ast-global-color-4)","background-image":"","background-repeat":"repeat","background-position":"center center","background-size":"auto","background-attachment":"scroll","background-type":"","background-media":"","overlay-type":"","overlay-color":"","overlay-opacity":"","overlay-gradient":""},"tablet":{"background-color":"","background-image":"","background-repeat":"repeat","background-position":"center center","background-size":"auto","background-attachment":"scroll","background-type":"","background-media":"","overlay-type":"","overlay-color":"","overlay-opacity":"","overlay-gradient":""},"mobile":{"background-color":"","background-image":"","background-repeat":"repeat","background-position":"center center","background-size":"auto","background-attachment":"scroll","background-type":"","background-media":"","overlay-type":"","overlay-color":"","overlay-opacity":"","overlay-gradient":""}},"ast-content-background-meta":{"desktop":{"background-color":"var(--ast-global-color-5)","background-image":"","background-repeat":"repeat","background-position":"center center","background-size":"auto","background-attachment":"scroll","background-type":"","background-media":"","overlay-type":"","overlay-color":"","overlay-opacity":"","overlay-gradient":""},"tablet":{"background-color":"var(--ast-global-color-5)","background-image":"","background-repeat":"repeat","background-position":"center center","background-size":"auto","background-attachment":"scroll","background-type":"","background-media":"","overlay-type":"","overlay-color":"","overlay-opacity":"","overlay-gradient":""},"mobile":{"background-color":"var(--ast-global-color-5)","background-image":"","background-repeat":"repeat","background-position":"center center","background-size":"auto","background-attachment":"scroll","background-type":"","background-media":"","overlay-type":"","overlay-color":"","overlay-opacity":"","overlay-gradient":""}},"_EventAllDay":false,"_EventTimezone":"","_EventStartDate":"","_EventEndDate":"","_EventStartDateUTC":"","_EventEndDateUTC":"","_EventShowMap":false,"_EventShowMapLink":false,"_EventURL":"","_EventCost":"","_EventCostDescription":"","_EventCurrencySymbol":"","_EventCurrencyCode":"","_EventCurrencyPosition":"","_EventDateTimeSeparator":"","_EventTimeRangeSeparator":"","_EventOrganizerID":[],"_EventVenueID":[],"_OrganizerEmail":"","_OrganizerPhone":"","_OrganizerWebsite":"","_VenueAddress":"","_VenueCity":"","_VenueCountry":"","_VenueProvince":"","_VenueState":"","_VenueZip":"","_VenuePhone":"","_VenueURL":"","_VenueStateProvince":"","_VenueLat":"","_VenueLng":"","_VenueShowMap":false,"_VenueShowMapLink":false,"footnotes":""},"class_list":["post-2849","page","type-page","status-publish","hentry"],"_links":{"self":[{"href":"http:\/\/www.abbevillelariviere.fr\/index.php?rest_route=\/wp\/v2\/pages\/2849"}],"collection":[{"href":"http:\/\/www.abbevillelariviere.fr\/index.php?rest_route=\/wp\/v2\/pages"}],"about":[{"href":"http:\/\/www.abbevillelariviere.fr\/index.php?rest_route=\/wp\/v2\/types\/page"}],"author":[{"embeddable":true,"href":"http:\/\/www.abbevillelariviere.fr\/index.php?rest_route=\/wp\/v2\/users\/1"}],"replies":[{"embeddable":true,"href":"http:\/\/www.abbevillelariviere.fr\/index.php?rest_route=%2Fwp%2Fv2%2Fcomments&post=2849"}],"version-history":[{"count":1,"href":"http:\/\/www.abbevillelariviere.fr\/index.php?rest_route=\/wp\/v2\/pages\/2849\/revisions"}],"predecessor-version":[{"id":2851,"href":"http:\/\/www.abbevillelariviere.fr\/index.php?rest_route=\/wp\/v2\/pages\/2849\/revisions\/2851"}],"wp:attachment":[{"href":"http:\/\/www.abbevillelariviere.fr\/index.php?rest_route=%2Fwp%2Fv2%2Fmedia&parent=2849"}],"curies":[{"name":"wp","href":"https:\/\/api.w.org\/{rel}","templated":true}]}}