{"id":184,"date":"2015-02-02T14:13:49","date_gmt":"2015-02-02T14:13:49","guid":{"rendered":"http:\/\/www.abbevillelariviere.fr\/?page_id=184"},"modified":"2025-04-13T10:19:45","modified_gmt":"2025-04-13T08:19:45","slug":"compte-rendus-des-conseils","status":"publish","type":"page","link":"https:\/\/www.abbevillelariviere.fr\/?page_id=184","title":{"rendered":"Comptes rendus des Conseils"},"content":{"rendered":"<p>Ci apr\u00e8s les comptes rendus des conseils municipaux.<\/p>\n<h1>Compte rendu 2025<\/h1>\n<p><a href=\"http:\/\/www.abbevillelariviere.fr\/wp-content\/uploads\/2025\/04\/CR-du-14-03-2025.pdf\">Compte rendu du CM du 14 03 2025\u00a0<\/a><br \/>\n<a href=\"http:\/\/www.abbevillelariviere.fr\/wp-content\/uploads\/2025\/04\/Compte-rendu-du-CM-du-20250411.pdf\">Compte rendu du CM du 20250411<\/a><\/p>\n<h1>Compte rendu 2024<\/h1>\n<p><a href=\"http:\/\/www.abbevillelariviere.fr\/wp-content\/uploads\/2024\/11\/Compte-rendu-du-CM-du-20240404.pdf\">Compte rendu du CM du 20240404<\/a><br \/>\n<a href=\"http:\/\/www.abbevillelariviere.fr\/wp-content\/uploads\/2024\/11\/20241004-CR-du-02-07-2024.pdf\">Compte rendu du 02 07 2024<\/a><br \/>\n<a href=\"http:\/\/www.abbevillelariviere.fr\/wp-content\/uploads\/2024\/11\/Compte-rendu-CM-du-04-10-2024.pdf\">Compte rendu CM du 04 10 2024.<\/a><br \/>\n<a href=\"http:\/\/www.abbevillelariviere.fr\/wp-content\/uploads\/2025\/04\/CR-29-11-24.pdf\">Compte rendu du CM du 29 11 24<\/a><\/p>\n<h1>Compte rendu 2023<\/h1>\n<p><a href=\"http:\/\/www.abbevillelariviere.fr\/wp-content\/uploads\/2024\/11\/Compte-rendu-du-CM-du-20230128.pdf\">Compte rendu du CM du 20230128<\/a><br \/>\n<a href=\"http:\/\/www.abbevillelariviere.fr\/wp-content\/uploads\/2024\/11\/Compte-rendu-du-CM-du-20230414.pdf\">Compte rendu du CM du 20230414<\/a><br \/>\n<a href=\"http:\/\/www.abbevillelariviere.fr\/wp-content\/uploads\/2024\/11\/Compte-rendu-du-CM-du-20230609.pdf\">Compte rendu du CM du 20230609<\/a><br \/>\n<a href=\"http:\/\/www.abbevillelariviere.fr\/wp-content\/uploads\/2024\/11\/Compte-rendu-du-CM-du-20230930.pdf\">Compte rendu du CM du 20230930<\/a><br \/>\n<a href=\"http:\/\/www.abbevillelariviere.fr\/wp-content\/uploads\/2024\/11\/compte-rendu-du-CM-du-20231220-EM.pdf\">compte rendu du CM du 20231220<\/a><\/p>\n<h1>Compte rendu 2022<\/h1>\n<p><a href=\"http:\/\/www.abbevillelariviere.fr\/wp-content\/uploads\/2022\/09\/compte-rendu-du-CM-du-20220924-corrige\u0301-1.pdf\">compte rendu du CM du 20220924<\/a><br \/>\n<a href=\"http:\/\/www.abbevillelariviere.fr\/wp-content\/uploads\/2022\/09\/CM-du-23062022.pdf\">CM du 23062022<\/a><br \/>\n<a href=\"http:\/\/www.abbevillelariviere.fr\/wp-content\/uploads\/2022\/09\/CM-DU-06042022-EM.docx\">CM DU 06042022<\/a><\/p>\n<h1>Compte rendu 2021<\/h1>\n<p><a href=\"http:\/\/www.abbevillelariviere.fr\/wp-content\/uploads\/2022\/09\/CR-DU-06022021.pdf\">CR DU 06022021<\/a><br \/>\n<a style=\"font-size: revert; font-family: -apple-system, BlinkMacSystemFont, 'Segoe UI', Roboto, Oxygen-Sans, Ubuntu, Cantarell, 'Helvetica Neue', sans-serif;\" href=\"http:\/\/www.abbevillelariviere.fr\/wp-content\/uploads\/2022\/09\/CR-DU-10042021.pdf\">CR DU 10042021<\/a><br \/>\n<a href=\"http:\/\/www.abbevillelariviere.fr\/wp-content\/uploads\/2022\/09\/CR-DU-21052021.pdf\">CR DU 21052021<\/a><br \/>\n<a style=\"font-size: revert; font-family: -apple-system, BlinkMacSystemFont, 'Segoe UI', Roboto, Oxygen-Sans, Ubuntu, Cantarell, 'Helvetica Neue', sans-serif;\" href=\"http:\/\/www.abbevillelariviere.fr\/wp-content\/uploads\/2022\/09\/CR-DU-25092021.pdf\">CR DU 25092021<\/a><br \/>\n<a href=\"http:\/\/www.abbevillelariviere.fr\/wp-content\/uploads\/2022\/09\/CR-DU-10122021.pdf\">CR DU 10122021<\/a><\/p>\n<h1>Compte rendu 2020<\/h1>\n<p><a href=\"http:\/\/www.abbevillelariviere.fr\/wp-content\/uploads\/2022\/09\/CR-DU-25052020.pdf\">CR DU 25052020<\/a><br \/>\n<a href=\"http:\/\/www.abbevillelariviere.fr\/wp-content\/uploads\/2022\/09\/CR-DU-25062020.pdf\">CR DU 25062020<\/a><br \/>\n<a style=\"font-size: revert; font-family: -apple-system, BlinkMacSystemFont, 'Segoe UI', Roboto, Oxygen-Sans, Ubuntu, Cantarell, 'Helvetica Neue', sans-serif;\" href=\"http:\/\/www.abbevillelariviere.fr\/wp-content\/uploads\/2022\/09\/CR-DU-19092020.pdf\">CR DU 19092020<\/a><br \/>\n<a href=\"http:\/\/www.abbevillelariviere.fr\/wp-content\/uploads\/2022\/09\/CR-DU-14112020.pdf\">CR DU 14112020<\/a><\/p>\n<h1>Compte rendu 2019<\/h1>\n<p><a href=\"http:\/\/www.abbevillelariviere.fr\/wp-content\/uploads\/2015\/02\/Compte-rendu-du-CM-du-10042019.pdf\">Compte rendu du CM du 11122019<br \/>\nCompte rendu du CM du 20112019<br \/>\nCompte rendu du CM du 04092019<br \/>\nCompte rendu du CM du 10042019<br \/>\n<\/a><a href=\"http:\/\/www.abbevillelariviere.fr\/wp-content\/uploads\/2015\/02\/Compte-rendu-du-CM-du-10042019.pdf\">Compte rendu du CM du 30012019<br \/>\n<\/a><\/p>\n<h1>Compte rendu 2018<\/h1>\n<p><a href=\"http:\/\/www.abbevillelariviere.fr\/wp-content\/uploads\/2015\/02\/Compte-rendu-du-19-12-18.pdf\">Compte rendu du 19-12-18<\/a><br \/>\n<a href=\"http:\/\/www.abbevillelariviere.fr\/wp-content\/uploads\/2015\/02\/Proce\u0300s-verbal-du-CM-du-21-11-2018.pdf\">Proce\u0300s-verbal du CM du 21-11-2018<br \/>\n<\/a><a href=\"http:\/\/www.abbevillelariviere.fr\/wp-content\/uploads\/2015\/02\/Compte-rendu-du-CM-du-04042018.pdf\">Compte rendu du CM du 04042018<\/a><a href=\"http:\/\/www.abbevillelariviere.fr\/wp-content\/uploads\/2015\/02\/Proce\u0300s-verbal-du-CM-du-21-11-2018.pdf\"><br \/>\n<\/a> <a href=\"http:\/\/www.abbevillelariviere.fr\/wp-content\/uploads\/2015\/02\/Compte-rendu-du-CM-du-20062018.pdf\">Compte rendu du CM du 20062018<br \/>\n<\/a><a href=\"http:\/\/www.abbevillelariviere.fr\/wp-content\/uploads\/2015\/02\/Compte-rendu-du-CM-du-20062018.pdf\">Compte rendu du CM du 17102018<br \/>\n<\/a><\/p>\n<h1>Compte rendu 2017<\/h1>\n<p><a href=\"http:\/\/www.abbevillelariviere.fr\/wp-content\/uploads\/2015\/02\/compte-rendu-du-CM-du-11012017.pdf\">compte rendu du CM du 11012017<\/a><br \/>\n<a href=\"http:\/\/www.abbevillelariviere.fr\/wp-content\/uploads\/2015\/02\/compte-rendu-du-CM-du-22022017.pdf\">compte rendu du CM du 22022017<\/a><br \/>\n<a href=\"http:\/\/www.abbevillelariviere.fr\/wp-content\/uploads\/2015\/02\/compte-rendu-du-CM-du-29032017.pdf\">compte rendu du CM du 29032017<\/a><br \/>\n<a href=\"http:\/\/www.abbevillelariviere.fr\/wp-content\/uploads\/2015\/02\/compte-rendu-du-CM-du-05042017.pdf\">compte rendu du CM du 05042017<\/a><br \/>\n<a href=\"http:\/\/www.abbevillelariviere.fr\/wp-content\/uploads\/2015\/02\/compte-rendu-du-CM-du-31052017.pdf\">compte rendu du CM du 31052017<\/a><br \/>\n<a href=\"http:\/\/www.abbevillelariviere.fr\/wp-content\/uploads\/2015\/02\/compte-rendu-du-CM-du-27092017.pdf\">compte rendu du CM du 27092017<\/a><br \/>\n<a href=\"http:\/\/www.abbevillelariviere.fr\/wp-content\/uploads\/2015\/02\/compte-rendu-du-CM-du-20122017.pdf\">compte rendu du CM du 20122017<\/a><\/p>\n<h1>Compte rendu 2016 et plus anciens<\/h1>\n\n<table id=\"tablepress-6\" class=\"tablepress tablepress-id-6\">\n<thead>\n<tr class=\"row-1 odd\">\n\t<th class=\"column-1\">Libell\u00e9 et contenu<\/th><th class=\"column-2\">Fichier \u00e0 t\u00e9l\u00e9charger du Compte Rendu<\/th>\n<\/tr>\n<\/thead>\n<tbody class=\"row-hover\">\n<tr class=\"row-2 even\">\n\t<td class=\"column-1\">Compte rendu Conseil Municipal du 28 03 2014<\/td><td class=\"column-2\"><a href=\"http:\/\/www.abbevillelariviere.fr\/wp-content\/uploads\/2015\/03\/CR-DU-28-MARS-2014.pdf\" target=\"_blank\">compte rendu CM 28 03 2014<\/a><\/td>\n<\/tr>\n<tr class=\"row-3 odd\">\n\t<td class=\"column-1\">Compte rendu Conseil Municipal du 11 04 2014<\/td><td class=\"column-2\"><a href=\"http:\/\/www.abbevillelariviere.fr\/wp-content\/uploads\/2015\/02\/compte-rendu-CM-11-04-2014.pdf\" target=\"_blank\">compte rendu CM 11 04 2014<\/a><\/td>\n<\/tr>\n<tr class=\"row-4 even\">\n\t<td class=\"column-1\">Compte rendu Conseil Municipal du 02 05 2014<\/td><td class=\"column-2\"><a href=\"http:\/\/www.abbevillelariviere.fr\/wp-content\/uploads\/2015\/02\/compte-rendu-CM-02-05-2014.pdf\" target=\"_blank\">compte rendu CM 02 05 2014<\/a><\/td>\n<\/tr>\n<tr class=\"row-5 odd\">\n\t<td class=\"column-1\">Compte rendu Conseil Municipal du 02 06 2014<\/td><td class=\"column-2\"><a href=\"http:\/\/www.abbevillelariviere.fr\/wp-content\/uploads\/2015\/02\/compte-rendu-CM-02-06-2014.pdf\" target=\"_blank\">compte rendu CM 02 06 2014<\/a><\/td>\n<\/tr>\n<tr class=\"row-6 even\">\n\t<td class=\"column-1\">Compte rendu Conseil Municipal du 01 09 2014<\/td><td class=\"column-2\"><a href=\"http:\/\/www.abbevillelariviere.fr\/wp-content\/uploads\/2015\/02\/compte-rendu-CM-01-09-2014.pdf\" target=\"_blank\">compte rendu CM 01 09 2014<\/a><\/td>\n<\/tr>\n<tr class=\"row-7 odd\">\n\t<td class=\"column-1\">Compte rendu Conseil Municipal du 23 09 2014<\/td><td class=\"column-2\"><a href=\"http:\/\/www.abbevillelariviere.fr\/wp-content\/uploads\/2015\/02\/compte-rendu-CM-23-09-2014.pdf\" target=\"_blank\" >compte rendu CM 23 09 2014<\/a><\/td>\n<\/tr>\n<tr class=\"row-8 even\">\n\t<td class=\"column-1\">Compte rendu Conseil Municipal du 04 11 2014<\/td><td class=\"column-2\"><a href=\"http:\/\/www.abbevillelariviere.fr\/wp-content\/uploads\/2015\/02\/compte-rendu-CM-04-11-2014.pdf\" target=\"_blank\">compte rendu CM 04 11 2014<\/a><\/td>\n<\/tr>\n<tr class=\"row-9 odd\">\n\t<td class=\"column-1\">Compte rendu Conseil Municipal du 03 12 2014<\/td><td class=\"column-2\"><a href=\"http:\/\/www.abbevillelariviere.fr\/wp-content\/uploads\/2015\/03\/CR-du-CM-3-12-2014.pdf\" target=\"_blank\">compte rendu CM 03 12 2014<\/a><\/td>\n<\/tr>\n<tr class=\"row-10 even\">\n\t<td class=\"column-1\">Compte rendu Conseil Municipal du 08 04 2015<\/td><td class=\"column-2\"><a href=\"http:\/\/www.abbevillelariviere.fr\/wp-content\/uploads\/2016\/01\/CM-du-08042015.pdf\" target=\"_blank\">compte rendu CM 08 04 2015<\/a><\/td>\n<\/tr>\n<tr class=\"row-11 odd\">\n\t<td class=\"column-1\">Compte rendu Conseil Municipal du 27 05 2015<\/td><td class=\"column-2\"><a href=\"http:\/\/www.abbevillelariviere.fr\/wp-content\/uploads\/2016\/01\/CM-du-27052015.pdf\" target=\"_blank\">compte rendu CM 27 05 2015<\/a><\/td>\n<\/tr>\n<tr class=\"row-12 even\">\n\t<td class=\"column-1\">Compte rendu Conseil Municipal du 25 06 2015<\/td><td class=\"column-2\"><a href=\"http:\/\/www.abbevillelariviere.fr\/wp-content\/uploads\/2016\/01\/CM-du-25062015.pdf\" target=\"_blank\">compte rendu CM 25 06 2015<\/a><\/td>\n<\/tr>\n<tr class=\"row-13 odd\">\n\t<td class=\"column-1\">Compte rendu Conseil Municipal du 09 09 2015<\/td><td class=\"column-2\"><a href=\"http:\/\/www.abbevillelariviere.fr\/wp-content\/uploads\/2016\/01\/CM-du-09092015.pdf\" target=\"_blank\">compte rendu CM 09 09 2015<\/a><\/td>\n<\/tr>\n<tr class=\"row-14 even\">\n\t<td class=\"column-1\">Compte rendu Conseil Municipal du 16 12 2015<\/td><td class=\"column-2\"><a href=\"http:\/\/www.abbevillelariviere.fr\/wp-content\/uploads\/2016\/10\/compte-rendu-du-CM-du-16122015.pdf\" target=\"_blank\">compte rendu CM 16 12 2015<\/a><\/td>\n<\/tr>\n<tr class=\"row-15 odd\">\n\t<td class=\"column-1\">Compte rendu Conseil Municipal du 16 03 2016<\/td><td class=\"column-2\"><a href=\"http:\/\/www.abbevillelariviere.fr\/wp-content\/uploads\/2016\/10\/compte-rendu-du-CM-du-16032016.pdf\" target=\"_blank\">compte rendu CM 16 03 2016<\/a><\/td>\n<\/tr>\n<tr class=\"row-16 even\">\n\t<td class=\"column-1\">Compte rendu Conseil Municipal du 13 04 2016<\/td><td class=\"column-2\"><a href=\"http:\/\/www.abbevillelariviere.fr\/wp-content\/uploads\/2016\/10\/compte-rendu-du-CM-du-13042016.pdf\" target=\"_blank\">compte rendu CM 13 04 2016<\/a><\/td>\n<\/tr>\n<tr class=\"row-17 odd\">\n\t<td class=\"column-1\">Compte rendu Conseil Municipal du 25 05 2016<\/td><td class=\"column-2\"><a href=\"http:\/\/www.abbevillelariviere.fr\/wp-content\/uploads\/2016\/10\/Compte-rendu-du-CM-du-25052016.pdf\" target=\"_blank\">compte rendu CM 25 05 2016<\/a><\/td>\n<\/tr>\n<tr class=\"row-18 even\">\n\t<td class=\"column-1\">Compte rendu Conseil Municipal du 29 06 2016<\/td><td class=\"column-2\"><a href=\"http:\/\/www.abbevillelariviere.fr\/wp-content\/uploads\/2017\/01\/compte-rendu-du-CM-du-29062016.pdf\" target=\"_blank\">compte rendu CM 29 06 2016<\/a><\/td>\n<\/tr>\n<tr class=\"row-19 odd\">\n\t<td class=\"column-1\">Compte rendu Conseil Municipal du 26 10 2016<\/td><td class=\"column-2\"><a href=\"http:\/\/www.abbevillelariviere.fr\/wp-content\/uploads\/2017\/01\/compte-rendu-du-CM-du-26102016.pdf\" target=\"_blank\">compte rendu CM 26 10 2016<\/a><\/td>\n<\/tr>\n<tr class=\"row-20 even\">\n\t<td class=\"column-1\">Compte rendu Conseil Municipal du 14 12 2016<\/td><td class=\"column-2\"><a href=\"http:\/\/www.abbevillelariviere.fr\/wp-content\/uploads\/2017\/01\/compte-rendu-du-CM-du-14122016.pdf\" target=\"_blank\">compte rendu CM 14 12 2016<\/a><\/td>\n<\/tr>\n<\/tbody>\n<\/table>\n\n","protected":false},"excerpt":{"rendered":"<p>Ci apr\u00e8s les comptes rendus des conseils municipaux. Compte rendu 2025 Compte rendu du CM du 14 03 2025\u00a0 Compte rendu du CM du 20250411 Compte rendu 2024 Compte rendu [&hellip;]<\/p>\n","protected":false},"author":2,"featured_media":0,"parent":14,"menu_order":0,"comment_status":"closed","ping_status":"closed","template":"","meta":{"site-sidebar-layout":"default","site-content-layout":"","ast-site-content-layout":"","site-content-style":"default","site-sidebar-style":"default","ast-global-header-display":"","ast-banner-title-visibility":"","ast-main-header-display":"","ast-hfb-above-header-display":"","ast-hfb-below-header-display":"","ast-hfb-mobile-header-display":"","site-post-title":"","ast-breadcrumbs-content":"","ast-featured-img":"","footer-sml-layout":"","theme-transparent-header-meta":"","adv-header-id-meta":"","stick-header-meta":"","header-above-stick-meta":"","header-main-stick-meta":"","header-below-stick-meta":"","astra-migrate-meta-layouts":"default","ast-page-background-enabled":"default","ast-page-background-meta":{"desktop":{"background-color":"var(--ast-global-color-4)","background-image":"","background-repeat":"repeat","background-position":"center center","background-size":"auto","background-attachment":"scroll","background-type":"","background-media":"","overlay-type":"","overlay-color":"","overlay-opacity":"","overlay-gradient":""},"tablet":{"background-color":"","background-image":"","background-repeat":"repeat","background-position":"center center","background-size":"auto","background-attachment":"scroll","background-type":"","background-media":"","overlay-type":"","overlay-color":"","overlay-opacity":"","overlay-gradient":""},"mobile":{"background-color":"","background-image":"","background-repeat":"repeat","background-position":"center center","background-size":"auto","background-attachment":"scroll","background-type":"","background-media":"","overlay-type":"","overlay-color":"","overlay-opacity":"","overlay-gradient":""}},"ast-content-background-meta":{"desktop":{"background-color":"var(--ast-global-color-5)","background-image":"","background-repeat":"repeat","background-position":"center center","background-size":"auto","background-attachment":"scroll","background-type":"","background-media":"","overlay-type":"","overlay-color":"","overlay-opacity":"","overlay-gradient":""},"tablet":{"background-color":"var(--ast-global-color-5)","background-image":"","background-repeat":"repeat","background-position":"center center","background-size":"auto","background-attachment":"scroll","background-type":"","background-media":"","overlay-type":"","overlay-color":"","overlay-opacity":"","overlay-gradient":""},"mobile":{"background-color":"var(--ast-global-color-5)","background-image":"","background-repeat":"repeat","background-position":"center center","background-size":"auto","background-attachment":"scroll","background-type":"","background-media":"","overlay-type":"","overlay-color":"","overlay-opacity":"","overlay-gradient":""}},"_EventAllDay":false,"_EventTimezone":"","_EventStartDate":"","_EventEndDate":"","_EventStartDateUTC":"","_EventEndDateUTC":"","_EventShowMap":false,"_EventShowMapLink":false,"_EventURL":"","_EventCost":"","_EventCostDescription":"","_EventCurrencySymbol":"","_EventCurrencyCode":"","_EventCurrencyPosition":"","_EventDateTimeSeparator":"","_EventTimeRangeSeparator":"","_EventOrganizerID":[],"_EventVenueID":[],"_OrganizerEmail":"","_OrganizerPhone":"","_OrganizerWebsite":"","_VenueAddress":"","_VenueCity":"","_VenueCountry":"","_VenueProvince":"","_VenueState":"","_VenueZip":"","_VenuePhone":"","_VenueURL":"","_VenueStateProvince":"","_VenueLat":"","_VenueLng":"","_VenueShowMap":false,"_VenueShowMapLink":false,"footnotes":""},"class_list":["post-184","page","type-page","status-publish","hentry"],"_links":{"self":[{"href":"https:\/\/www.abbevillelariviere.fr\/index.php?rest_route=\/wp\/v2\/pages\/184"}],"collection":[{"href":"https:\/\/www.abbevillelariviere.fr\/index.php?rest_route=\/wp\/v2\/pages"}],"about":[{"href":"https:\/\/www.abbevillelariviere.fr\/index.php?rest_route=\/wp\/v2\/types\/page"}],"author":[{"embeddable":true,"href":"https:\/\/www.abbevillelariviere.fr\/index.php?rest_route=\/wp\/v2\/users\/2"}],"replies":[{"embeddable":true,"href":"https:\/\/www.abbevillelariviere.fr\/index.php?rest_route=%2Fwp%2Fv2%2Fcomments&post=184"}],"version-history":[{"count":18,"href":"https:\/\/www.abbevillelariviere.fr\/index.php?rest_route=\/wp\/v2\/pages\/184\/revisions"}],"predecessor-version":[{"id":2991,"href":"https:\/\/www.abbevillelariviere.fr\/index.php?rest_route=\/wp\/v2\/pages\/184\/revisions\/2991"}],"up":[{"embeddable":true,"href":"https:\/\/www.abbevillelariviere.fr\/index.php?rest_route=\/wp\/v2\/pages\/14"}],"wp:attachment":[{"href":"https:\/\/www.abbevillelariviere.fr\/index.php?rest_route=%2Fwp%2Fv2%2Fmedia&parent=184"}],"curies":[{"name":"wp","href":"https:\/\/api.w.org\/{rel}","templated":true}]}}