{"id":20,"date":"2015-01-29T09:05:34","date_gmt":"2015-01-29T09:05:34","guid":{"rendered":"http:\/\/www.abbevillelariviere.fr\/?page_id=20"},"modified":"2025-08-25T18:19:01","modified_gmt":"2025-08-25T16:19:01","slug":"histoire","status":"publish","type":"page","link":"https:\/\/www.abbevillelariviere.fr\/?page_id=20","title":{"rendered":"Histoire"},"content":{"rendered":"<h3>Un Nom<\/h3>\n<p>Du latin abbas (abb\u00e9) et villa (domaine), fond\u00e9e en 651 par Leodebold ou Leobalt abb\u00e9 de Saint Aignan d Orl\u00e9ans. Possesion de l&#8217;Abbaye de Saint Benoit sur Loire au 11\u00e8 si\u00e8cle.<\/p>\n<p>Pierre d Abb\u00e9ville vers 1272 fait parti de la liste des chevaliers de la pr\u00e9vot\u00e9 d Etampes qui doivent le service au Roi, et participent aux croisades. Apr\u00e8s divers seigneurs des lieux, les De Vidal, Belgos ou Bugros d Arcy, Colin d Adonville, De Sainxe, De Viart, De la Vigne, De Seve, la seigneurie d Abb\u00e9ville est aquise en 1770 par Genevi\u00e8ve de Vion de Testencourt, Dame de Saint Cyr \u00e9pouse de Simon Claude de Grassin.<\/p>\n<p>En 1789 Mathurin Billard et Cir (?) Favier, portent les dol\u00e9ances de la paroisse aux Assembl\u00e9es des 3 Etats d Etampes \u00e0 Etampes. Jusqu&#8217;en 1847 le village n \u00e0 ni Mairie ni \u00e9cole.De 1790 \u00e0 1801 il fait parti du canton de Saclas D\u00e9partement de Seine et Oise.<\/p>\n<p>En 1793 la commune existe sous le nom d\u2019Abbeville sans accent aigu, apparu \u00e0 partir de 1801 dans le bulletin des lois. La mention \u00ab la Rivi\u00e8re \u00bb fut ajout\u00e9e en 1901.<\/p>\n<h4>L\u2019anecdote :<\/h4>\n<p>la trag\u00e9die du ch\u00e2teau des alouettes Le 6 D\u00e9cembre 1906 une horrible tuerie eu lieu \u00e0 la masure des alouettes. ci joint <a href=\"http:\/\/www.abbevillelariviere.fr\/wp-content\/uploads\/2015\/01\/article-petit-parisien-tragedie-chateau-allouettes.pdf\" target=\"_blank\" rel=\"noopener\"><strong>l&#8217;article du journal &#8220;Le petit parisien&#8221;<\/strong> <\/a>relatant cet \u00e9v\u00e8nement.<\/p>\n<h3>Des registres depuis 1652<\/h3>\n<p>Les archives du d\u00e9partement pr\u00e9sentent un registre de la paroisse depuis 1652 et font apparaitre un recensement depuis 1792.<\/p>\n<p>Elles sont consultables \u00e0 cette adresse : <a href=\"https:\/\/archives.essonne.fr\/search\/results?formUuid=63a201cb-bad5-4257-83fc-6f844178c9d8&amp;sort=referencecode_asc&amp;mode=list&amp;0-all=registre&amp;1-title-scopeAndContent-titleProper-parallelTitle-otherTitleInformation-findingAidTitleProper=&amp;2-controlledAccessGeographicName%5B%5D=ABBEVILLE-LA-RIVIERE&amp;3-referenceCode=&amp;4-date=&amp;5-date_begin=&amp;5-date_end=&amp;8-controlledAccessPersonalName-controlledAccessFamilyName=&amp;10-nameOfCreator-controlledAccessPersonalProducer-controlledAccessCorporateProducer=\" target=\"_blank\" rel=\"noopener\">Les archives du d\u00e9partement<\/a><\/p>\n<ul>\n<li>En 1711 le registre de la paroisse d&#8217;Abbeville fait \u00e9tat de 79 Feux ( foyer).<\/li>\n<li>En 1791 le territoire de la paroisse de St Julien forma la commune actuelle.<\/li>\n<li>En 1792 la population est de 226 habitants.<\/li>\n<li>En 1817 la population est de 320 habitants.<\/li>\n<\/ul>\n<h3>Une histoire, des familles, un territoire<\/h3>\n<p>Au XVI si\u00e8cle la paroisse St Julien d&#8217;Abbeville faisait partie du bailliage d&#8217;Etampes. Au point de vue eccl\u00e9siastique, elle d\u00e9pendait de l\u2019archev\u00each\u00e9 de Sens. Elle \u00e9tait partag\u00e9e entre les seigneuries de Jarveroy, de la Grand Cour, d&#8217;Abbeville de Cottinville, de Tourneville, de Boischambeau, de Quincampoix et de fiefs eccl\u00e9siastiques de Fontenette et de l\u2019H\u00f4pital.<\/p>\n<p>Le territoire \u00e9tait constitu\u00e9 de nombreux petits fiefs dont quelques uns ont subsist\u00e9 : La Ferme de L hopital \u00e0 Fontenette est la plus importante des seigneuries. cette exploitation agricole d\u00e9pendait de la Commanderie des Templiers de Chalou, puis des Hospitaliers de Saint Jean.Elle est peut \u00eatre \u00e0 l origine de la maladrerie. comme l&#8217;indique l&#8217;existence de la chapelle Saint-Blaise, ayant disparu.<\/p>\n<p>Cottainville ou Cottinville de celte coat (bois) donne Cottavilla : Domaine entour\u00e9 de haies, au moyen age un cotin est une sorte de cottage rustique &#8230;, le fief de Boisschambault ( Bois, Champ, Beau) relevait autrefois de Bouville et Farcheville. \u00e0 la Ferme de l Orme (Orme Alexandre) sites fossoy\u00e9s et habitat gallo romain. Fiefs disparus : le petit cottainville ou gran&#8217;cour, Tourneville et Javercy.<\/p>\n<p>\u00c0 partir de 1770, la seigneurie d&#8217;Abb\u00e9ville, \u00e0 l&#8217;exception des fiefs de Boischambault, de L&#8217;H\u00f4pital et de Tourneville, est acquise par Genevi\u00e8ve de Vion de Tessancourt, dame de Saint-Cyr, \u00e9pouse de Simon Claude de Grassin.<\/p>\n<p>En 1829, des tentatives de fusion avec Arrancourt \u00e9chouent.<\/p>\n<p>Le plan napol\u00e9onien (1831) d&#8217;assemblage de la commune est consultable \u00e0 cette adresse : <a href=\"https:\/\/archives.essonne.fr\/ark:\/28047\/f75p3qkxs9gl\" target=\"_blank\" rel=\"noopener\">Plan d&#8217;assemblage Napol\u00e9onien<\/a><\/p>\n<p>Jusqu&#8217;en 1847, le village est d\u00e9pourvu de mairie et d&#8217;\u00e9cole, les chemins y sont souvent impraticables, et les habitants de Fontenette doivent passer par Arrancourt pour se rendre \u00e0 la messe dominicale.<\/p>\n<p><em>Nota : une partie des informations de ce r\u00e9sum\u00e9 est issue d&#8217;un document r\u00e9dig\u00e9 par l&#8217;instituteur d&#8217;Abb\u00e9ville en 1899 que vous pouvez consulter \u00e0 cette adresse : <a href=\"https:\/\/archives.essonne.fr\/ark:\/28047\/tjvwl1z3bfqr\/1cb65e15-fdb9-42b5-8947-61de5c91de65\" target=\"_blank\" rel=\"noopener\">monographie communale 1899<\/a>.<\/em><\/p>\n","protected":false},"excerpt":{"rendered":"<p>Un Nom Du latin abbas (abb\u00e9) et villa (domaine), fond\u00e9e en 651 par Leodebold ou Leobalt abb\u00e9 de Saint Aignan d Orl\u00e9ans. Possesion de l&#8217;Abbaye de Saint Benoit sur Loire [&hellip;]<\/p>\n","protected":false},"author":2,"featured_media":0,"parent":12,"menu_order":0,"comment_status":"closed","ping_status":"closed","template":"","meta":{"site-sidebar-layout":"default","site-content-layout":"","ast-site-content-layout":"","site-content-style":"default","site-sidebar-style":"default","ast-global-header-display":"","ast-banner-title-visibility":"","ast-main-header-display":"","ast-hfb-above-header-display":"","ast-hfb-below-header-display":"","ast-hfb-mobile-header-display":"","site-post-title":"","ast-breadcrumbs-content":"","ast-featured-img":"","footer-sml-layout":"","theme-transparent-header-meta":"","adv-header-id-meta":"","stick-header-meta":"","header-above-stick-meta":"","header-main-stick-meta":"","header-below-stick-meta":"","astra-migrate-meta-layouts":"default","ast-page-background-enabled":"default","ast-page-background-meta":{"desktop":{"background-color":"var(--ast-global-color-4)","background-image":"","background-repeat":"repeat","background-position":"center center","background-size":"auto","background-attachment":"scroll","background-type":"","background-media":"","overlay-type":"","overlay-color":"","overlay-opacity":"","overlay-gradient":""},"tablet":{"background-color":"","background-image":"","background-repeat":"repeat","background-position":"center center","background-size":"auto","background-attachment":"scroll","background-type":"","background-media":"","overlay-type":"","overlay-color":"","overlay-opacity":"","overlay-gradient":""},"mobile":{"background-color":"","background-image":"","background-repeat":"repeat","background-position":"center center","background-size":"auto","background-attachment":"scroll","background-type":"","background-media":"","overlay-type":"","overlay-color":"","overlay-opacity":"","overlay-gradient":""}},"ast-content-background-meta":{"desktop":{"background-color":"var(--ast-global-color-5)","background-image":"","background-repeat":"repeat","background-position":"center center","background-size":"auto","background-attachment":"scroll","background-type":"","background-media":"","overlay-type":"","overlay-color":"","overlay-opacity":"","overlay-gradient":""},"tablet":{"background-color":"var(--ast-global-color-5)","background-image":"","background-repeat":"repeat","background-position":"center center","background-size":"auto","background-attachment":"scroll","background-type":"","background-media":"","overlay-type":"","overlay-color":"","overlay-opacity":"","overlay-gradient":""},"mobile":{"background-color":"var(--ast-global-color-5)","background-image":"","background-repeat":"repeat","background-position":"center center","background-size":"auto","background-attachment":"scroll","background-type":"","background-media":"","overlay-type":"","overlay-color":"","overlay-opacity":"","overlay-gradient":""}},"_EventAllDay":false,"_EventTimezone":"","_EventStartDate":"","_EventEndDate":"","_EventStartDateUTC":"","_EventEndDateUTC":"","_EventShowMap":false,"_EventShowMapLink":false,"_EventURL":"","_EventCost":"","_EventCostDescription":"","_EventCurrencySymbol":"","_EventCurrencyCode":"","_EventCurrencyPosition":"","_EventDateTimeSeparator":"","_EventTimeRangeSeparator":"","_EventOrganizerID":[],"_EventVenueID":[],"_OrganizerEmail":"","_OrganizerPhone":"","_OrganizerWebsite":"","_VenueAddress":"","_VenueCity":"","_VenueCountry":"","_VenueProvince":"","_VenueState":"","_VenueZip":"","_VenuePhone":"","_VenueURL":"","_VenueStateProvince":"","_VenueLat":"","_VenueLng":"","_VenueShowMap":false,"_VenueShowMapLink":false,"footnotes":""},"class_list":["post-20","page","type-page","status-publish","hentry"],"_links":{"self":[{"href":"https:\/\/www.abbevillelariviere.fr\/index.php?rest_route=\/wp\/v2\/pages\/20"}],"collection":[{"href":"https:\/\/www.abbevillelariviere.fr\/index.php?rest_route=\/wp\/v2\/pages"}],"about":[{"href":"https:\/\/www.abbevillelariviere.fr\/index.php?rest_route=\/wp\/v2\/types\/page"}],"author":[{"embeddable":true,"href":"https:\/\/www.abbevillelariviere.fr\/index.php?rest_route=\/wp\/v2\/users\/2"}],"replies":[{"embeddable":true,"href":"https:\/\/www.abbevillelariviere.fr\/index.php?rest_route=%2Fwp%2Fv2%2Fcomments&post=20"}],"version-history":[{"count":22,"href":"https:\/\/www.abbevillelariviere.fr\/index.php?rest_route=\/wp\/v2\/pages\/20\/revisions"}],"predecessor-version":[{"id":3006,"href":"https:\/\/www.abbevillelariviere.fr\/index.php?rest_route=\/wp\/v2\/pages\/20\/revisions\/3006"}],"up":[{"embeddable":true,"href":"https:\/\/www.abbevillelariviere.fr\/index.php?rest_route=\/wp\/v2\/pages\/12"}],"wp:attachment":[{"href":"https:\/\/www.abbevillelariviere.fr\/index.php?rest_route=%2Fwp%2Fv2%2Fmedia&parent=20"}],"curies":[{"name":"wp","href":"https:\/\/api.w.org\/{rel}","templated":true}]}}