{"id":245,"date":"2015-02-04T09:24:39","date_gmt":"2015-02-04T09:24:39","guid":{"rendered":"http:\/\/www.abbevillelariviere.fr\/?page_id=245"},"modified":"2015-03-07T17:31:34","modified_gmt":"2015-03-07T17:31:34","slug":"vallee-de-la-juine","status":"publish","type":"page","link":"https:\/\/www.abbevillelariviere.fr\/?page_id=245","title":{"rendered":"Vall\u00e9e de la Juine"},"content":{"rendered":"<p>La commune fait partie du site inscrit Haute Vall\u00e9e de la Juine.<\/p>\n<p>Il comprend des paysages tr\u00e8s confin\u00e9s\u00a0qui abritent un chapelet de bourgs et de villages de caract\u00e8re ainsi que le remarquable parc du ch\u00e2teau de M\u00e9r\u00e9ville, \u00e9l\u00e9ment phare de l\u2019histoire des jardins.<\/p>\n<p>Sur les 25 kms de son cours, la rivi\u00e8re, caract\u00e9ris\u00e9e par de beaux m\u00e9andres, parcourt un site tr\u00e8s bois\u00e9, humide ou mar\u00e9cageux o\u00f9 sont install\u00e9es quelques cressonni\u00e8res.<\/p>\n<p>La Haute Vall\u00e9e de la Juine pr\u00e9sente en effet une diversit\u00e9 de paysages qui tranche avec le plateau beauceron qu\u2019elle a profond\u00e9ment entaill\u00e9 de plus de 60 m\u00e8tres. Les m\u00e9andres de la rivi\u00e8re et de ses affluents l\u2019\u00c9climont et le Ru de Guillerval ont cr\u00e9\u00e9 une topographie vari\u00e9e, o\u00f9 pr\u00e9dominent les boisements.<\/p>\n<p>Certains versants occup\u00e9s par des landes, les clairi\u00e8res en fond de vall\u00e9e accueillant les villages et les cressonni\u00e8res offrent des images de grande qualit\u00e9.<\/p>\n<p>Au d\u00e9part de la base de loisirs d&#8217;Etampes, l&#8217;itin\u00e9raire vous conduit d&#8217;abord \u00e0 Ormoy, \u00e0 travers les bois. La route s&#8217;\u00e9l\u00e8ve puis domine la rivi\u00e8re, zigzague sur les coteaux, longe d&#8217;anciennes fermes et de vieilles \u00e9glises.<\/p>\n<p>Elle se fait ruelle dans les villages, puis franchit de petits ponts. D&#8217;<strong><span style=\"color: #008000;\">Abbeville la rivi\u00e8re<\/span><\/strong>, vous gagnez Saint-Cyr-la-Rivi\u00e8re. La vue s&#8217;\u00e9largit, quelques champs de c\u00e9r\u00e9ales font leur apparition. De Saclas \u00e0 M\u00e9r\u00e9ville, la D491 est interdite aux camions. Elle serpente d&#8217;abord \u00e0 l&#8217;ombre, \u00e0 hauteur de rivi\u00e8re. Et puis voici M\u00e9r\u00e9ville, bourgade r\u00e9put\u00e9e pour son cresson depuis 1894.<\/p>\n<p>Vous retournez vers Etampes en suivant l&#8217;autre rive de la Juine, par les jolis hameaux de Boigny et de Bossenval. Attention, vous pourriez nouer une relation affective avec cette vall\u00e9e&#8230;<\/p>\n<p><a href=\"http:\/\/www.abbevillelariviere.fr\/wp-content\/uploads\/2015\/02\/cartejuine.png\"><img loading=\"lazy\" decoding=\"async\" class=\"alignnone size-full wp-image-750\" src=\"http:\/\/www.abbevillelariviere.fr\/wp-content\/uploads\/2015\/02\/cartejuine.png\" alt=\"cartejuine\" width=\"499\" height=\"269\" srcset=\"https:\/\/www.abbevillelariviere.fr\/wp-content\/uploads\/2015\/02\/cartejuine.png 499w, https:\/\/www.abbevillelariviere.fr\/wp-content\/uploads\/2015\/02\/cartejuine-300x162.png 300w\" sizes=\"(max-width: 499px) 100vw, 499px\" \/><\/a><\/p>\n<p>&nbsp;<\/p>\n","protected":false},"excerpt":{"rendered":"<p>La commune fait partie du site inscrit Haute Vall\u00e9e de la Juine. Il comprend des paysages tr\u00e8s confin\u00e9s\u00a0qui abritent un chapelet de bourgs et de villages de caract\u00e8re ainsi que [&hellip;]<\/p>\n","protected":false},"author":2,"featured_media":0,"parent":12,"menu_order":0,"comment_status":"closed","ping_status":"closed","template":"","meta":{"site-sidebar-layout":"default","site-content-layout":"","ast-site-content-layout":"","site-content-style":"default","site-sidebar-style":"default","ast-global-header-display":"","ast-banner-title-visibility":"","ast-main-header-display":"","ast-hfb-above-header-display":"","ast-hfb-below-header-display":"","ast-hfb-mobile-header-display":"","site-post-title":"","ast-breadcrumbs-content":"","ast-featured-img":"","footer-sml-layout":"","theme-transparent-header-meta":"","adv-header-id-meta":"","stick-header-meta":"","header-above-stick-meta":"","header-main-stick-meta":"","header-below-stick-meta":"","astra-migrate-meta-layouts":"default","ast-page-background-enabled":"default","ast-page-background-meta":{"desktop":{"background-color":"var(--ast-global-color-4)","background-image":"","background-repeat":"repeat","background-position":"center center","background-size":"auto","background-attachment":"scroll","background-type":"","background-media":"","overlay-type":"","overlay-color":"","overlay-opacity":"","overlay-gradient":""},"tablet":{"background-color":"","background-image":"","background-repeat":"repeat","background-position":"center center","background-size":"auto","background-attachment":"scroll","background-type":"","background-media":"","overlay-type":"","overlay-color":"","overlay-opacity":"","overlay-gradient":""},"mobile":{"background-color":"","background-image":"","background-repeat":"repeat","background-position":"center center","background-size":"auto","background-attachment":"scroll","background-type":"","background-media":"","overlay-type":"","overlay-color":"","overlay-opacity":"","overlay-gradient":""}},"ast-content-background-meta":{"desktop":{"background-color":"var(--ast-global-color-5)","background-image":"","background-repeat":"repeat","background-position":"center center","background-size":"auto","background-attachment":"scroll","background-type":"","background-media":"","overlay-type":"","overlay-color":"","overlay-opacity":"","overlay-gradient":""},"tablet":{"background-color":"var(--ast-global-color-5)","background-image":"","background-repeat":"repeat","background-position":"center center","background-size":"auto","background-attachment":"scroll","background-type":"","background-media":"","overlay-type":"","overlay-color":"","overlay-opacity":"","overlay-gradient":""},"mobile":{"background-color":"var(--ast-global-color-5)","background-image":"","background-repeat":"repeat","background-position":"center center","background-size":"auto","background-attachment":"scroll","background-type":"","background-media":"","overlay-type":"","overlay-color":"","overlay-opacity":"","overlay-gradient":""}},"_EventAllDay":false,"_EventTimezone":"","_EventStartDate":"","_EventEndDate":"","_EventStartDateUTC":"","_EventEndDateUTC":"","_EventShowMap":false,"_EventShowMapLink":false,"_EventURL":"","_EventCost":"","_EventCostDescription":"","_EventCurrencySymbol":"","_EventCurrencyCode":"","_EventCurrencyPosition":"","_EventDateTimeSeparator":"","_EventTimeRangeSeparator":"","_EventOrganizerID":[],"_EventVenueID":[],"_OrganizerEmail":"","_OrganizerPhone":"","_OrganizerWebsite":"","_VenueAddress":"","_VenueCity":"","_VenueCountry":"","_VenueProvince":"","_VenueState":"","_VenueZip":"","_VenuePhone":"","_VenueURL":"","_VenueStateProvince":"","_VenueLat":"","_VenueLng":"","_VenueShowMap":false,"_VenueShowMapLink":false,"footnotes":""},"class_list":["post-245","page","type-page","status-publish","hentry"],"_links":{"self":[{"href":"https:\/\/www.abbevillelariviere.fr\/index.php?rest_route=\/wp\/v2\/pages\/245"}],"collection":[{"href":"https:\/\/www.abbevillelariviere.fr\/index.php?rest_route=\/wp\/v2\/pages"}],"about":[{"href":"https:\/\/www.abbevillelariviere.fr\/index.php?rest_route=\/wp\/v2\/types\/page"}],"author":[{"embeddable":true,"href":"https:\/\/www.abbevillelariviere.fr\/index.php?rest_route=\/wp\/v2\/users\/2"}],"replies":[{"embeddable":true,"href":"https:\/\/www.abbevillelariviere.fr\/index.php?rest_route=%2Fwp%2Fv2%2Fcomments&post=245"}],"version-history":[{"count":7,"href":"https:\/\/www.abbevillelariviere.fr\/index.php?rest_route=\/wp\/v2\/pages\/245\/revisions"}],"predecessor-version":[{"id":751,"href":"https:\/\/www.abbevillelariviere.fr\/index.php?rest_route=\/wp\/v2\/pages\/245\/revisions\/751"}],"up":[{"embeddable":true,"href":"https:\/\/www.abbevillelariviere.fr\/index.php?rest_route=\/wp\/v2\/pages\/12"}],"wp:attachment":[{"href":"https:\/\/www.abbevillelariviere.fr\/index.php?rest_route=%2Fwp%2Fv2%2Fmedia&parent=245"}],"curies":[{"name":"wp","href":"https:\/\/api.w.org\/{rel}","templated":true}]}}