{"id":2968,"date":"2024-11-16T13:06:05","date_gmt":"2024-11-16T12:06:05","guid":{"rendered":"https:\/\/www.abbevillelariviere.fr\/?page_id=2968"},"modified":"2024-11-16T22:12:33","modified_gmt":"2024-11-16T21:12:33","slug":"tiers-lieu-le-martin-pecheur","status":"publish","type":"page","link":"https:\/\/www.abbevillelariviere.fr\/?page_id=2968","title":{"rendered":"Tiers Lieu &#8211; Le Martin P\u00eacheur"},"content":{"rendered":"\n<p class=\"has-background has-medium-font-size\" style=\"background-color:#ffa86b\"><strong>BIBLIOTHEQUE GRATUITE<\/strong> pour toutes et tous.<br>Des livres pour les grands et les tout-petits.<br>\u25cf Samedi 10h \u00e0 12h<br>\u25cf Mercredi 14h \u00e0 17h<br><\/p>\n\n\n\n<p class=\"has-light-green-cyan-background-color has-background has-medium-font-size\"><strong>POTAGER P\u00c9DAGOGIQUE<\/strong> \u00e0 l\u2019ancienne \u00e9cole : De la graine \u00e0 l\u2019assiette on plante, on se cultive et on partage. Pour tous !<br>\u25cf Le samedi matin, un vrai moment convivial \u2026 en passant par la biblioth\u00e8que !<\/p>\n\n\n\n<p class=\"has-background has-medium-font-size\" style=\"background-color:#d5b5da\"><strong>SPORT SANT\u00c9 S\u00c9NIORS<\/strong><br>Des cours adapt\u00e9s aux s\u00e9niors pour des gestes souples.<br>\u25cf Lundi de 11h \u00e0 12h<br>Club de jeux (Belote, Dominos, Tarot, etc.)<br>\u25cf Le mercredi de 14h \u00e0 17h un bon moment ensemble<br><\/p>\n\n\n\n<p class=\"has-pale-pink-background-color has-background has-medium-font-size\"><strong>Cours de FITNESS adultes<\/strong><br>\u25cf Mardi de 20h30 \u00e0 21h30<br>\u25cf Jeudi de 20h00 \u00e0 21h00<br><\/p>\n\n\n\n<p class=\"has-background has-medium-font-size\" style=\"background-color:#b8ec3e\"><strong>Ateliers d\u2019ARTS PLASTIQUES,<\/strong> merci la CAESE<br>\u25cf Enfants : Mercredi de 17h \u00e0 19h<br>\u25cf Adultes : Mercredi de 19h \u00e0 21h<\/p>\n\n\n\n<p><\/p>\n","protected":false},"excerpt":{"rendered":"<p>BIBLIOTHEQUE GRATUITE pour toutes et tous.Des livres pour les grands et les tout-petits.\u25cf Samedi 10h \u00e0 12h\u25cf Mercredi 14h \u00e0 17h POTAGER P\u00c9DAGOGIQUE \u00e0 l\u2019ancienne \u00e9cole : De la graine [&hellip;]<\/p>\n","protected":false},"author":1,"featured_media":0,"parent":0,"menu_order":0,"comment_status":"closed","ping_status":"closed","template":"","meta":{"site-sidebar-layout":"default","site-content-layout":"","ast-site-content-layout":"","site-content-style":"default","site-sidebar-style":"default","ast-global-header-display":"","ast-banner-title-visibility":"","ast-main-header-display":"","ast-hfb-above-header-display":"","ast-hfb-below-header-display":"","ast-hfb-mobile-header-display":"","site-post-title":"","ast-breadcrumbs-content":"","ast-featured-img":"","footer-sml-layout":"","theme-transparent-header-meta":"","adv-header-id-meta":"","stick-header-meta":"","header-above-stick-meta":"","header-main-stick-meta":"","header-below-stick-meta":"","astra-migrate-meta-layouts":"default","ast-page-background-enabled":"default","ast-page-background-meta":{"desktop":{"background-color":"var(--ast-global-color-4)","background-image":"","background-repeat":"repeat","background-position":"center center","background-size":"auto","background-attachment":"scroll","background-type":"","background-media":"","overlay-type":"","overlay-color":"","overlay-opacity":"","overlay-gradient":""},"tablet":{"background-color":"","background-image":"","background-repeat":"repeat","background-position":"center center","background-size":"auto","background-attachment":"scroll","background-type":"","background-media":"","overlay-type":"","overlay-color":"","overlay-opacity":"","overlay-gradient":""},"mobile":{"background-color":"","background-image":"","background-repeat":"repeat","background-position":"center center","background-size":"auto","background-attachment":"scroll","background-type":"","background-media":"","overlay-type":"","overlay-color":"","overlay-opacity":"","overlay-gradient":""}},"ast-content-background-meta":{"desktop":{"background-color":"var(--ast-global-color-5)","background-image":"","background-repeat":"repeat","background-position":"center center","background-size":"auto","background-attachment":"scroll","background-type":"","background-media":"","overlay-type":"","overlay-color":"","overlay-opacity":"","overlay-gradient":""},"tablet":{"background-color":"var(--ast-global-color-5)","background-image":"","background-repeat":"repeat","background-position":"center center","background-size":"auto","background-attachment":"scroll","background-type":"","background-media":"","overlay-type":"","overlay-color":"","overlay-opacity":"","overlay-gradient":""},"mobile":{"background-color":"var(--ast-global-color-5)","background-image":"","background-repeat":"repeat","background-position":"center center","background-size":"auto","background-attachment":"scroll","background-type":"","background-media":"","overlay-type":"","overlay-color":"","overlay-opacity":"","overlay-gradient":""}},"_EventAllDay":false,"_EventTimezone":"","_EventStartDate":"","_EventEndDate":"","_EventStartDateUTC":"","_EventEndDateUTC":"","_EventShowMap":false,"_EventShowMapLink":false,"_EventURL":"","_EventCost":"","_EventCostDescription":"","_EventCurrencySymbol":"","_EventCurrencyCode":"","_EventCurrencyPosition":"","_EventDateTimeSeparator":"","_EventTimeRangeSeparator":"","_EventOrganizerID":[],"_EventVenueID":[],"_OrganizerEmail":"","_OrganizerPhone":"","_OrganizerWebsite":"","_VenueAddress":"","_VenueCity":"","_VenueCountry":"","_VenueProvince":"","_VenueState":"","_VenueZip":"","_VenuePhone":"","_VenueURL":"","_VenueStateProvince":"","_VenueLat":"","_VenueLng":"","_VenueShowMap":false,"_VenueShowMapLink":false,"footnotes":""},"class_list":["post-2968","page","type-page","status-publish","hentry"],"_links":{"self":[{"href":"https:\/\/www.abbevillelariviere.fr\/index.php?rest_route=\/wp\/v2\/pages\/2968"}],"collection":[{"href":"https:\/\/www.abbevillelariviere.fr\/index.php?rest_route=\/wp\/v2\/pages"}],"about":[{"href":"https:\/\/www.abbevillelariviere.fr\/index.php?rest_route=\/wp\/v2\/types\/page"}],"author":[{"embeddable":true,"href":"https:\/\/www.abbevillelariviere.fr\/index.php?rest_route=\/wp\/v2\/users\/1"}],"replies":[{"embeddable":true,"href":"https:\/\/www.abbevillelariviere.fr\/index.php?rest_route=%2Fwp%2Fv2%2Fcomments&post=2968"}],"version-history":[{"count":7,"href":"https:\/\/www.abbevillelariviere.fr\/index.php?rest_route=\/wp\/v2\/pages\/2968\/revisions"}],"predecessor-version":[{"id":2979,"href":"https:\/\/www.abbevillelariviere.fr\/index.php?rest_route=\/wp\/v2\/pages\/2968\/revisions\/2979"}],"wp:attachment":[{"href":"https:\/\/www.abbevillelariviere.fr\/index.php?rest_route=%2Fwp%2Fv2%2Fmedia&parent=2968"}],"curies":[{"name":"wp","href":"https:\/\/api.w.org\/{rel}","templated":true}]}}