{"id":321,"date":"2015-02-08T16:20:40","date_gmt":"2015-02-08T16:20:40","guid":{"rendered":"http:\/\/www.abbevillelariviere.fr\/?page_id=321"},"modified":"2024-11-15T10:03:12","modified_gmt":"2024-11-15T09:03:12","slug":"communaute-de-commune-c-c-e-s-e","status":"publish","type":"page","link":"https:\/\/www.abbevillelariviere.fr\/?page_id=321","title":{"rendered":"Communaut\u00e9 de communes"},"content":{"rendered":"<div class=\"wc-shortcodes-row wc-shortcodes-item wc-shortcodes-clearfix\">\n<div class=\"wc-shortcodes-column wc-shortcodes-content wc-shortcodes-two-third wc-shortcodes-column-first \">\n<h3>P\u00c9RIM\u00c8TRE DES 38 COMMUNES DE LA CCESE<\/h3>\n<p>Le conseil communautaire r\u00e9uni 38 communes autour de 86 d\u00e9l\u00e9gu\u00e9s.<\/p>\n<p><a href=\"http:\/\/www.abbevillelariviere.fr\/wp-content\/uploads\/2015\/02\/img_carte_ccese_38_11155.jpg\" target=\"_blank\" rel=\"noopener\"><img loading=\"lazy\" decoding=\"async\" class=\"alignnone  wp-image-322\" src=\"http:\/\/www.abbevillelariviere.fr\/wp-content\/uploads\/2015\/02\/img_carte_ccese_38_11155-300x233.jpg\" alt=\"img_carte_ccese_38_11155\" width=\"343\" height=\"267\" srcset=\"https:\/\/www.abbevillelariviere.fr\/wp-content\/uploads\/2015\/02\/img_carte_ccese_38_11155-300x233.jpg 300w, https:\/\/www.abbevillelariviere.fr\/wp-content\/uploads\/2015\/02\/img_carte_ccese_38_11155.jpg 1000w\" sizes=\"(max-width: 343px) 100vw, 343px\" \/><\/a><\/p>\n<h3>DOMAINES DE COMP\u00c9TENCE DE LA CCESE<\/h3>\n<ul>\n<li>Actions de d\u00e9veloppement \u00e9conomique<\/li>\n<li>Am\u00e9nagement de l&#8217;espace<\/li>\n<li>Cr\u00e9ation, am\u00e9nagement et entretien de la voirie<\/li>\n<li>Protection et mise en valeur de l\u2019environnement<\/li>\n<li>Construction, entretien et fonctionnement d\u2019\u00e9quipements culturels et sportifs<\/li>\n<li>L\u2019assainissement non collectif comprenant la cr\u00e9ation, le fonctionnement et la gestion du Service Public d\u2019Assainissement Non Collectif (SPANC).<\/li>\n<li>Tourisme<\/li>\n<li>Enfance et jeunesse<\/li>\n<li>\u00c9quipements \u00e0 vocation scolaire, installations sportives<\/li>\n<li>Politique d\u2019accompagnement de la pr\u00e9vention sp\u00e9cialis\u00e9e<\/li>\n<li>Cr\u00e9ation et gestion d\u2019aires d\u2019accueil des gens du voyage<\/li>\n<li>Le point d\u2019acc\u00e8s au Droit (PAD)<\/li>\n<li>Am\u00e9nagement num\u00e9rique du territoire<\/li>\n<li>Gestion des animaux errants<\/li>\n<\/ul>\n<p>Les d\u00e9bats au sein du Conseil Communautaire sont organis\u00e9s \u00e0 l&#8217;aide de commissions et comit\u00e9s consultatifs\u00a0 autour des grands p\u00f4les de comp\u00e9tences :<\/p>\n<ul>\n<li>Commission \u00ab D\u00e9veloppement \u00c9conomique et durable \u2013 infrastructures \u00bb.<\/li>\n<li>Commission \u00ab Culture et tourisme \u00bb<\/li>\n<li>Commission d\u2019appels d\u2019offres<\/li>\n<li>Commission locale charg\u00e9e d\u2019\u00e9valuer les charges transf\u00e9r\u00e9es<\/li>\n<li>Commission d\u2019accessibilit\u00e9<\/li>\n<li>Comit\u00e9 consultatif \u00ab Petite enfance et actions \u00e9ducatives \u00bb<\/li>\n<li>Comit\u00e9 consultatif \u00ab Gestion des d\u00e9chets m\u00e9nagers et assimil\u00e9s \u00bb<\/li>\n<li>Comit\u00e9 scientifique et culturel du mus\u00e9e<\/li>\n<\/ul>\n<p>Au sein de cette instance Le Maire,\u00a0 M. MEYER et le premier adjoint M. GRIFFON sont nos repr\u00e9sentants.<\/p>\n<\/div>\n<div class=\"wc-shortcodes-column wc-shortcodes-content wc-shortcodes-one-third wc-shortcodes-column-last \">\n<p><a href=\"http:\/\/www.etampois-sudessonne.fr\/\" target=\"_blank\" rel=\"noopener\"><img loading=\"lazy\" decoding=\"async\" class=\"alignnone size-full wp-image-598\" src=\"http:\/\/www.abbevillelariviere.fr\/wp-content\/uploads\/2015\/02\/ccese.jpg\" alt=\"ccese\" width=\"256\" height=\"106\" \/><\/a><\/p>\n<div class=\"wc-shortcodes-box wc-shortcodes-item wc-shortcodes-content wc-shortcodes-clearfix wc-shortcodes-box-primary \" style=\"text-align:left;\">\n<h3>LA CCESE EN CHIFFRES<\/h3>\n<p>Depuis le 1er janvier 2009<\/p>\n<p>38 Communes<\/p>\n<p>75 Conseillers Communautaires<\/p>\n<p>56 200 Habitants<\/p>\n<p>Budget 30 Million d&#8217;Euros (2012)<\/p>\n<p>Site :<span style=\"color: #ccffff;\"> <a style=\"color: #ccffff;\" href=\"http:\/\/www.etampois-sudessonne.fr\/\">http:\/\/www.etampois-sudessonne.fr\/<\/a><\/span><\/p>\n<\/div>\n<\/div>\n<\/div>\n","protected":false},"excerpt":{"rendered":"<p>P\u00c9RIM\u00c8TRE DES 38 COMMUNES DE LA CCESE Le conseil communautaire r\u00e9uni 38 communes autour de 86 d\u00e9l\u00e9gu\u00e9s. DOMAINES DE COMP\u00c9TENCE DE LA CCESE Actions de d\u00e9veloppement \u00e9conomique Am\u00e9nagement de l&#8217;espace [&hellip;]<\/p>\n","protected":false},"author":1,"featured_media":0,"parent":44,"menu_order":0,"comment_status":"closed","ping_status":"closed","template":"","meta":{"site-sidebar-layout":"default","site-content-layout":"","ast-site-content-layout":"","site-content-style":"default","site-sidebar-style":"default","ast-global-header-display":"","ast-banner-title-visibility":"","ast-main-header-display":"","ast-hfb-above-header-display":"","ast-hfb-below-header-display":"","ast-hfb-mobile-header-display":"","site-post-title":"","ast-breadcrumbs-content":"","ast-featured-img":"","footer-sml-layout":"","theme-transparent-header-meta":"","adv-header-id-meta":"","stick-header-meta":"","header-above-stick-meta":"","header-main-stick-meta":"","header-below-stick-meta":"","astra-migrate-meta-layouts":"default","ast-page-background-enabled":"default","ast-page-background-meta":{"desktop":{"background-color":"var(--ast-global-color-4)","background-image":"","background-repeat":"repeat","background-position":"center center","background-size":"auto","background-attachment":"scroll","background-type":"","background-media":"","overlay-type":"","overlay-color":"","overlay-opacity":"","overlay-gradient":""},"tablet":{"background-color":"","background-image":"","background-repeat":"repeat","background-position":"center center","background-size":"auto","background-attachment":"scroll","background-type":"","background-media":"","overlay-type":"","overlay-color":"","overlay-opacity":"","overlay-gradient":""},"mobile":{"background-color":"","background-image":"","background-repeat":"repeat","background-position":"center center","background-size":"auto","background-attachment":"scroll","background-type":"","background-media":"","overlay-type":"","overlay-color":"","overlay-opacity":"","overlay-gradient":""}},"ast-content-background-meta":{"desktop":{"background-color":"var(--ast-global-color-5)","background-image":"","background-repeat":"repeat","background-position":"center center","background-size":"auto","background-attachment":"scroll","background-type":"","background-media":"","overlay-type":"","overlay-color":"","overlay-opacity":"","overlay-gradient":""},"tablet":{"background-color":"var(--ast-global-color-5)","background-image":"","background-repeat":"repeat","background-position":"center center","background-size":"auto","background-attachment":"scroll","background-type":"","background-media":"","overlay-type":"","overlay-color":"","overlay-opacity":"","overlay-gradient":""},"mobile":{"background-color":"var(--ast-global-color-5)","background-image":"","background-repeat":"repeat","background-position":"center center","background-size":"auto","background-attachment":"scroll","background-type":"","background-media":"","overlay-type":"","overlay-color":"","overlay-opacity":"","overlay-gradient":""}},"_EventAllDay":false,"_EventTimezone":"","_EventStartDate":"","_EventEndDate":"","_EventStartDateUTC":"","_EventEndDateUTC":"","_EventShowMap":false,"_EventShowMapLink":false,"_EventURL":"","_EventCost":"","_EventCostDescription":"","_EventCurrencySymbol":"","_EventCurrencyCode":"","_EventCurrencyPosition":"","_EventDateTimeSeparator":"","_EventTimeRangeSeparator":"","_EventOrganizerID":[],"_EventVenueID":[],"_OrganizerEmail":"","_OrganizerPhone":"","_OrganizerWebsite":"","_VenueAddress":"","_VenueCity":"","_VenueCountry":"","_VenueProvince":"","_VenueState":"","_VenueZip":"","_VenuePhone":"","_VenueURL":"","_VenueStateProvince":"","_VenueLat":"","_VenueLng":"","_VenueShowMap":false,"_VenueShowMapLink":false,"footnotes":""},"class_list":["post-321","page","type-page","status-publish","hentry"],"_links":{"self":[{"href":"https:\/\/www.abbevillelariviere.fr\/index.php?rest_route=\/wp\/v2\/pages\/321"}],"collection":[{"href":"https:\/\/www.abbevillelariviere.fr\/index.php?rest_route=\/wp\/v2\/pages"}],"about":[{"href":"https:\/\/www.abbevillelariviere.fr\/index.php?rest_route=\/wp\/v2\/types\/page"}],"author":[{"embeddable":true,"href":"https:\/\/www.abbevillelariviere.fr\/index.php?rest_route=\/wp\/v2\/users\/1"}],"replies":[{"embeddable":true,"href":"https:\/\/www.abbevillelariviere.fr\/index.php?rest_route=%2Fwp%2Fv2%2Fcomments&post=321"}],"version-history":[{"count":17,"href":"https:\/\/www.abbevillelariviere.fr\/index.php?rest_route=\/wp\/v2\/pages\/321\/revisions"}],"predecessor-version":[{"id":2966,"href":"https:\/\/www.abbevillelariviere.fr\/index.php?rest_route=\/wp\/v2\/pages\/321\/revisions\/2966"}],"up":[{"embeddable":true,"href":"https:\/\/www.abbevillelariviere.fr\/index.php?rest_route=\/wp\/v2\/pages\/44"}],"wp:attachment":[{"href":"https:\/\/www.abbevillelariviere.fr\/index.php?rest_route=%2Fwp%2Fv2%2Fmedia&parent=321"}],"curies":[{"name":"wp","href":"https:\/\/api.w.org\/{rel}","templated":true}]}}