{"id":44,"date":"2015-02-01T18:36:55","date_gmt":"2015-02-01T18:36:55","guid":{"rendered":"http:\/\/www.abbevillelariviere.fr\/?page_id=44"},"modified":"2015-03-04T09:18:45","modified_gmt":"2015-03-04T09:18:45","slug":"intercommunalite","status":"publish","type":"page","link":"https:\/\/www.abbevillelariviere.fr\/?page_id=44","title":{"rendered":"INTERCOMMUNALIT\u00c9"},"content":{"rendered":"<div class=\"wc-shortcodes-row wc-shortcodes-item wc-shortcodes-clearfix\">\n<div class=\"wc-shortcodes-column wc-shortcodes-content wc-shortcodes-two-third wc-shortcodes-column-first \">\n<p>Abbeville la rivi\u00e8re est une des 38 communes regroup\u00e9es au sein de la\u00a0 Communaut\u00e9 Communes \u00c9tampois Sud Essonne. (C.C.E.S.E).<\/p>\n<p>La communaut\u00e9 de communes est un EPCI regroupant plusieurs communes d&#8217;un seul tenant et sans enclave. Elle a pour objet d&#8217;associer des communes au sein d&#8217;un espace de solidarit\u00e9 en vue de l&#8217;\u00e9laboration d&#8217;un projet commun de d\u00e9veloppement et d&#8217;am\u00e9nagement de l&#8217;espace.<\/p>\n<p>Vous trouverez le d\u00e9tail de chaque structure dans les sous rubriques &#8220;Communaut\u00e9 de Commune&#8221; et &#8220;Syndicats Intercommunaux&#8221;.<\/p>\n<\/div>\n<div class=\"wc-shortcodes-column wc-shortcodes-content wc-shortcodes-one-third wc-shortcodes-column-last \">\n<div class=\"wc-shortcodes-box wc-shortcodes-item wc-shortcodes-content wc-shortcodes-clearfix wc-shortcodes-box-inverse \" style=\"text-align:left;\">\n<h4>D\u00e9finition<\/h4>\n<p>Les \u00e9tablissements publics de coop\u00e9ration intercommunale (EPCI) sont des regroupements de communes ayant pour objet l&#8217;\u00e9laboration de \u00ab projets communs de d\u00e9veloppement au sein de p\u00e9rim\u00e8tres de solidarit\u00e9 \u00bb. Ils sont soumis \u00e0 des r\u00e8gles communes, homog\u00e8nes et comparables \u00e0 celles de collectivit\u00e9s locales. Les communaut\u00e9s urbaines, communaut\u00e9s d&#8217;agglom\u00e9ration, communaut\u00e9s de communes, syndicats d&#8217;agglom\u00e9ration nouvelle, syndicats de communes et les syndicats mixtes sont des EPCI<\/p>\n<\/div>\n<\/div>\n<\/div>\n","protected":false},"excerpt":{"rendered":"<p>Abbeville la rivi\u00e8re est une des 38 communes regroup\u00e9es au sein de la\u00a0 Communaut\u00e9 Communes \u00c9tampois Sud Essonne. (C.C.E.S.E). La communaut\u00e9 de communes est un EPCI regroupant plusieurs communes d&#8217;un [&hellip;]<\/p>\n","protected":false},"author":2,"featured_media":0,"parent":0,"menu_order":10,"comment_status":"closed","ping_status":"closed","template":"","meta":{"site-sidebar-layout":"default","site-content-layout":"","ast-site-content-layout":"","site-content-style":"default","site-sidebar-style":"default","ast-global-header-display":"","ast-banner-title-visibility":"","ast-main-header-display":"","ast-hfb-above-header-display":"","ast-hfb-below-header-display":"","ast-hfb-mobile-header-display":"","site-post-title":"","ast-breadcrumbs-content":"","ast-featured-img":"","footer-sml-layout":"","theme-transparent-header-meta":"","adv-header-id-meta":"","stick-header-meta":"","header-above-stick-meta":"","header-main-stick-meta":"","header-below-stick-meta":"","astra-migrate-meta-layouts":"default","ast-page-background-enabled":"default","ast-page-background-meta":{"desktop":{"background-color":"var(--ast-global-color-4)","background-image":"","background-repeat":"repeat","background-position":"center center","background-size":"auto","background-attachment":"scroll","background-type":"","background-media":"","overlay-type":"","overlay-color":"","overlay-opacity":"","overlay-gradient":""},"tablet":{"background-color":"","background-image":"","background-repeat":"repeat","background-position":"center center","background-size":"auto","background-attachment":"scroll","background-type":"","background-media":"","overlay-type":"","overlay-color":"","overlay-opacity":"","overlay-gradient":""},"mobile":{"background-color":"","background-image":"","background-repeat":"repeat","background-position":"center center","background-size":"auto","background-attachment":"scroll","background-type":"","background-media":"","overlay-type":"","overlay-color":"","overlay-opacity":"","overlay-gradient":""}},"ast-content-background-meta":{"desktop":{"background-color":"var(--ast-global-color-5)","background-image":"","background-repeat":"repeat","background-position":"center center","background-size":"auto","background-attachment":"scroll","background-type":"","background-media":"","overlay-type":"","overlay-color":"","overlay-opacity":"","overlay-gradient":""},"tablet":{"background-color":"var(--ast-global-color-5)","background-image":"","background-repeat":"repeat","background-position":"center center","background-size":"auto","background-attachment":"scroll","background-type":"","background-media":"","overlay-type":"","overlay-color":"","overlay-opacity":"","overlay-gradient":""},"mobile":{"background-color":"var(--ast-global-color-5)","background-image":"","background-repeat":"repeat","background-position":"center center","background-size":"auto","background-attachment":"scroll","background-type":"","background-media":"","overlay-type":"","overlay-color":"","overlay-opacity":"","overlay-gradient":""}},"_EventAllDay":false,"_EventTimezone":"","_EventStartDate":"","_EventEndDate":"","_EventStartDateUTC":"","_EventEndDateUTC":"","_EventShowMap":false,"_EventShowMapLink":false,"_EventURL":"","_EventCost":"","_EventCostDescription":"","_EventCurrencySymbol":"","_EventCurrencyCode":"","_EventCurrencyPosition":"","_EventDateTimeSeparator":"","_EventTimeRangeSeparator":"","_EventOrganizerID":[],"_EventVenueID":[],"_OrganizerEmail":"","_OrganizerPhone":"","_OrganizerWebsite":"","_VenueAddress":"","_VenueCity":"","_VenueCountry":"","_VenueProvince":"","_VenueState":"","_VenueZip":"","_VenuePhone":"","_VenueURL":"","_VenueStateProvince":"","_VenueLat":"","_VenueLng":"","_VenueShowMap":false,"_VenueShowMapLink":false,"footnotes":""},"class_list":["post-44","page","type-page","status-publish","hentry"],"_links":{"self":[{"href":"https:\/\/www.abbevillelariviere.fr\/index.php?rest_route=\/wp\/v2\/pages\/44"}],"collection":[{"href":"https:\/\/www.abbevillelariviere.fr\/index.php?rest_route=\/wp\/v2\/pages"}],"about":[{"href":"https:\/\/www.abbevillelariviere.fr\/index.php?rest_route=\/wp\/v2\/types\/page"}],"author":[{"embeddable":true,"href":"https:\/\/www.abbevillelariviere.fr\/index.php?rest_route=\/wp\/v2\/users\/2"}],"replies":[{"embeddable":true,"href":"https:\/\/www.abbevillelariviere.fr\/index.php?rest_route=%2Fwp%2Fv2%2Fcomments&post=44"}],"version-history":[{"count":9,"href":"https:\/\/www.abbevillelariviere.fr\/index.php?rest_route=\/wp\/v2\/pages\/44\/revisions"}],"predecessor-version":[{"id":657,"href":"https:\/\/www.abbevillelariviere.fr\/index.php?rest_route=\/wp\/v2\/pages\/44\/revisions\/657"}],"wp:attachment":[{"href":"https:\/\/www.abbevillelariviere.fr\/index.php?rest_route=%2Fwp%2Fv2%2Fmedia&parent=44"}],"curies":[{"name":"wp","href":"https:\/\/api.w.org\/{rel}","templated":true}]}}