{"id":46,"date":"2015-02-01T18:37:21","date_gmt":"2015-02-01T18:37:21","guid":{"rendered":"http:\/\/www.abbevillelariviere.fr\/?page_id=46"},"modified":"2015-03-04T17:10:23","modified_gmt":"2015-03-04T17:10:23","slug":"vie-economique","status":"publish","type":"page","link":"https:\/\/www.abbevillelariviere.fr\/?page_id=46","title":{"rendered":"VIE \u00c9CONOMIQUE"},"content":{"rendered":"<p>Il existe des artisans de qualit\u00e9 sur la commune d&#8217;Abb\u00e9ville la Rivi\u00e8re et dans les villages voisins. Faites appel \u00e0 leurs comp\u00e9tences !<\/p>\n<p>&nbsp;<\/p>\n\n<table id=\"tablepress-2\" class=\"tablepress tablepress-id-2\">\n<thead>\n<tr class=\"row-1 odd\">\n\t<th class=\"column-1\">Artisan<\/th><th class=\"column-2\">Activit\u00e9<\/th><th class=\"column-3\">T\u00e9l\u00e9phone<\/th>\n<\/tr>\n<\/thead>\n<tbody class=\"row-hover\">\n<tr class=\"row-2 even\">\n\t<td class=\"column-1\">Abbeville location benne <br \/>\nM. BOISSIERE S\u00e9bastien<\/td><td class=\"column-2\">Location de bennes<\/td><td class=\"column-3\">06 74 82 02 95<\/td>\n<\/tr>\n<tr class=\"row-3 odd\">\n\t<td class=\"column-1\">Abbeville Paysage Elagage<\/td><td class=\"column-2\">Elagueur - Paysagiste<\/td><td class=\"column-3\">07 89 79 42 18<\/td>\n<\/tr>\n<tr class=\"row-4 even\">\n\t<td class=\"column-1\">Ateliers RENARD<br \/>\n(Fontenette)<\/td><td class=\"column-2\">Aerogommage et peinture d\u00e9corative<br \/>\n <a href=\"http:\/\/www.ateliersrenard.fr\" target=\"_blank\" rel=\"noopener\">www.ateliersrenard.fr<\/a> <br \/>\n<\/td><td class=\"column-3\">01 64 95 20 51<\/td>\n<\/tr>\n<tr class=\"row-5 odd\">\n\t<td class=\"column-1\">BENJAMIN DESMURD<\/td><td class=\"column-2\">Couvreur \u00e0 Abb\u00e9ville la rivi\u00e8re<\/td><td class=\"column-3\">06 23 52 01 81<\/td>\n<\/tr>\n<tr class=\"row-6 even\">\n\t<td class=\"column-1\">BG GARAGE ET DISTRIBUTION<\/td><td class=\"column-2\">Garage m\u00e9canique<\/td><td class=\"column-3\">06 68 06 70 74<\/td>\n<\/tr>\n<tr class=\"row-7 odd\">\n\t<td class=\"column-1\">CULLINAN BENGAL<\/td><td class=\"column-2\">\u00c9levage de chats Bengal<\/td><td class=\"column-3\">06 71 62 92 25<\/td>\n<\/tr>\n<tr class=\"row-8 even\">\n\t<td class=\"column-1\">Gite de l\u2019Orme<\/td><td class=\"column-2\">G\u00eete et Chambres d\u2019h\u00f4te \u00e0 la ferme<br \/>\n <a href=\"http:\/\/www.gitedelorme.fr\" target=\"_blank\" rel=\"noopener\">www.gitedelorme.fr<\/a> <\/td><td class=\"column-3\">01 60 80 91 82<\/td>\n<\/tr>\n<tr class=\"row-9 odd\">\n\t<td class=\"column-1\">IDM Electricit\u00e9 <br \/>\nM. RAGANI Quentin<\/td><td class=\"column-2\">Electricit\u00e9<\/td><td class=\"column-3\">06 10 90 87 02<\/td>\n<\/tr>\n<tr class=\"row-10 even\">\n\t<td class=\"column-1\">JDM - JOSE DA COSTA DIAS<\/td><td class=\"column-2\">Pose de carrelages, Fa\u00efence, Terrasse Ma\u00e7onnerie, Cloison, Placo, Platerie<\/td><td class=\"column-3\">06 63 23 48 14<\/td>\n<\/tr>\n<tr class=\"row-11 odd\">\n\t<td class=\"column-1\">JULIE CANVA<\/td><td class=\"column-2\">Infirmi\u00e8re <\/td><td class=\"column-3\">06 99 36 01 41<\/td>\n<\/tr>\n<tr class=\"row-12 even\">\n\t<td class=\"column-1\">L\u2019\u00c9climont et ses lamas<\/td><td class=\"column-2\">Gites en roulotte<br \/>\nRandonn\u00e9es - M\u00e9diation Animale<\/td><td class=\"column-3\">01 64 95 67 18<\/td>\n<\/tr>\n<tr class=\"row-13 odd\">\n\t<td class=\"column-1\">LE JONCOUR Anne Isabelle <\/td><td class=\"column-2\">Architecte DPLG<\/td><td class=\"column-3\">06 07 76 19 60<\/td>\n<\/tr>\n<tr class=\"row-14 even\">\n\t<td class=\"column-1\">Les Sources de l\u2019\u00e9climont<\/td><td class=\"column-2\">Parcours de p\u00eache \u00e0 la mouche - Vente de truite fraiche et fum\u00e9e<\/td><td class=\"column-3\">01 64 95 67 18<\/td>\n<\/tr>\n<tr class=\"row-15 odd\">\n\t<td class=\"column-1\">LEV\u00caQUE Bruno<\/td><td class=\"column-2\">Plomberie<\/td><td class=\"column-3\">02 38 30 03 03<\/td>\n<\/tr>\n<tr class=\"row-16 even\">\n\t<td class=\"column-1\">LIGIER Nathalie<\/td><td class=\"column-2\">Coach sportif<\/td><td class=\"column-3\">06 14 36 80 16<\/td>\n<\/tr>\n<tr class=\"row-17 odd\">\n\t<td class=\"column-1\">M. CASSAYRE Andy<\/td><td class=\"column-2\">Artiste peintre<br \/>\n<a href=\"http:\/\/www.andy-cassayre.webnode.fr\/\" target=\"_blank\" rel=\"noopener\">andy-cassayre.webnode.fr\/<\/a> <\/td><td class=\"column-3\"><\/td>\n<\/tr>\n<tr class=\"row-18 even\">\n\t<td class=\"column-1\">M. PERROT Pascal<\/td><td class=\"column-2\">Terrassement Assainissement Voirie<\/td><td class=\"column-3\">06 22 37 68 26<\/td>\n<\/tr>\n<tr class=\"row-19 odd\">\n\t<td class=\"column-1\">MATERIEL ET RENOVATION DE L'HABITAT, MRH (SASU MRH)<\/td><td class=\"column-2\">Tout travaux d'int\u00e9rieur<\/td><td class=\"column-3\">06 26 88 16 98<\/td>\n<\/tr>\n<tr class=\"row-20 even\">\n\t<td class=\"column-1\">MENTEAU TAXI <\/td><td class=\"column-2\">Taxi \u00e0 Abb\u00e9ville la rivi\u00e8re<\/td><td class=\"column-3\">06 86 41 81 64<\/td>\n<\/tr>\n<tr class=\"row-21 odd\">\n\t<td class=\"column-1\">METALLERIE BLOT <\/td><td class=\"column-2\">travaux de menuiserie m\u00e9tallique et serrurerie<\/td><td class=\"column-3\">06 72 80 03 53<\/td>\n<\/tr>\n<tr class=\"row-22 even\">\n\t<td class=\"column-1\">Mille et une coupes <br \/>\nMme RINGEVAL Marion<\/td><td class=\"column-2\">Coiffure \u00e0 domicile et Salon de coiffure<\/td><td class=\"column-3\">06 03 88 83 46<\/td>\n<\/tr>\n<tr class=\"row-23 odd\">\n\t<td class=\"column-1\">MIRYAM LE MORVAN<\/td><td class=\"column-2\">Naturopathe <\/td><td class=\"column-3\">06 49 84 50 40<\/td>\n<\/tr>\n<tr class=\"row-24 even\">\n\t<td class=\"column-1\">Sellerie - N'Anima Cuir <\/td><td class=\"column-2\">Equipement de cuir  pour animaux d'\u00e9levage et de compagnie<\/td><td class=\"column-3\">06 81 68 10 87<\/td>\n<\/tr>\n<tr class=\"row-25 odd\">\n\t<td class=\"column-1\">ST\u00c9PHANIE BEAUTY<\/td><td class=\"column-2\">Extension de cils  Instagram : stephaniebeauty._06 71 62 92 25<\/td><td class=\"column-3\">06 71 62 92 25<\/td>\n<\/tr>\n<tr class=\"row-26 even\">\n\t<td class=\"column-1\">STOCCHETI<\/td><td class=\"column-2\">Charpente- couverture<\/td><td class=\"column-3\">07 88 10 48 82<\/td>\n<\/tr>\n<\/tbody>\n<\/table>\n<!-- #tablepress-2 from cache -->\n<p>&nbsp;<\/p>\n","protected":false},"excerpt":{"rendered":"<p>Il existe des artisans de qualit\u00e9 sur la commune d&#8217;Abb\u00e9ville la Rivi\u00e8re et dans les villages voisins. Faites appel \u00e0 leurs comp\u00e9tences ! &nbsp; &nbsp;<\/p>\n","protected":false},"author":2,"featured_media":0,"parent":0,"menu_order":15,"comment_status":"closed","ping_status":"closed","template":"","meta":{"site-sidebar-layout":"default","site-content-layout":"","ast-site-content-layout":"","site-content-style":"default","site-sidebar-style":"default","ast-global-header-display":"","ast-banner-title-visibility":"","ast-main-header-display":"","ast-hfb-above-header-display":"","ast-hfb-below-header-display":"","ast-hfb-mobile-header-display":"","site-post-title":"","ast-breadcrumbs-content":"","ast-featured-img":"","footer-sml-layout":"","theme-transparent-header-meta":"","adv-header-id-meta":"","stick-header-meta":"","header-above-stick-meta":"","header-main-stick-meta":"","header-below-stick-meta":"","astra-migrate-meta-layouts":"default","ast-page-background-enabled":"default","ast-page-background-meta":{"desktop":{"background-color":"var(--ast-global-color-4)","background-image":"","background-repeat":"repeat","background-position":"center center","background-size":"auto","background-attachment":"scroll","background-type":"","background-media":"","overlay-type":"","overlay-color":"","overlay-opacity":"","overlay-gradient":""},"tablet":{"background-color":"","background-image":"","background-repeat":"repeat","background-position":"center center","background-size":"auto","background-attachment":"scroll","background-type":"","background-media":"","overlay-type":"","overlay-color":"","overlay-opacity":"","overlay-gradient":""},"mobile":{"background-color":"","background-image":"","background-repeat":"repeat","background-position":"center center","background-size":"auto","background-attachment":"scroll","background-type":"","background-media":"","overlay-type":"","overlay-color":"","overlay-opacity":"","overlay-gradient":""}},"ast-content-background-meta":{"desktop":{"background-color":"var(--ast-global-color-5)","background-image":"","background-repeat":"repeat","background-position":"center center","background-size":"auto","background-attachment":"scroll","background-type":"","background-media":"","overlay-type":"","overlay-color":"","overlay-opacity":"","overlay-gradient":""},"tablet":{"background-color":"var(--ast-global-color-5)","background-image":"","background-repeat":"repeat","background-position":"center center","background-size":"auto","background-attachment":"scroll","background-type":"","background-media":"","overlay-type":"","overlay-color":"","overlay-opacity":"","overlay-gradient":""},"mobile":{"background-color":"var(--ast-global-color-5)","background-image":"","background-repeat":"repeat","background-position":"center center","background-size":"auto","background-attachment":"scroll","background-type":"","background-media":"","overlay-type":"","overlay-color":"","overlay-opacity":"","overlay-gradient":""}},"_EventAllDay":false,"_EventTimezone":"","_EventStartDate":"","_EventEndDate":"","_EventStartDateUTC":"","_EventEndDateUTC":"","_EventShowMap":false,"_EventShowMapLink":false,"_EventURL":"","_EventCost":"","_EventCostDescription":"","_EventCurrencySymbol":"","_EventCurrencyCode":"","_EventCurrencyPosition":"","_EventDateTimeSeparator":"","_EventTimeRangeSeparator":"","_EventOrganizerID":[],"_EventVenueID":[],"_OrganizerEmail":"","_OrganizerPhone":"","_OrganizerWebsite":"","_VenueAddress":"","_VenueCity":"","_VenueCountry":"","_VenueProvince":"","_VenueState":"","_VenueZip":"","_VenuePhone":"","_VenueURL":"","_VenueStateProvince":"","_VenueLat":"","_VenueLng":"","_VenueShowMap":false,"_VenueShowMapLink":false,"footnotes":""},"class_list":["post-46","page","type-page","status-publish","hentry"],"_links":{"self":[{"href":"https:\/\/www.abbevillelariviere.fr\/index.php?rest_route=\/wp\/v2\/pages\/46"}],"collection":[{"href":"https:\/\/www.abbevillelariviere.fr\/index.php?rest_route=\/wp\/v2\/pages"}],"about":[{"href":"https:\/\/www.abbevillelariviere.fr\/index.php?rest_route=\/wp\/v2\/types\/page"}],"author":[{"embeddable":true,"href":"https:\/\/www.abbevillelariviere.fr\/index.php?rest_route=\/wp\/v2\/users\/2"}],"replies":[{"embeddable":true,"href":"https:\/\/www.abbevillelariviere.fr\/index.php?rest_route=%2Fwp%2Fv2%2Fcomments&post=46"}],"version-history":[{"count":6,"href":"https:\/\/www.abbevillelariviere.fr\/index.php?rest_route=\/wp\/v2\/pages\/46\/revisions"}],"predecessor-version":[{"id":685,"href":"https:\/\/www.abbevillelariviere.fr\/index.php?rest_route=\/wp\/v2\/pages\/46\/revisions\/685"}],"wp:attachment":[{"href":"https:\/\/www.abbevillelariviere.fr\/index.php?rest_route=%2Fwp%2Fv2%2Fmedia&parent=46"}],"curies":[{"name":"wp","href":"https:\/\/api.w.org\/{rel}","templated":true}]}}