{"id":48,"date":"2015-02-01T18:37:48","date_gmt":"2015-02-01T18:37:48","guid":{"rendered":"http:\/\/www.abbevillelariviere.fr\/?page_id=48"},"modified":"2024-11-13T16:19:12","modified_gmt":"2024-11-13T15:19:12","slug":"vie-associative-et-culturelle","status":"publish","type":"page","link":"https:\/\/www.abbevillelariviere.fr\/?page_id=48","title":{"rendered":"VIE CULTURELLE &#038; ASSOCIATIVE"},"content":{"rendered":"<div id=\"wc-shortcodes-tab-1\" class=\"wc-shortcodes-tabs wc-shortcodes-item wc-shortcodes-tabs-layout-box\">\n<ul class=\"wcs-tabs-nav wc-shortcodes-clearfix\">\n<li><a href=\"#\" data-index=\"0\" data-id=\"#wc-shortcodes-tab-artistes-et-associations\">Artistes et Associations<\/a><\/li>\n<li><a href=\"#\" data-index=\"1\" data-id=\"#wc-shortcodes-tab-le-calendrier-des-evenements\">Le Calendrier des \u00e9v\u00e8nements<\/a><\/li>\n<\/ul>\n<div class=\"tab-content-wrapper tab-content-hide\">\n<div id=\"wc-shortcodes-tab-artistes-et-associations\" class=\"tab-content wc-shortcodes-content\">\n<h3>Atelier d&#8217;art plastique<\/h3>\n<p>Ateliers d&#8217;Arts Plastiques de l&#8217;Ecole intercommunale de Morigny Champigny et Abb\u00e9ville la rivi\u00e8re .<\/p>\n<p>Pour s&#8217;inscrire :https:\/\/www.caese.fr\/se-divertir\/musique-danse-et-arts-plastiques\/ecole-darts-plastiques\/<\/p>\n<p align=\"center\"><strong>Atelier d\u2019Arts Plastiques d\u2019Abb\u00e9ville-la-Rivi\u00e8re\u00a0 <\/strong><strong>\u00a0<\/strong>Dans l\u2019\u00e9cole d\u2019Abb\u00e9ville-la-Rivi\u00e8re<\/p>\n<p align=\"center\">Place de la Mairie 91150 Abb\u00e9ville-la-Rivi\u00e8re :\u00a0 01 64 59 26 76 \/ <a style=\"font-size: revert; font-family: -apple-system, BlinkMacSystemFont, 'Segoe UI', Roboto, Oxygen-Sans, Ubuntu, Cantarell, 'Helvetica Neue', sans-serif;\" title=\"mailto:ecole.artsplastiques@caese.fr\" href=\"mailto:ecole.artsplastiques@caese.fr\">ecole.artsplastiques@caese.fr<\/a><\/p>\n<p>Tous les amateurs d\u2019art peuvent en effet trouver au sein de l\u2019\u00e9cole d\u2019arts plastiques intercommunale le moyen de satisfaire leur \u00e9lan cr\u00e9atif gr\u00e2ce aux professeurs confirm\u00e9s et artistes accomplis qui y enseignent. Ces cours ont pour vocation d\u2019offrir aux adultes, adolescents et enfants d\u00e8s 7 ans l\u2019acc\u00e8s \u00e0 un enseignement artistique th\u00e9orique et pratique dans diff\u00e9rentes disciplines : dessin, peinture, modelage, gravure, portrait, graff, bande dessin\u00e9e.<\/p>\n<p>L\u2019atout de ces classes ? des effectifs r\u00e9duits qui permettent un suivi personnalis\u00e9 et une progression rapide. Le succ\u00e8s et la qualit\u00e9 des cours dispens\u00e9s ne se sont d\u2019ailleurs jamais d\u00e9mentis depuis leur cr\u00e9ation.Aussi, tout au long de l\u2019ann\u00e9e, les artistes en herbe auront le plaisir de pr\u00e9senter leur travail lors d\u2019expositions annuelles.<\/p>\n<h3>La biblioth\u00e8que<\/h3>\n<p>Abb\u00e9ville-la-Rivi\u00e8re met \u00e0 votre disposition, dans l&#8217;ancienne \u00e9cole une b<span style=\"font-size: revert; color: initial; font-family: -apple-system, BlinkMacSystemFont, 'Segoe UI', Roboto, Oxygen-Sans, Ubuntu, Cantarell, 'Helvetica Neue', sans-serif;\">iblioth\u00e8que. La biblioth\u00e8que du Martin P\u00eacheur est ouverte : <\/span><strong>Mercredi <\/strong><strong style=\"font-size: revert; color: initial; font-family: -apple-system, BlinkMacSystemFont, 'Segoe UI', Roboto, Oxygen-Sans, Ubuntu, Cantarell, 'Helvetica Neue', sans-serif;\">14h30 \u00e0 17h00 et\u00a0 <\/strong><strong>Samedi <\/strong><strong>10h00 \u00e0 12h00<\/strong><\/p>\n<p>Pour nous contacter : blibliotheque@abbevillelariviere.fr<\/p>\n<p>Pour consulter notre catalogue en ligne :\u00a0http:\/\/mabib.fr\/abbeville-la-riviere\/<\/p>\n<h3>Le potager p\u00e9dagogique<\/h3>\n<p>Abb\u00e9ville-la-Rivi\u00e8re a ouvert en 2020, dans l&#8217;ancien jardin de l&#8217;ecole un potager p\u00e9dagogique.<\/p>\n<p>Vous pouvez y retrouver les amateurs de jardinage\u00a0 pour discuter, \u00e9changer , prendre un verre de l&#8217;amiti\u00e9 tout les samedis de l&#8217;ann\u00e9e !<\/p>\n<h3>Le comit\u00e9 des f\u00eates<\/h3>\n<p>Abb\u00e9ville-la-Rivi\u00e8re et Arrancourt partagent beaucoup de choses. En premier lieu, un cadre de vie privil\u00e9gi\u00e9 en la vall\u00e9e de l\u2019Eclimont mais \u00e9galement l\u2019\u00e9glise d\u2019Abb\u00e9ville, devenue par la force des choses celle des Arrancourtois ou encore l\u2019\u00e9cole puisque les deux communes font partie du m\u00eame regroupement p\u00e9dagogique.<\/p>\n<p>Nous partagerons aussi le Comit\u00e9 des f\u00eates.<\/p>\n<p>L&#8217;actualit\u00e9 du comit\u00e9 des f\u00eates est\u00a0 diffus\u00e9e sur le site d&#8217;Abb\u00e9ville-la-Rivi\u00e8re.<\/p>\n<hr class=\"wc-shortcodes-divider wc-shortcodes-item wc-shortcodes-divider-line-single wc-shortcodes-divider-style-solid \"  \/>\n<h3>ARTEFACT<\/h3>\n<p>Association de d\u00e9veloppement culturel de la Vall\u00e9e de l&#8217;Eclimont et du Sud-Essonne par l&#8217;organisation de spectacles vivants (th\u00e9\u00e2tre, cin\u00e9-concert, concert) et par l&#8217;aide aux artistes.<\/p>\n<p>Son actualit\u00e9 sera pr\u00e9sent\u00e9e dans les \u00e9v\u00e8nements de la commune.<\/p>\n<hr class=\"wc-shortcodes-divider wc-shortcodes-item wc-shortcodes-divider-line-single wc-shortcodes-divider-style-solid \"  \/>\n<h3>Nicolas CAILLY<\/h3>\n<p>Amoureux de la nature, Nicolas CAILLY\u00a0 est un aquarelliste mais \u00e9galement sculpteur ( il travaille le bois, la pierre et autres mat\u00e9riaux pour leurs diverses textures, couleurs ou densit\u00e9, ainsi que la terre pour la r\u00e9alisation de bronzes) .<\/p>\n<p>Visitez son site : <a href=\"http:\/\/www.nicolas-cailly.com\/\" target=\"_blank\" rel=\"noopener\">http:\/\/www.nicolas-cailly.com\/<\/a><\/p>\n<hr class=\"wc-shortcodes-divider wc-shortcodes-item wc-shortcodes-divider-line-single wc-shortcodes-divider-style-solid \"  \/>\n<h3>Ga\u00ebl MEVEL<\/h3>\n<p>Auteur-compositeur r\u00e9sidant sur Abbeville la rivi\u00e8re.<\/p>\n<p>Il propose souvent des concerts et soir\u00e9es th\u00e9matique dans le lieu nomm\u00e9 &#8220;La Maison en Bois&#8221;.<\/p>\n<p>Au travers de l&#8217;association ARTEFACT (Egalement sur Abb\u00e9ville la rivi\u00e8re) il intervient \u00e9galement \u00e0 l&#8217;occasion de concert dans l&#8217;\u00e9glise du village.<\/p>\n<p><a href=\"http:\/\/www.gaelmevel.com\" target=\"_blank\" rel=\"noopener\">www.gaelmevel.com<\/a><\/p>\n<hr class=\"wc-shortcodes-divider wc-shortcodes-item wc-shortcodes-divider-line-single wc-shortcodes-divider-style-solid \"  \/>\n<h3>\u00a0Les Sources de l&#8217;Eclimont<\/h3>\n<p>Le parcours mouche de l&#8217;Eclimont et ses lamas vous proposent des promenades en sous bois dans un cadre pr\u00e9serv\u00e9 le long de la rivi\u00e8re tout en remontant jusqu\u2019aux diff\u00e9rentes sources qui alimentent un r\u00e9servoir de p\u00eache \u00e0 la mouche en compagnie de Lamas que vous pourrez conduire en longe.<\/p>\n<p>Isabelle et Matt vous accompagne \u00e0 la d\u00e9couverte de la nature environnante.<\/p>\n<p>Plus de d\u00e9tail sur le site <a href=\"http:\/\/www.pechemouche-eclimont.fr\/\" target=\"_blank\" rel=\"noopener\">http:\/\/www.pechemouche-eclimont.fr\/<\/a><\/p>\n<h3><hr class=\"wc-shortcodes-divider wc-shortcodes-item wc-shortcodes-divider-line-single wc-shortcodes-divider-style-solid \"  \/><\/h3>\n<h3>Le caf\u00e9 du Silo<\/h3>\n<p>Moulin de Boigny<br \/>\n1 rue du Pont de Boigny 91660 MEREVILLE<\/p>\n<p>Un endroit \u00e0 connaitre,\u00a0 on y mange bien et surtout on profite d&#8217;une belle programmation. Appeler ou consulter leur site<br \/>\n01 64 95 00 98<br \/>\n<a href=\"http:\/\/www.lesilo.com\/\" target=\"_blank\" rel=\"noopener\">http:\/\/www.lesilo.com\/<\/a><\/p>\n<hr class=\"wc-shortcodes-divider wc-shortcodes-item wc-shortcodes-divider-line-single wc-shortcodes-divider-style-solid \"  \/>\n<h3>Th\u00e9\u00e2tre d\u2019Etampes<\/h3>\n<p>Adresse : Rue L\u00e9on Marquis &#8211; Place Etienne Geoffroy-Saint-Hilaire 91150 Etampes<br \/>\nContacter Th\u00e9\u00e2tre d\u2019Etampes par e-mail ou par t\u00e9l\u00e9phone au 01 69 92 69 07<br \/>\nLe site web de Th\u00e9\u00e2tre d\u2019Etampes : <a href=\"www.etampois-sudessonne.fr\" target=\"_blank\" rel=\"noopener\">www.etampois-sudessonne.fr<\/a><\/p>\n<h3><hr class=\"wc-shortcodes-divider wc-shortcodes-item wc-shortcodes-divider-line-single wc-shortcodes-divider-style-solid \"  \/><\/h3>\n<h3>Domaine d\u00e9partemental de Chamarande<\/h3>\n<p>38 rue du commandant Arnoux<br \/>\n91730 Chamarande<br \/>\nT\u00e9l. : 01 60 82 52 01<br \/>\nCourriel : chamarande@essonne.fr<br \/>\nEntr\u00e9e libre &#8211; Toutes les manifestations sont gratuites<br \/>\n<a href=\"http:\/\/chamarande.essonne.fr\/\" target=\"_blank\" rel=\"noopener\">http:\/\/chamarande.essonne.fr\/<\/a><\/p>\n<p>Ouverture du parc<br \/>\nToute l&#8217;ann\u00e9e<br \/>\n\u2022 Avril-mai : 9h-19h<br \/>\n\u2022 Juin-septembre : 9h-20h<br \/>\n\u2022 Octobre : 9h-18h<br \/>\n\u2022 Novembre-janvier : 9h-17h<br \/>\n\u2022 F\u00e9vrier-mars : 9h-18h<\/p>\n<p><a href=\"http:\/\/www.abbevillelariviere.fr\/wp-content\/uploads\/2015\/02\/Livret-de-programmation-Automne-Hiver-2014-2015.pdf\" target=\"_blank\" rel=\"noopener\">Le programme hivers 2014-2015<\/a><\/p>\n<h3><hr class=\"wc-shortcodes-divider wc-shortcodes-item wc-shortcodes-divider-line-single wc-shortcodes-divider-style-solid \"  \/><\/h3>\n<h3>Domaine de M\u00e9reville<\/h3>\n<p>Propri\u00e9t\u00e9 du Conseil g\u00e9n\u00e9ral de l\u2019Essonne depuis d\u00e9cembre 2000, le Domaine de M\u00e9r\u00e9ville s\u2019appr\u00e9cie comme le dernier exemple de jardin pittoresque r\u00e9alis\u00e9 \u00e0 la fin du XVIIIe si\u00e8cle. Son acquisition rel\u00e8ve d\u2019une d\u00e9termination politique de r\u00e9habilitation, d\u2019am\u00e9nagement et de valorisation du site. Le D\u00e9partement entend ainsi participer \u00e0 la valorisation du patrimoine b\u00e2ti et paysager en conduisant des actions d\u2019information et de sensibilisation sur les parcs et jardins historiques de l\u2019Essonne.<\/p>\n<\/div>\n<\/div>\n<div class=\"tab-content-wrapper tab-content-hide\">\n<div id=\"wc-shortcodes-tab-le-calendrier-des-evenements\" class=\"tab-content wc-shortcodes-content\">\n<p><strong><span style=\"color: #993366;\"><i class=\"wc-shortcodes-fa fa fa-calendar \" style=\"\"><\/i> Comit\u00e9 des f\u00eates<\/span><\/strong><\/p>\n<p><strong><span style=\"color: #339966;\"><i class=\"wc-shortcodes-fa fa fa-calendar \" style=\"\"><\/i> Ev\u00e8nements culturels<\/span><\/strong><\/p>\n<p>[eventlist categories=&#8221;3,4&#8243; limit=40 <tt>end=\"+<tt>1<\/tt> <tt><tt>Year<\/tt><\/tt>\"<\/tt> ]<\/p>\n<\/div>\n<\/div>\n<h3><\/div>\n","protected":false},"excerpt":{"rendered":"","protected":false},"author":2,"featured_media":0,"parent":0,"menu_order":22,"comment_status":"closed","ping_status":"closed","template":"","meta":{"site-sidebar-layout":"default","site-content-layout":"","ast-site-content-layout":"","site-content-style":"default","site-sidebar-style":"default","ast-global-header-display":"","ast-banner-title-visibility":"","ast-main-header-display":"","ast-hfb-above-header-display":"","ast-hfb-below-header-display":"","ast-hfb-mobile-header-display":"","site-post-title":"","ast-breadcrumbs-content":"","ast-featured-img":"","footer-sml-layout":"","theme-transparent-header-meta":"","adv-header-id-meta":"","stick-header-meta":"","header-above-stick-meta":"","header-main-stick-meta":"","header-below-stick-meta":"","astra-migrate-meta-layouts":"default","ast-page-background-enabled":"default","ast-page-background-meta":{"desktop":{"background-color":"var(--ast-global-color-4)","background-image":"","background-repeat":"repeat","background-position":"center center","background-size":"auto","background-attachment":"scroll","background-type":"","background-media":"","overlay-type":"","overlay-color":"","overlay-opacity":"","overlay-gradient":""},"tablet":{"background-color":"","background-image":"","background-repeat":"repeat","background-position":"center center","background-size":"auto","background-attachment":"scroll","background-type":"","background-media":"","overlay-type":"","overlay-color":"","overlay-opacity":"","overlay-gradient":""},"mobile":{"background-color":"","background-image":"","background-repeat":"repeat","background-position":"center center","background-size":"auto","background-attachment":"scroll","background-type":"","background-media":"","overlay-type":"","overlay-color":"","overlay-opacity":"","overlay-gradient":""}},"ast-content-background-meta":{"desktop":{"background-color":"var(--ast-global-color-5)","background-image":"","background-repeat":"repeat","background-position":"center center","background-size":"auto","background-attachment":"scroll","background-type":"","background-media":"","overlay-type":"","overlay-color":"","overlay-opacity":"","overlay-gradient":""},"tablet":{"background-color":"var(--ast-global-color-5)","background-image":"","background-repeat":"repeat","background-position":"center center","background-size":"auto","background-attachment":"scroll","background-type":"","background-media":"","overlay-type":"","overlay-color":"","overlay-opacity":"","overlay-gradient":""},"mobile":{"background-color":"var(--ast-global-color-5)","background-image":"","background-repeat":"repeat","background-position":"center center","background-size":"auto","background-attachment":"scroll","background-type":"","background-media":"","overlay-type":"","overlay-color":"","overlay-opacity":"","overlay-gradient":""}},"_EventAllDay":false,"_EventTimezone":"","_EventStartDate":"","_EventEndDate":"","_EventStartDateUTC":"","_EventEndDateUTC":"","_EventShowMap":false,"_EventShowMapLink":false,"_EventURL":"","_EventCost":"","_EventCostDescription":"","_EventCurrencySymbol":"","_EventCurrencyCode":"","_EventCurrencyPosition":"","_EventDateTimeSeparator":"","_EventTimeRangeSeparator":"","_EventOrganizerID":[],"_EventVenueID":[],"_OrganizerEmail":"","_OrganizerPhone":"","_OrganizerWebsite":"","_VenueAddress":"","_VenueCity":"","_VenueCountry":"","_VenueProvince":"","_VenueState":"","_VenueZip":"","_VenuePhone":"","_VenueURL":"","_VenueStateProvince":"","_VenueLat":"","_VenueLng":"","_VenueShowMap":false,"_VenueShowMapLink":false,"footnotes":""},"class_list":["post-48","page","type-page","status-publish","hentry"],"_links":{"self":[{"href":"https:\/\/www.abbevillelariviere.fr\/index.php?rest_route=\/wp\/v2\/pages\/48"}],"collection":[{"href":"https:\/\/www.abbevillelariviere.fr\/index.php?rest_route=\/wp\/v2\/pages"}],"about":[{"href":"https:\/\/www.abbevillelariviere.fr\/index.php?rest_route=\/wp\/v2\/types\/page"}],"author":[{"embeddable":true,"href":"https:\/\/www.abbevillelariviere.fr\/index.php?rest_route=\/wp\/v2\/users\/2"}],"replies":[{"embeddable":true,"href":"https:\/\/www.abbevillelariviere.fr\/index.php?rest_route=%2Fwp%2Fv2%2Fcomments&post=48"}],"version-history":[{"count":35,"href":"https:\/\/www.abbevillelariviere.fr\/index.php?rest_route=\/wp\/v2\/pages\/48\/revisions"}],"predecessor-version":[{"id":2872,"href":"https:\/\/www.abbevillelariviere.fr\/index.php?rest_route=\/wp\/v2\/pages\/48\/revisions\/2872"}],"wp:attachment":[{"href":"https:\/\/www.abbevillelariviere.fr\/index.php?rest_route=%2Fwp%2Fv2%2Fmedia&parent=48"}],"curies":[{"name":"wp","href":"https:\/\/api.w.org\/{rel}","templated":true}]}}