{"id":52,"date":"2015-02-01T18:51:25","date_gmt":"2015-02-01T18:51:25","guid":{"rendered":"http:\/\/www.abbevillelariviere.fr\/?page_id=52"},"modified":"2015-02-01T19:48:28","modified_gmt":"2015-02-01T19:48:28","slug":"conseil-municipal","status":"publish","type":"page","link":"https:\/\/www.abbevillelariviere.fr\/?page_id=52","title":{"rendered":"Conseil Municipal"},"content":{"rendered":"\n<table id=\"tablepress-1\" class=\"tablepress tablepress-id-1\">\n<thead>\n<tr class=\"row-1 odd\">\n\t<th class=\"column-1\">&nbsp;<\/th><th class=\"column-2\">&nbsp;<\/th><th class=\"column-3\">D\u00e9l\u00e9gu\u00e9 Syndicat <br \/>\n(t) = Titulaire \/ (s) = Suppl\u00e9ant <br \/>\n<br \/>\nC.A.E.S.E : Communaut\u00e9 dAgglom\u00e9ration<br \/>\nS.I.R. P. V. E : Regroupement p\u00e9dagogique <br \/>\nS.I.E.G.E (s) : SI d'\u00e9nergie du Grand \u00c9tampois<br \/>\nDEFENSE (t) : D\u00e9fense<br \/>\nS.E.D.R.E (s) : Syndicat d'Elimination des D\u00e9chets de la R\u00e9gion d'Etampes<br \/>\nSIREDOM (s) : Syndicat pour l'innovation, le recyclage et l'\u00e9nergie par les d\u00e9chets et ordures m\u00e9nag\u00e8res <br \/>\nS.I.A.R.J.A (s) : Syndicat mixte pour l'am\u00e9nagement et l'entretien de la rivi\u00e8re Juine et de ses affluents.<br \/>\nPetite Beauce (t) : Regroupement p\u00e9dagogique Bois Herpin<br \/>\nT.S.E (t) : Transport Sud Essonne<\/th>\n<\/tr>\n<\/thead>\n<tbody class=\"row-hover\">\n<tr class=\"row-2 even\">\n\t<td class=\"column-1\"><a href=\"http:\/\/www.abbevillelariviere.fr\/wp-content\/uploads\/2020\/05\/EM.png\"><img loading=\"lazy\" decoding=\"async\" src=\"http:\/\/www.abbevillelariviere.fr\/wp-content\/uploads\/2020\/05\/EM.png\" alt=\"mc\" width=\"120\" height=\"138\" class=\"alignnone size-full wp-image-91\" \/><\/a><\/td><td class=\"column-2\">Eric MEYER<br \/>\nInformaticien - G\u00e9rant<br \/>\nMaire<br \/>\n<\/td><td class=\"column-3\">C.A.E.S.E<br \/>\nR. P. V. E (t)<br \/>\n<\/td>\n<\/tr>\n<tr class=\"row-3 odd\">\n\t<td class=\"column-1\"><a href=\"http:\/\/www.abbevillelariviere.fr\/wp-content\/uploads\/2020\/05\/JPG.png\"><img loading=\"lazy\" decoding=\"async\" src=\"http:\/\/www.abbevillelariviere.fr\/wp-content\/uploads\/2020\/05\/JPG.png\" alt=\"mc\" width=\"120\" height=\"138\" class=\"alignnone size-full wp-image-91\" \/><\/a><\/td><td class=\"column-2\">Jean-Philippe GRIFFON<br \/>\nIng\u00e9nieur<br \/>\nCommercial<br \/>\nAdjoint au maire<br \/>\n<\/td><td class=\"column-3\">S.I.E.G.E (s)<br \/>\nDEFENSE (t)<br \/>\nSIREDOM (s)<br \/>\nC.A.E.S.E (s)<\/td>\n<\/tr>\n<tr class=\"row-4 even\">\n\t<td class=\"column-1\"><a href=\"http:\/\/www.abbevillelariviere.fr\/wp-content\/uploads\/2020\/05\/JJN.png\"><img loading=\"lazy\" decoding=\"async\" src=\"http:\/\/www.abbevillelariviere.fr\/wp-content\/uploads\/2020\/05\/JJN.png\" alt=\"francois\" width=\"120\" height=\"133\" class=\"alignnone size-full wp-image-88\" \/><\/a><\/td><td class=\"column-2\">Jean-Jacques NOTSECK<br \/>\nArtisan<br \/>\nAdjoint au maire<br \/>\n<\/td><td class=\"column-3\">S.E.D.R.E (t)<br \/>\nS.I.E.G.E (t)<br \/>\nT.S.E (s)<\/td>\n<\/tr>\n<tr class=\"row-5 odd\">\n\t<td class=\"column-1\"><a href=\"http:\/\/www.abbevillelariviere.fr\/wp-content\/uploads\/2020\/05\/SP.png\"><img loading=\"lazy\" decoding=\"async\" src=\"http:\/\/www.abbevillelariviere.fr\/wp-content\/uploads\/2020\/05\/SP.png\" alt=\"mc\" width=\"120\" height=\"138\" class=\"alignnone size-full wp-image-91\" \/><\/a><\/td><td class=\"column-2\">Sophie PORTEJOIE<br \/>\nInfirmi\u00e8re Bloc Op\u00e9ratoire<\/td><td class=\"column-3\">R.P.V.E (s)<br \/>\nS.I.A.R.J.A (s)<\/td>\n<\/tr>\n<tr class=\"row-6 even\">\n\t<td class=\"column-1\"><a href=\"http:\/\/www.abbevillelariviere.fr\/wp-content\/uploads\/2020\/05\/CP.png\"><img loading=\"lazy\" decoding=\"async\" src=\"http:\/\/www.abbevillelariviere.fr\/wp-content\/uploads\/2020\/05\/CP.png\" alt=\"mc\" width=\"120\" height=\"138\" class=\"alignnone size-full wp-image-91\" \/><\/a><\/td><td class=\"column-2\">Christian POIRIER<br \/>\nResponsable Exploitation Agricole<br \/>\n<\/td><td class=\"column-3\">S.I.A.R.J.A (t)<br \/>\nS.E.D.R.E (s)<\/td>\n<\/tr>\n<tr class=\"row-7 odd\">\n\t<td class=\"column-1\"><a href=\"http:\/\/www.abbevillelariviere.fr\/wp-content\/uploads\/2020\/05\/AG.png\"><img loading=\"lazy\" decoding=\"async\" src=\"http:\/\/www.abbevillelariviere.fr\/wp-content\/uploads\/2020\/05\/AG.png\" alt=\"mc\" width=\"120\" height=\"138\" class=\"alignnone size-full wp-image-91\" \/><\/a><\/td><td class=\"column-2\">Annie GUERTON<br \/>\nAgricultrice Retrait\u00e9e<br \/>\n<\/td><td class=\"column-3\">SIREDOM (t)<br \/>\nS.I.E.G.E (s)<br \/>\nS.E.D.R.E (s)<\/td>\n<\/tr>\n<tr class=\"row-8 even\">\n\t<td class=\"column-1\"><a href=\"http:\/\/www.abbevillelariviere.fr\/wp-content\/uploads\/2020\/05\/YB.png\"><img loading=\"lazy\" decoding=\"async\" src=\"http:\/\/www.abbevillelariviere.fr\/wp-content\/uploads\/2020\/05\/YB.png\" alt=\"mc\" width=\"120\" height=\"138\" class=\"alignnone size-full wp-image-91\" \/><\/a><\/td><td class=\"column-2\">Yves BECKER<br \/>\nCadre dirigeant<br \/>\n <br \/>\n<\/td><td class=\"column-3\">S.I.E.G.E (t)<br \/>\nS.E.D.R.E (s)<\/td>\n<\/tr>\n<tr class=\"row-9 odd\">\n\t<td class=\"column-1\"><a href=\"http:\/\/www.abbevillelariviere.fr\/wp-content\/uploads\/2020\/05\/TC.png\"><img loading=\"lazy\" decoding=\"async\" src=\"http:\/\/www.abbevillelariviere.fr\/wp-content\/uploads\/2020\/05\/TC.png\" alt=\"mc\" width=\"120\" height=\"138\" class=\"alignnone size-full wp-image-91\" \/><\/a><\/td><td class=\"column-2\">Touria CHARTIER<br \/>\nAide Soignante<\/td><td class=\"column-3\">R.P.V.E (s)<br \/>\nPetite Beauce (s)<\/td>\n<\/tr>\n<tr class=\"row-10 even\">\n\t<td class=\"column-1\"><a href=\"http:\/\/www.abbevillelariviere.fr\/wp-content\/uploads\/2020\/05\/GB.png\"><img loading=\"lazy\" decoding=\"async\" src=\"http:\/\/www.abbevillelariviere.fr\/wp-content\/uploads\/2020\/05\/GB.png\" alt=\"mc\" width=\"120\" height=\"138\" class=\"alignnone size-full wp-image-91\" \/><\/a><\/td><td class=\"column-2\">G\u00e9raldine BAUGE<br \/>\nLaborantine<br \/>\n<\/td><td class=\"column-3\">Petite Beauce (t)<br \/>\nT.S.E (t)<br \/>\nS.I.E.G.E (s)<\/td>\n<\/tr>\n<tr class=\"row-11 odd\">\n\t<td class=\"column-1\"><a href=\"http:\/\/www.abbevillelariviere.fr\/wp-content\/uploads\/2020\/05\/PP.png\"><img loading=\"lazy\" decoding=\"async\" src=\"http:\/\/www.abbevillelariviere.fr\/wp-content\/uploads\/2020\/05\/PP.png\" alt=\"mc\" width=\"120\" height=\"138\" class=\"alignnone size-full wp-image-91\" \/><\/a><\/td><td class=\"column-2\">Paula PIMENTEL<br \/>\nInfirmi\u00e8re \u00e0 domicile<\/td><td class=\"column-3\">T.S.E (t)<br \/>\nR.P.V.E (s)<\/td>\n<\/tr>\n<\/tbody>\n<\/table>\n<!-- #tablepress-1 from cache -->\n","protected":false},"excerpt":{"rendered":"","protected":false},"author":2,"featured_media":0,"parent":14,"menu_order":0,"comment_status":"closed","ping_status":"closed","template":"","meta":{"site-sidebar-layout":"default","site-content-layout":"","ast-site-content-layout":"","site-content-style":"default","site-sidebar-style":"default","ast-global-header-display":"","ast-banner-title-visibility":"","ast-main-header-display":"","ast-hfb-above-header-display":"","ast-hfb-below-header-display":"","ast-hfb-mobile-header-display":"","site-post-title":"","ast-breadcrumbs-content":"","ast-featured-img":"","footer-sml-layout":"","theme-transparent-header-meta":"","adv-header-id-meta":"","stick-header-meta":"","header-above-stick-meta":"","header-main-stick-meta":"","header-below-stick-meta":"","astra-migrate-meta-layouts":"default","ast-page-background-enabled":"default","ast-page-background-meta":{"desktop":{"background-color":"var(--ast-global-color-4)","background-image":"","background-repeat":"repeat","background-position":"center center","background-size":"auto","background-attachment":"scroll","background-type":"","background-media":"","overlay-type":"","overlay-color":"","overlay-opacity":"","overlay-gradient":""},"tablet":{"background-color":"","background-image":"","background-repeat":"repeat","background-position":"center center","background-size":"auto","background-attachment":"scroll","background-type":"","background-media":"","overlay-type":"","overlay-color":"","overlay-opacity":"","overlay-gradient":""},"mobile":{"background-color":"","background-image":"","background-repeat":"repeat","background-position":"center center","background-size":"auto","background-attachment":"scroll","background-type":"","background-media":"","overlay-type":"","overlay-color":"","overlay-opacity":"","overlay-gradient":""}},"ast-content-background-meta":{"desktop":{"background-color":"var(--ast-global-color-5)","background-image":"","background-repeat":"repeat","background-position":"center center","background-size":"auto","background-attachment":"scroll","background-type":"","background-media":"","overlay-type":"","overlay-color":"","overlay-opacity":"","overlay-gradient":""},"tablet":{"background-color":"var(--ast-global-color-5)","background-image":"","background-repeat":"repeat","background-position":"center center","background-size":"auto","background-attachment":"scroll","background-type":"","background-media":"","overlay-type":"","overlay-color":"","overlay-opacity":"","overlay-gradient":""},"mobile":{"background-color":"var(--ast-global-color-5)","background-image":"","background-repeat":"repeat","background-position":"center center","background-size":"auto","background-attachment":"scroll","background-type":"","background-media":"","overlay-type":"","overlay-color":"","overlay-opacity":"","overlay-gradient":""}},"_EventAllDay":false,"_EventTimezone":"","_EventStartDate":"","_EventEndDate":"","_EventStartDateUTC":"","_EventEndDateUTC":"","_EventShowMap":false,"_EventShowMapLink":false,"_EventURL":"","_EventCost":"","_EventCostDescription":"","_EventCurrencySymbol":"","_EventCurrencyCode":"","_EventCurrencyPosition":"","_EventDateTimeSeparator":"","_EventTimeRangeSeparator":"","_EventOrganizerID":[],"_EventVenueID":[],"_OrganizerEmail":"","_OrganizerPhone":"","_OrganizerWebsite":"","_VenueAddress":"","_VenueCity":"","_VenueCountry":"","_VenueProvince":"","_VenueState":"","_VenueZip":"","_VenuePhone":"","_VenueURL":"","_VenueStateProvince":"","_VenueLat":"","_VenueLng":"","_VenueShowMap":false,"_VenueShowMapLink":false,"footnotes":""},"class_list":["post-52","page","type-page","status-publish","hentry"],"_links":{"self":[{"href":"https:\/\/www.abbevillelariviere.fr\/index.php?rest_route=\/wp\/v2\/pages\/52"}],"collection":[{"href":"https:\/\/www.abbevillelariviere.fr\/index.php?rest_route=\/wp\/v2\/pages"}],"about":[{"href":"https:\/\/www.abbevillelariviere.fr\/index.php?rest_route=\/wp\/v2\/types\/page"}],"author":[{"embeddable":true,"href":"https:\/\/www.abbevillelariviere.fr\/index.php?rest_route=\/wp\/v2\/users\/2"}],"replies":[{"embeddable":true,"href":"https:\/\/www.abbevillelariviere.fr\/index.php?rest_route=%2Fwp%2Fv2%2Fcomments&post=52"}],"version-history":[{"count":2,"href":"https:\/\/www.abbevillelariviere.fr\/index.php?rest_route=\/wp\/v2\/pages\/52\/revisions"}],"predecessor-version":[{"id":94,"href":"https:\/\/www.abbevillelariviere.fr\/index.php?rest_route=\/wp\/v2\/pages\/52\/revisions\/94"}],"up":[{"embeddable":true,"href":"https:\/\/www.abbevillelariviere.fr\/index.php?rest_route=\/wp\/v2\/pages\/14"}],"wp:attachment":[{"href":"https:\/\/www.abbevillelariviere.fr\/index.php?rest_route=%2Fwp%2Fv2%2Fmedia&parent=52"}],"curies":[{"name":"wp","href":"https:\/\/api.w.org\/{rel}","templated":true}]}}