{"id":606,"date":"2015-02-23T16:56:01","date_gmt":"2015-02-23T16:56:01","guid":{"rendered":"http:\/\/www.abbevillelariviere.fr\/?page_id=606"},"modified":"2022-09-13T20:16:03","modified_gmt":"2022-09-13T20:16:03","slug":"mentions-legales","status":"publish","type":"page","link":"https:\/\/www.abbevillelariviere.fr\/?page_id=606","title":{"rendered":"Mentions L\u00e9gales"},"content":{"rendered":"<h2>Site Internet de la Commune d&#8217;Abb\u00e9ville la rivi\u00e8re<\/h2>\n<p>Site officiel de la Mairie de Abb\u00e9ville la rivi\u00e8re : www.abbevillelariviere.fr<\/p>\n<p>Adresse :<br \/>\nMairie de Abb\u00e9ville la rivi\u00e8re<br \/>\nPlace de la Mairie<br \/>\n91150 Abb\u00e9ville la Rivi\u00e8re<\/p>\n<p>Directeur de la publication : M. le Maire<br \/>\nConception, coordination et r\u00e9daction : Commission Communication<br \/>\nGestion, suivi et mise \u00e0 jour : Commission Communication<br \/>\nCharte graphique et r\u00e9alisation technique : Commission Communication<\/p>\n<p>Credit : le site est r\u00e9alis\u00e9 avec wordpress &#8211; le th\u00e8me utilis\u00e9 est evolve<\/p>\n<p>Photo du village : M. De Pooter, http:\/\/a1000pieds.free.fr, tous droits r\u00e9serv\u00e9s<\/p>\n<p>Abb\u00e9ville la rivi\u00e8re est d\u00e9sign\u00e9 ci-dessous par la [commune].<\/p>\n<p>D\u00e9claration CNIL<\/p>\n<p>Depuis 2006, les sites Internet n&#8217;ont plus besoin d&#8217;\u00eatre d\u00e9clar\u00e9s en tant que tel \u00e0 la CNIL. Les traitements de donn\u00e9es personnelles ou nominatives collect\u00e9es sur ce site par le biais de formulaires en ligne : nom, pr\u00e9nom, adresse \u00e9lectronique font l&#8217;objet d&#8217;une d\u00e9rogation d\u00e9finie dans la \u00ab Dispense n\u00b07 &#8211; D\u00e9lib\u00e9ration n\u00b02006-138 du 09\/05\/2006 d\u00e9cidant de la dispense de d\u00e9claration des traitements constitu\u00e9s \u00e0 des fins d&#8217;information ou de communication externe \u00bb. Le site ne dispose donc pas de num\u00e9ro de d\u00e9claration CNIL<\/p>\n<h3>Droits d\u2019auteurs<\/h3>\n<p>La structure g\u00e9n\u00e9rale, ainsi que les textes, photos, images et sons composant ce site sont la propri\u00e9t\u00e9 de la commune de [commune]. Toute reproduction, totale ou partielle, et toute repr\u00e9sentation du contenu substantiel de ce site, d\u2019un ou de plusieurs de ses composants, par quelque proc\u00e9d\u00e9 que ce soit, sans autorisation expresse, est interdite, et constitue une contrefa\u00e7on sanctionn\u00e9e par les articles L.335-2 et suivants du Code de la propri\u00e9t\u00e9 intellectuelle.<\/p>\n<p>Les informations, pictogrammes, photographies, images, textes, s\u00e9quences vid\u00e9o, anim\u00e9es sonores ou non, et autres documents pr\u00e9sents sur le site Internet sont prot\u00e9g\u00e9s par des droits de propri\u00e9t\u00e9 industrielle et\/ou intellectuelle, soit que la commune de [commune] en soit le titulaire, soit qu\u2019elle soit autoris\u00e9e \u00e0 les reproduire et les repr\u00e9senter. \u00c0 ce titre, toute reproduction, repr\u00e9sentation, adaptation, traduction et\/ou modification, partielle ou int\u00e9grale ou transfert sur un autre site sont interdits.<\/p>\n<p>La copie sur support papier \u00e0 usage priv\u00e9 de ces diff\u00e9rents objets de droits est autoris\u00e9e conform\u00e9ment \u00e0 l\u2019article L122-5 du Code de la Propri\u00e9t\u00e9 Intellectuelle. Leur reproduction partielle ou int\u00e9grale, sans l\u2019accord pr\u00e9alable et \u00e9crit de l\u2019auteur, est strictement interdite.<\/p>\n<p>Dans le cadre de la mise en ligne des d\u00e9bats et plus g\u00e9n\u00e9ralement du contenu sp\u00e9cifique li\u00e9 aux missions de service public aux administr\u00e9s citoyens, la diffusion, m\u00eame int\u00e9grale, par voie de presse ou de t\u00e9l\u00e9diffusion, \u00e0 titre d\u2019information d\u2019actualit\u00e9, des discours destin\u00e9s au public prononc\u00e9s dans des assembl\u00e9es politiques, administrative ainsi que dans les r\u00e9unions publiques d\u2019ordre politique et les c\u00e9r\u00e9monies officielles, ne peut \u00eatre interdite par l\u2019auteur. Cette publication est alors plac\u00e9e sous la responsabilit\u00e9 du diffuseur.<\/p>\n<h3>Traitement de donn\u00e9es personnelles<\/h3>\n<p>Les donn\u00e9es personnelles pr\u00e9sentes sur le site r\u00e9sultent de la communication volontaire par les personnes concern\u00e9es et donc d\u2019une attestation d\u2019autorisation.<\/p>\n<p>Les donn\u00e9es personnelles recueillies sur le site r\u00e9sultent de la communication volontaire d\u2019une adresse de courrier \u00e9lectronique lors du d\u00e9p\u00f4t d\u2019un message \u00e9lectronique. Les courriels ainsi recueillis ne servent qu\u2019\u00e0 transmettre les \u00e9l\u00e9ments d\u2019informations demand\u00e9s. Les adresses \u00e9lectroniques collect\u00e9es ne feront l\u2019objet d\u2019aucune cession, ni d\u2019aucun traitement de la part de la commune.<\/p>\n<p>L\u2019utilisateur du pr\u00e9sent site est inform\u00e9 que, lors de sa navigation sur le site www.abbevillelariviere.fr, des donn\u00e9es \u00e0 caract\u00e8re personnel le concernant peuvent lui \u00eatre demand\u00e9 via un formulaire a remplir.<\/p>\n<p>Ces donn\u00e9es sont utilis\u00e9es :<\/p>\n<ul>\n<li>En cas d\u2019abonnement de l\u2019utilisateur \u00e0 la newsletter de la Ville d&#8217;Abbeville la Rivi\u00e8re, pour lui adresser la newsletter.<\/li>\n<li>En cas d\u2019une demande de prise de contact, ou d\u2019une question de l\u2019utilisateur, pour lui apporter une r\u00e9ponse.<\/li>\n<\/ul>\n<p>L\u2019utilisateur est inform\u00e9 que ses donn\u00e9es :<\/p>\n<ul>\n<li>sont collect\u00e9es de mani\u00e8re loyale et licite,<\/li>\n<li>sont collect\u00e9es pour des finalit\u00e9s d\u00e9termin\u00e9es, explicites et l\u00e9gitimes,<\/li>\n<li>ne seront pas trait\u00e9es ult\u00e9rieurement de mani\u00e8re incompatible avec ces finalit\u00e9s,<\/li>\n<li>ne sont pas destin\u00e9es \u00e0 \u00eatre transmises \u00e0 des tiers.<\/li>\n<li>sont ad\u00e9quates, pertinentes et non excessives au regard des finalit\u00e9s pour lesquelles elles sont collect\u00e9es et de leurs traitements ult\u00e9rieurs,sont exactes et compl\u00e8tes,<\/li>\n<li>Toutes les pr\u00e9cautions sont prises pour pr\u00e9server la s\u00e9curit\u00e9 des donn\u00e9es, et notamment pour \u00e9viter qu\u2019elles ne soient d\u00e9form\u00e9es, endommag\u00e9es ou que des tiers non autoris\u00e9s y aient acc\u00e8s.<\/li>\n<\/ul>\n<p>Conform\u00e9ment \u00e0 la loi modifi\u00e9e relative \u00e0 l&#8217;informatique, aux fichiers et aux libert\u00e9s du 6 janvier 1978, vous b\u00e9n\u00e9ficiez d\u2019un droit d&#8217;opposition (article 38), d\u2019acc\u00e8s (article 39 ) et de rectification (article 40) aux informations qui vous concernent. Si vous souhaitez exercer ce droit et obtenir communication des informations vous concernant, veuillez vous adresser \u00e0 :<\/p>\n<p>Ville de Abb\u00e9ville la rivi\u00e8re<br \/>\nPlace de la Mairie 91150 Abbeville la rivi\u00e8re<\/p>\n<p>L\u2019utilisateur est inform\u00e9 que le site www.abbevillelariviere.fr peut implanter un cookie dans son ordinateur.<\/p>\n<p>Un cookie contient les renseignements que l\u2019Utilisateur vient de fournir, afin qu\u2019il n\u2019ait pas besoin, lors de prochaines visites sur le Site, de remplir \u00e0 nouveau le formulaire propos\u00e9. Un cookie ne permet pas d\u2019identifier l\u2019Utilisateur.<\/p>\n<p>L\u2019utilisateur peut, s\u2019il le souhaite, d\u00e9sactiver l&#8217;utilisation de cookies en s\u00e9lectionnant les param\u00e8tres appropri\u00e9s de son navigateur. Cependant, une telle d\u00e9sactivation pourrait emp\u00eacher l&#8217;utilisation de certaines fonctionnalit\u00e9s de ce site.<\/p>\n<h3>Liens vers d\u2019autres sites Internet<\/h3>\n<p>Les liens hypertextes externes mis en place dans le cadre du pr\u00e9sent site et les contenus des sites de tiers vers lesquels ils pointent ne sauraient engager la responsabilit\u00e9 de la commune.<\/p>\n<p>La commune permet l\u2019\u00e9tablissement de liens hypertextes vers son site. Ceux-ci doivent \u00eatre libres de tout jeux de cadres (frame ou iframe) ou fen\u00eatres type &#8220;popup&#8221;. Il est toutefois recommand\u00e9 de nous pr\u00e9venir de l\u2019\u00e9tablissement de tout lien profond.<\/p>\n<p>If you are visiting Dubai and you are in search of an intimate escort, there are a few alternatives to pick from. There are two options either a female or male escort. The difference between the two is that the male escort may be slightly more aggressive or gentler while a female escort can be more relaxed. BookRealEscorts has one of the largest options of Dubai Escorts. BookRealEscorts provides attractive women of many diverse world cultures and nations. There are European, American, Slavic, Indian, and Asian Escorts to select from. They also have small Asian as well as Indian Escorts which can be used to enhance your experience. It is important to consider the number of individuals you plan to get together when you select an escortee in Dubai. An escort can help you make your business trip run smoother and more quickly. You can avoid all the monotonous aspects of business trips by using this service. While in Dubai, you can hire an escort for a romantic evening. You should pick a woman that can give you the most enjoyable sexual experience if you want to make your relationship more exciting.<a href=\"https:\/\/dubaiescortstate.com\/\">escorts dubai<\/a> There are a few ladies from the UAE provide massages and blow-job for enhancing their client&#8217;s experience.<\/p>\n","protected":false},"excerpt":{"rendered":"<p>Site Internet de la Commune d&#8217;Abb\u00e9ville la rivi\u00e8re Site officiel de la Mairie de Abb\u00e9ville la rivi\u00e8re : www.abbevillelariviere.fr Adresse : Mairie de Abb\u00e9ville la rivi\u00e8re Place de la Mairie [&hellip;]<\/p>\n","protected":false},"author":1,"featured_media":0,"parent":12,"menu_order":0,"comment_status":"closed","ping_status":"closed","template":"","meta":{"site-sidebar-layout":"default","site-content-layout":"","ast-site-content-layout":"","site-content-style":"default","site-sidebar-style":"default","ast-global-header-display":"","ast-banner-title-visibility":"","ast-main-header-display":"","ast-hfb-above-header-display":"","ast-hfb-below-header-display":"","ast-hfb-mobile-header-display":"","site-post-title":"","ast-breadcrumbs-content":"","ast-featured-img":"","footer-sml-layout":"","theme-transparent-header-meta":"","adv-header-id-meta":"","stick-header-meta":"","header-above-stick-meta":"","header-main-stick-meta":"","header-below-stick-meta":"","astra-migrate-meta-layouts":"default","ast-page-background-enabled":"default","ast-page-background-meta":{"desktop":{"background-color":"var(--ast-global-color-4)","background-image":"","background-repeat":"repeat","background-position":"center center","background-size":"auto","background-attachment":"scroll","background-type":"","background-media":"","overlay-type":"","overlay-color":"","overlay-opacity":"","overlay-gradient":""},"tablet":{"background-color":"","background-image":"","background-repeat":"repeat","background-position":"center center","background-size":"auto","background-attachment":"scroll","background-type":"","background-media":"","overlay-type":"","overlay-color":"","overlay-opacity":"","overlay-gradient":""},"mobile":{"background-color":"","background-image":"","background-repeat":"repeat","background-position":"center center","background-size":"auto","background-attachment":"scroll","background-type":"","background-media":"","overlay-type":"","overlay-color":"","overlay-opacity":"","overlay-gradient":""}},"ast-content-background-meta":{"desktop":{"background-color":"var(--ast-global-color-5)","background-image":"","background-repeat":"repeat","background-position":"center center","background-size":"auto","background-attachment":"scroll","background-type":"","background-media":"","overlay-type":"","overlay-color":"","overlay-opacity":"","overlay-gradient":""},"tablet":{"background-color":"var(--ast-global-color-5)","background-image":"","background-repeat":"repeat","background-position":"center center","background-size":"auto","background-attachment":"scroll","background-type":"","background-media":"","overlay-type":"","overlay-color":"","overlay-opacity":"","overlay-gradient":""},"mobile":{"background-color":"var(--ast-global-color-5)","background-image":"","background-repeat":"repeat","background-position":"center center","background-size":"auto","background-attachment":"scroll","background-type":"","background-media":"","overlay-type":"","overlay-color":"","overlay-opacity":"","overlay-gradient":""}},"_EventAllDay":false,"_EventTimezone":"","_EventStartDate":"","_EventEndDate":"","_EventStartDateUTC":"","_EventEndDateUTC":"","_EventShowMap":false,"_EventShowMapLink":false,"_EventURL":"","_EventCost":"","_EventCostDescription":"","_EventCurrencySymbol":"","_EventCurrencyCode":"","_EventCurrencyPosition":"","_EventDateTimeSeparator":"","_EventTimeRangeSeparator":"","_EventOrganizerID":[],"_EventVenueID":[],"_OrganizerEmail":"","_OrganizerPhone":"","_OrganizerWebsite":"","_VenueAddress":"","_VenueCity":"","_VenueCountry":"","_VenueProvince":"","_VenueState":"","_VenueZip":"","_VenuePhone":"","_VenueURL":"","_VenueStateProvince":"","_VenueLat":"","_VenueLng":"","_VenueShowMap":false,"_VenueShowMapLink":false,"footnotes":""},"class_list":["post-606","page","type-page","status-publish","hentry"],"_links":{"self":[{"href":"https:\/\/www.abbevillelariviere.fr\/index.php?rest_route=\/wp\/v2\/pages\/606"}],"collection":[{"href":"https:\/\/www.abbevillelariviere.fr\/index.php?rest_route=\/wp\/v2\/pages"}],"about":[{"href":"https:\/\/www.abbevillelariviere.fr\/index.php?rest_route=\/wp\/v2\/types\/page"}],"author":[{"embeddable":true,"href":"https:\/\/www.abbevillelariviere.fr\/index.php?rest_route=\/wp\/v2\/users\/1"}],"replies":[{"embeddable":true,"href":"https:\/\/www.abbevillelariviere.fr\/index.php?rest_route=%2Fwp%2Fv2%2Fcomments&post=606"}],"version-history":[{"count":5,"href":"https:\/\/www.abbevillelariviere.fr\/index.php?rest_route=\/wp\/v2\/pages\/606\/revisions"}],"predecessor-version":[{"id":2553,"href":"https:\/\/www.abbevillelariviere.fr\/index.php?rest_route=\/wp\/v2\/pages\/606\/revisions\/2553"}],"up":[{"embeddable":true,"href":"https:\/\/www.abbevillelariviere.fr\/index.php?rest_route=\/wp\/v2\/pages\/12"}],"wp:attachment":[{"href":"https:\/\/www.abbevillelariviere.fr\/index.php?rest_route=%2Fwp%2Fv2%2Fmedia&parent=606"}],"curies":[{"name":"wp","href":"https:\/\/api.w.org\/{rel}","templated":true}]}}