{"id":64,"date":"2015-02-01T18:58:54","date_gmt":"2015-02-01T18:58:54","guid":{"rendered":"http:\/\/www.abbevillelariviere.fr\/?page_id=64"},"modified":"2024-11-13T14:31:15","modified_gmt":"2024-11-13T13:31:15","slug":"affaires-scolaires","status":"publish","type":"page","link":"https:\/\/www.abbevillelariviere.fr\/?page_id=64","title":{"rendered":"Affaires scolaires"},"content":{"rendered":"<div id=\"wc-shortcodes-tab-1\" class=\"wc-shortcodes-tabs wc-shortcodes-item wc-shortcodes-tabs-layout-box\">\n<ul class=\"wcs-tabs-nav wc-shortcodes-clearfix\">\n<li><a href=\"#\" data-index=\"0\" data-id=\"#wc-shortcodes-tab-acc-de-loisirs\">Acc. de loisirs<\/a><\/li>\n<li><a href=\"#\" data-index=\"1\" data-id=\"#wc-shortcodes-tab-periscolaire\">P\u00e9riscolaire<\/a><\/li>\n<li><a href=\"#\" data-index=\"2\" data-id=\"#wc-shortcodes-tab-ecoles\">Ecoles<\/a><\/li>\n<li><a href=\"#\" data-index=\"3\" data-id=\"#wc-shortcodes-tab-ass-maternelle\">Ass. Maternelle<\/a><\/li>\n<\/ul>\n<div class=\"tab-content-wrapper tab-content-hide\">\n<div id=\"wc-shortcodes-tab-acc-de-loisirs\" class=\"tab-content wc-shortcodes-content\">\n<p>La liste des accueils de loisirs, pour accueillir vos enfants de 3 ans \u00e0 12 ans.<\/p>\n<h3>Etampes<\/h3>\n<p>3 sites pour les enfants d\u2019\u00e2ge maternel\u00a0 (Ecoles Eric Tabarly, Louise Michel et H\u00e9l\u00e8ne Boucher )<br \/>\n1 site pour les primaires : Valnay<br \/>\nOuvert de 7 h \u00e0 19 h. mercredis, toutes vacances.<\/p>\n<p>Service Enfance<br \/>\nAvenue du March\u00e9 Franc<br \/>\n91150 Etampes<br \/>\nT\u00e9l : 01 69 92 13 13 ou 01 69 92 67 09<\/p>\n<h3>Morigny-Champigny<\/h3>\n<p>Ouvert de 7 h \u00e0 19 h. mercredis, toutes vacances.<\/p>\n<p>2 sites : Maison de l\u2019enfance pour les maternels et les CP , \u00e9cole Alphonse Daudet du CE1 au CM2<\/p>\n<p>Maison de l\u2019Enfance<br \/>\n6 Rue Saint Germain<br \/>\n91150 Morigny-Champigny<br \/>\nT\u00e9l : 01 69 78 21 36<\/p>\n<p>centreloisirs-morigny@orange.fr<\/p>\n<h3>M\u00e9r\u00e9ville<\/h3>\n<p>9 rue Pierre BARBEROT<br \/>\nOuvert de 7H\/19H mercredis, toutes vacances.<br \/>\nMme Agn\u00e8s DUEZ<br \/>\n01 69 95 08 51<br \/>\nclsh.mereville@hotmail.fr<\/p>\n<h3>Saclas<\/h3>\n<p>Rue du stade<\/p>\n<p>Ouvert 7H\/19H mercredis, 1\u00e8re semaine des petites vacances sauf No\u00ebl, ouvert en juillet.<\/p>\n<p>Mme Samia SLIMANI<br \/>\n01 69 92 67 17.<br \/>\nsamia.slimani@communaute-communes-etampois.fr<\/p>\n<h3>Pussay<\/h3>\n<p>Square de Trebesing. 3 rue de la Lib\u00e9ration<\/p>\n<p>6H45\/18H45 mercredis.<\/p>\n<p>Mme Samia SLIMANI<br \/>\n01 69 58 26 37<br \/>\nsamia.slimani@communaute-communes-etampois.fr<\/p>\n<h3>Chalo-Saint-Mars<\/h3>\n<p>A.F.R.D.M.R Accueils de loisirs \u00ab Ruche et Ruchette \u00bb<br \/>\n5 Rue Masse de Comble<br \/>\n91150 Ch\u00e2lo Saint Mars<br \/>\nT\u00e9l : 01 64 95 43 00<\/p>\n<\/div>\n<\/div>\n<div class=\"tab-content-wrapper tab-content-hide\">\n<div id=\"wc-shortcodes-tab-periscolaire\" class=\"tab-content wc-shortcodes-content\">\n<p>Les Ecoles de le Communaut\u00e9 de Communes de l&#8217;Etampois Sud-Essonne sont rattach\u00e9es \u00e0 un regroupement p\u00e9dagogique. pour la commune d&#8217;Abb\u00e9ville la rivi\u00e8re , le SIRPVE : <strong style=\"color: initial; font-family: -apple-system, BlinkMacSystemFont, 'Segoe UI', Roboto, Oxygen-Sans, Ubuntu, Cantarell, 'Helvetica Neue', sans-serif;\"><span style=\"color: #008000;\">Regroupement de la vall\u00e9e de l&#8217;Eclimont <\/span><\/strong><span style=\"color: #008000;\">: <span style=\"color: #000000;\">Boissy la Rivi\u00e8re, Fontaine la Rivi\u00e8re , St Cyr la Rivi\u00e8re et <span style=\"color: #ff6600;\">Abbeville la Rivi\u00e8re<\/span>.<\/span><\/span><\/p>\n<p>Le p\u00e9riscolaire concerne l&#8217;accueil des enfants avant et \/ ou apr\u00e8s la classe. Dans ce cadre la commune d&#8217;Abb\u00e9ville la Rivi\u00e8re est attach\u00e9e \u00e0 la structure de la CAESE : consulter le site de la CAESE : www.caese.fr<\/p>\n<\/div>\n<\/div>\n<div class=\"tab-content-wrapper tab-content-hide\">\n<div id=\"wc-shortcodes-tab-ecoles\" class=\"tab-content wc-shortcodes-content\">\n<p>Les \u00e9coles du regroupement p\u00e9dagogique sont Abb\u00e9ville la rivi\u00e8re, Arrancourt, Fontaine la rivi\u00e8re, Saint Cyr la rivi\u00e8re et Boissy la rivi\u00e8re.<\/p>\n<p>Site Web : <a href=\"http:\/\/www.sirpve.com\">www.sirpve.com<\/a><\/p>\n<h2 class=\"font_2 wixui-rich-text__text\">LE SIRPVE : <span class=\"wixui-rich-text__text\"><span class=\"color_42 wixui-rich-text__text\">\u00c9cole Primaire de la vall\u00e9e de l&#8217;\u00e9climont\u00a0 (boissy la rivi\u00e8re)<\/span><\/span><\/h2>\n<div id=\"WRchTxt1i\" class=\"HcOXKn SxM0TO QxJLC3 lq2cno WRchTxt1i wixui-rich-text\" data-testid=\"richTextElement\">\n<p class=\"font_7 wixui-rich-text__text\">Le SIRPVE est regroupement p\u00e9dagogique regroupant 5 communes.<br \/>\n<span class=\"color_9 wixui-rich-text__text\">Existant depuis 1976 le SIRPVE regroupe les communes d&#8217;Abb\u00e9ville la rivi\u00e8re, Arrancourt, Boissy la rivi\u00e8re, Saint Cyr la rivi\u00e8re<\/span><\/p>\n<\/div>\n<div id=\"comp-ks3dit3d\" class=\"v__F4U comp-ks3dit3d wixui-image rYiAuL\"><a class=\"MVY5Lo\" href=\"https:\/\/static.wixstatic.com\/media\/ebf736_c93a4d930060402ab229a38dafa6792d~mv2.png\" target=\"_blank\" rel=\"noopener\" data-testid=\"linkElement\"><img loading=\"lazy\" decoding=\"async\" src=\"https:\/\/static.wixstatic.com\/media\/ebf736_7f0e896762454118bced5a13d30f8c1d~mv2.jpg\/v1\/fill\/w_828,h_704,al_c,q_85,usm_0.66_1.00_0.01,enc_auto\/Capture%20d%E2%80%99%C3%A9cran%202021-08-08%20%C3%A0%2017_37_edite.jpg\" srcset=\"https:\/\/static.wixstatic.com\/media\/ebf736_7f0e896762454118bced5a13d30f8c1d~mv2.jpg\/v1\/fill\/w_414,h_352,al_c,q_80,usm_0.66_1.00_0.01,enc_auto\/Capture%20d%E2%80%99%C3%A9cran%202021-08-08%20%C3%A0%2017_37_edite.jpg 1x, https:\/\/static.wixstatic.com\/media\/ebf736_7f0e896762454118bced5a13d30f8c1d~mv2.jpg\/v1\/fill\/w_828,h_704,al_c,q_85,usm_0.66_1.00_0.01,enc_auto\/Capture%20d%E2%80%99%C3%A9cran%202021-08-08%20%C3%A0%2017_37_edite.jpg 2x\" alt=\"Capture d\u2019\u00e9cran 2021-08-08 \u00e0 17.37_edite\" width=\"414\" height=\"352\" \/><\/a><\/div>\n<div><\/div>\n<div><\/div>\n<div>\n<h4 class=\"font_2 wixui-rich-text__text\"><span class=\"wixui-rich-text__text\">\u00c9cole\u00a0 maternelle<\/span><\/h4>\n<\/div>\n<div><\/div>\n<div id=\"WPhtd\" class=\"v__F4U WPhtd wixui-image\">\n<div class=\"MVY5Lo\" data-testid=\"linkElement\"><img loading=\"lazy\" decoding=\"async\" src=\"https:\/\/static.wixstatic.com\/media\/ebf736_44da0b1d68294ccaa61120ead8f4e1ef~mv2.jpg\/v1\/fill\/w_324,h_212,al_c,q_80,usm_0.66_1.00_0.01,enc_auto\/boissy3_edited.jpg\" srcset=\"https:\/\/static.wixstatic.com\/media\/ebf736_44da0b1d68294ccaa61120ead8f4e1ef~mv2.jpg\/v1\/fill\/w_324,h_212,al_c,q_80,usm_0.66_1.00_0.01,enc_auto\/boissy3_edited.jpg 1x, https:\/\/static.wixstatic.com\/media\/ebf736_44da0b1d68294ccaa61120ead8f4e1ef~mv2.jpg\/v1\/fill\/w_600,h_393,al_c,lg_1,q_80,enc_auto\/boissy3_edited.jpg 2x\" alt=\"boissy3_edited.jpg\" width=\"324\" height=\"212\" \/><\/div>\n<\/div>\n<div id=\"comp-ks3cung0\" class=\"HcOXKn c9GqVL QxJLC3 lq2cno comp-ks3cung0 wixui-rich-text\" data-testid=\"richTextElement\">\n<h2 class=\"font_2 wixui-rich-text__text\"><span style=\"color: var(--ast-global-color-2); font-size: 1.25rem; background-color: var(--ast-global-color-5); font-family: -apple-system, BlinkMacSystemFont, 'Segoe UI', Roboto, Oxygen-Sans, Ubuntu, Cantarell, 'Helvetica Neue', sans-serif;\">\u00c9cole \u00e9l\u00e9mentaire<\/span><\/h2>\n<\/div>\n<div id=\"comp-ks3csa00\" class=\"v__F4U comp-ks3csa00 wixui-image\">\n<div class=\"MVY5Lo\" data-testid=\"linkElement\"><img loading=\"lazy\" decoding=\"async\" src=\"https:\/\/static.wixstatic.com\/media\/ebf736_a9ee3b8216a145129e316e8be3faff1d~mv2.png\/v1\/fill\/w_646,h_436,al_c,q_85,usm_0.66_1.00_0.01,enc_auto\/Capture%20d%E2%80%99%C3%A9cran%202024-08-27%20%C3%A0%2010_23_33.png\" srcset=\"https:\/\/static.wixstatic.com\/media\/ebf736_a9ee3b8216a145129e316e8be3faff1d~mv2.png\/v1\/fill\/w_323,h_218,al_c,q_85,usm_0.66_1.00_0.01,enc_auto\/Capture%20d%E2%80%99%C3%A9cran%202024-08-27%20%C3%A0%2010_23_33.png 1x, https:\/\/static.wixstatic.com\/media\/ebf736_a9ee3b8216a145129e316e8be3faff1d~mv2.png\/v1\/fill\/w_646,h_436,al_c,q_85,usm_0.66_1.00_0.01,enc_auto\/Capture%20d%E2%80%99%C3%A9cran%202024-08-27%20%C3%A0%2010_23_33.png 2x\" alt=\"Capture d\u2019\u00e9cran 2024-08-27 \u00e0 10.23.33.png\" width=\"323\" height=\"218\" \/><\/div>\n<\/div>\n<div id=\"Cntnr4\" class=\"jbrj02 Cntnr4\">\n<div class=\"IvR70V wixui-box\" data-testid=\"container-bg\"><\/div>\n<div class=\"\" data-mesh-id=\"Cntnr4inlineContent\" data-testid=\"inline-content\">\n<div data-mesh-id=\"Cntnr4inlineContent-gridContainer\" data-testid=\"mesh-container-content\">\n<div id=\"WRchTxt1y\" class=\"HcOXKn SxM0TO QxJLC3 lq2cno WRchTxt1y wixui-rich-text\" data-testid=\"richTextElement\">\n<h2 class=\"font_2 wixui-rich-text__text\"><span class=\"wixui-rich-text__text\"><span class=\"color_36 wixui-rich-text__text\">En Chiffre<\/span><span class=\"color_36 wixui-rich-text__text\">:<\/span><\/span><\/h2>\n<\/div>\n<div id=\"FvGrdLn8\" class=\"FvGrdLn8 aVng1S wixui-horizontal-line\"><span class=\"color_30 wixui-rich-text__text\" style=\"font-size: revert; color: var(--ast-global-color-3); background-color: var(--ast-global-color-5); font-family: -apple-system, BlinkMacSystemFont, 'Segoe UI', Roboto, Oxygen-Sans, Ubuntu, Cantarell, 'Helvetica Neue', sans-serif;\"><span class=\"wixui-rich-text__text\">Une capactit\u00e9 de 160 enfants<\/span><\/span><span class=\"color_29 wixui-rich-text__text\" style=\"font-size: revert; color: var(--ast-global-color-3); background-color: var(--ast-global-color-5); font-family: -apple-system, BlinkMacSystemFont, 'Segoe UI', Roboto, Oxygen-Sans, Ubuntu, Cantarell, 'Helvetica Neue', sans-serif;\"><span class=\"wixui-rich-text__text\">.<br \/>\n<span style=\"font-size: revert; color: var(--ast-global-color-3); background-color: var(--ast-global-color-5); font-family: -apple-system, BlinkMacSystemFont, 'Segoe UI', Roboto, Oxygen-Sans, Ubuntu, Cantarell, 'Helvetica Neue', sans-serif;\">En moyenne nous avons 120 enfants sur le regroupement<br \/>\n<\/span><\/span><\/span><span style=\"font-size: revert; color: var(--ast-global-color-3); background-color: var(--ast-global-color-5); font-family: -apple-system, BlinkMacSystemFont, 'Segoe UI', Roboto, Oxygen-Sans, Ubuntu, Cantarell, 'Helvetica Neue', sans-serif;\">Une Cantine.<br \/>\n<\/span><span style=\"font-size: revert; color: var(--ast-global-color-3); background-color: var(--ast-global-color-5); font-family: -apple-system, BlinkMacSystemFont, 'Segoe UI', Roboto, Oxygen-Sans, Ubuntu, Cantarell, 'Helvetica Neue', sans-serif;\">Les enfants vont manger dans une cantine unique. 2 services de restauration.<\/span><\/div>\n<div id=\"WRchTxt7-glu\" class=\"HcOXKn c9GqVL QxJLC3 lq2cno WRchTxt7-glu wixui-rich-text\" data-testid=\"richTextElement\"><\/div>\n<div id=\"WRchTxtg-392\" class=\"HcOXKn SxM0TO QxJLC3 lq2cno WRchTxtg-392 wixui-rich-text\" data-testid=\"richTextElement\">\n<p class=\"font_8 wixui-rich-text__text\"><strong><span class=\"color_30 wixui-rich-text__text\"><span class=\"wixui-rich-text__text\">P\u00e9riscolaire<\/span><\/span><span class=\"color_42 wixui-rich-text__text\"><span class=\"wixui-rich-text__text\">.\u00a0<\/span><\/span><\/strong><span class=\"color_36 wixui-rich-text__text\">les enfants sont accueilis de 7h \u00e0 19h<\/span><\/p>\n<\/div>\n<\/div>\n<\/div>\n<\/div>\n<div id=\"WRchTxt0\" class=\"HcOXKn c9GqVL QxJLC3 lq2cno WRchTxt0 wixui-rich-text\" data-testid=\"richTextElement\">\n<p class=\"font_8 wixui-rich-text__text\"><span class=\"wixui-rich-text__text\"><span class=\"color_14 wixui-rich-text__text\">Ecole Primaire de la vall\u00e9e de l&#8217;\u00e9climont<\/span><\/span><\/p>\n<p class=\"font_8 wixui-rich-text__text\"><span class=\"wixui-rich-text__text\">\u200b<\/span><span class=\"wixui-rich-text__text\"><span class=\"color_42 wixui-rich-text__text\">Boissy la rivi\u00e8re, 6 rue de la R\u00e9publique 91690<\/span><br class=\"wixui-rich-text__text\" \/><span class=\"color_9 wixui-rich-text__text\">Tel: 01 64 95 66 68<br class=\"wixui-rich-text__text\" \/>Maternelle et CP &#8211; CE1 &#8211; CE2 &#8211; CM2 &#8211; CM2<br class=\"wixui-rich-text__text\" \/>Horaires: Lundi, Mardi, Jeudi, Vendredi 8h30-11h30 et 13h30 \u00e0 16h30.<br \/>\nOuverture portail : 8h20 et 13h20<br \/>\n<\/span><\/span><span class=\"wixui-rich-text__text\"><span class=\"color_9 wixui-rich-text__text\">Horaire accueil p\u00e9riscolaire maternelle :<\/span><span class=\"color_9 wixui-rich-text__text\">\u00a07h \u00e0 8h15 et 16h30 \u00e0 19h<\/span><br class=\"wixui-rich-text__text\" \/><span class=\"color_9 wixui-rich-text__text\">Horaire accueil p\u00e9riscolaire \u00e9l\u00e9mentaire:<\/span><span class=\"color_9 wixui-rich-text__text\">\u00a016h30 \u00e0 19h<\/span><\/span><\/p>\n<p class=\"font_8 wixui-rich-text__text\"><a class=\"wixui-rich-text__text\" style=\"font-size: revert; background-color: var(--ast-global-color-5); font-family: -apple-system, BlinkMacSystemFont, 'Segoe UI', Roboto, Oxygen-Sans, Ubuntu, Cantarell, 'Helvetica Neue', sans-serif;\" href=\"mailto:SIRPVE@GMAIL.COM\" data-auto-recognition=\"true\">SIRPVE@GMAIL.COM<\/a><\/p>\n<\/div>\n<div id=\"WRchTxt6\" class=\"HcOXKn c9GqVL QxJLC3 lq2cno WRchTxt6 wixui-rich-text\" data-testid=\"richTextElement\">\n<p class=\"font_8 wixui-rich-text__text\"><span class=\"wixui-rich-text__text\"><span class=\"color_9 wixui-rich-text__text\">Eric MEYER\u00a0: Pr\u00e9sident (Maire d&#8217;Abb\u00e9ville la Rivi\u00e8re)<br \/>\n<\/span><\/span><span class=\"wixui-rich-text__text\"><span class=\"color_9 wixui-rich-text__text\">Yvon BOUKAYA\u00a0: Vice-pr\u00e9sident (Maire de Fontaine la Rivi\u00e8re)<br \/>\n<\/span><\/span><span class=\"wixui-rich-text__text\">Christelle DELOISON\u00a0: Vice-Pr\u00e9sidente \u2013 Maire de Saint Cyr la rivi\u00e8re<br \/>\n<\/span><span class=\"wixui-rich-text__text\">Linda HALLIDAY\u00a0: Vice-Pr\u00e9sidente &#8211; Adjointe \u00e0 la Mairie d&#8217;Arrancourt<br \/>\n<\/span><span class=\"wixui-rich-text__text\">Johanne LEIGNADIER\u00a0: Vice-Pr\u00e9sidente &#8211; Adjointe \u00e0 la Mairie de Boissy la rivi\u00e8re<\/span><\/p>\n<p class=\"font_8 wixui-rich-text__text\"><span class=\"wixui-rich-text__text\"><span class=\"color_9 wixui-rich-text__text\">Catherine FAYET\u00a0: Secr\u00e9tariat<\/span><\/span><\/p>\n<\/div>\n<\/div>\n<\/div>\n<div class=\"tab-content-wrapper tab-content-hide\">\n<div id=\"wc-shortcodes-tab-ass-maternelle\" class=\"tab-content wc-shortcodes-content\">\n<hr class=\"wc-shortcodes-divider wc-shortcodes-item wc-shortcodes-divider-line-single wc-shortcodes-divider-style-solid \"  \/>\n<\/div>\n<\/div>\n<\/div>\n","protected":false},"excerpt":{"rendered":"<p>Acc. de loisirs P\u00e9riscolaire Ecoles Ass. Maternelle La liste des accueils de loisirs, pour accueillir vos enfants de 3 ans \u00e0 12 ans. Etampes 3 sites pour les enfants d\u2019\u00e2ge [&hellip;]<\/p>\n","protected":false},"author":2,"featured_media":0,"parent":16,"menu_order":0,"comment_status":"closed","ping_status":"closed","template":"","meta":{"site-sidebar-layout":"default","site-content-layout":"","ast-site-content-layout":"","site-content-style":"default","site-sidebar-style":"default","ast-global-header-display":"","ast-banner-title-visibility":"","ast-main-header-display":"","ast-hfb-above-header-display":"","ast-hfb-below-header-display":"","ast-hfb-mobile-header-display":"","site-post-title":"","ast-breadcrumbs-content":"","ast-featured-img":"","footer-sml-layout":"","theme-transparent-header-meta":"","adv-header-id-meta":"","stick-header-meta":"","header-above-stick-meta":"","header-main-stick-meta":"","header-below-stick-meta":"","astra-migrate-meta-layouts":"default","ast-page-background-enabled":"default","ast-page-background-meta":{"desktop":{"background-color":"var(--ast-global-color-4)","background-image":"","background-repeat":"repeat","background-position":"center center","background-size":"auto","background-attachment":"scroll","background-type":"","background-media":"","overlay-type":"","overlay-color":"","overlay-opacity":"","overlay-gradient":""},"tablet":{"background-color":"","background-image":"","background-repeat":"repeat","background-position":"center center","background-size":"auto","background-attachment":"scroll","background-type":"","background-media":"","overlay-type":"","overlay-color":"","overlay-opacity":"","overlay-gradient":""},"mobile":{"background-color":"","background-image":"","background-repeat":"repeat","background-position":"center center","background-size":"auto","background-attachment":"scroll","background-type":"","background-media":"","overlay-type":"","overlay-color":"","overlay-opacity":"","overlay-gradient":""}},"ast-content-background-meta":{"desktop":{"background-color":"var(--ast-global-color-5)","background-image":"","background-repeat":"repeat","background-position":"center center","background-size":"auto","background-attachment":"scroll","background-type":"","background-media":"","overlay-type":"","overlay-color":"","overlay-opacity":"","overlay-gradient":""},"tablet":{"background-color":"var(--ast-global-color-5)","background-image":"","background-repeat":"repeat","background-position":"center center","background-size":"auto","background-attachment":"scroll","background-type":"","background-media":"","overlay-type":"","overlay-color":"","overlay-opacity":"","overlay-gradient":""},"mobile":{"background-color":"var(--ast-global-color-5)","background-image":"","background-repeat":"repeat","background-position":"center center","background-size":"auto","background-attachment":"scroll","background-type":"","background-media":"","overlay-type":"","overlay-color":"","overlay-opacity":"","overlay-gradient":""}},"_EventAllDay":false,"_EventTimezone":"","_EventStartDate":"","_EventEndDate":"","_EventStartDateUTC":"","_EventEndDateUTC":"","_EventShowMap":false,"_EventShowMapLink":false,"_EventURL":"","_EventCost":"","_EventCostDescription":"","_EventCurrencySymbol":"","_EventCurrencyCode":"","_EventCurrencyPosition":"","_EventDateTimeSeparator":"","_EventTimeRangeSeparator":"","_EventOrganizerID":[],"_EventVenueID":[],"_OrganizerEmail":"","_OrganizerPhone":"","_OrganizerWebsite":"","_VenueAddress":"","_VenueCity":"","_VenueCountry":"","_VenueProvince":"","_VenueState":"","_VenueZip":"","_VenuePhone":"","_VenueURL":"","_VenueStateProvince":"","_VenueLat":"","_VenueLng":"","_VenueShowMap":false,"_VenueShowMapLink":false,"footnotes":""},"class_list":["post-64","page","type-page","status-publish","hentry"],"_links":{"self":[{"href":"https:\/\/www.abbevillelariviere.fr\/index.php?rest_route=\/wp\/v2\/pages\/64"}],"collection":[{"href":"https:\/\/www.abbevillelariviere.fr\/index.php?rest_route=\/wp\/v2\/pages"}],"about":[{"href":"https:\/\/www.abbevillelariviere.fr\/index.php?rest_route=\/wp\/v2\/types\/page"}],"author":[{"embeddable":true,"href":"https:\/\/www.abbevillelariviere.fr\/index.php?rest_route=\/wp\/v2\/users\/2"}],"replies":[{"embeddable":true,"href":"https:\/\/www.abbevillelariviere.fr\/index.php?rest_route=%2Fwp%2Fv2%2Fcomments&post=64"}],"version-history":[{"count":41,"href":"https:\/\/www.abbevillelariviere.fr\/index.php?rest_route=\/wp\/v2\/pages\/64\/revisions"}],"predecessor-version":[{"id":2860,"href":"https:\/\/www.abbevillelariviere.fr\/index.php?rest_route=\/wp\/v2\/pages\/64\/revisions\/2860"}],"up":[{"embeddable":true,"href":"https:\/\/www.abbevillelariviere.fr\/index.php?rest_route=\/wp\/v2\/pages\/16"}],"wp:attachment":[{"href":"https:\/\/www.abbevillelariviere.fr\/index.php?rest_route=%2Fwp%2Fv2%2Fmedia&parent=64"}],"curies":[{"name":"wp","href":"https:\/\/api.w.org\/{rel}","templated":true}]}}